{"id":21542,"date":"2020-04-14T19:56:05","date_gmt":"2020-04-14T19:56:05","guid":{"rendered":"https:\/\/saronti.com\/contact-2\/"},"modified":"2025-09-09T13:17:51","modified_gmt":"2025-09-09T13:17:51","slug":"contact","status":"publish","type":"page","link":"https:\/\/saronti.com\/fr\/contact\/","title":{"rendered":"contact"},"content":{"rendered":"\n\n\t<div class=\"container section-title-container\" ><h1 class=\"section-title section-title-normal\"><b><\/b><span class=\"section-title-main\" >Nous contacter<\/span><b><\/b><\/h1><\/div>\n<strong>Email<\/strong>\u00a0<a href=\"mailto:customerservice@saronti.com\">help@saronti.com<\/a><br \/>\n<strong>Tel<\/strong> <a href=\"tel:0033674887715\">+33 06 74 88 77 15<\/a><br \/>\n<a href=\"https:\/\/wa.me\/447974730308\/?text=Bonjour%20Saronti,\" rel=\"nofollow noopener\" target=\"_blank\"><strong>WhatsApp<\/strong><\/a><br \/>\n<strong><a href=\"http:\/\/m.me\/SarontiGiggles\" rel=\"nofollow\">Messenger<\/a><br \/>\n<\/strong>ou contactez-nous en utilisant la bo\u00eete de chat en bas de chaque page\n<h2>Partenaire de Saronti<\/h2>\n<p>Saronti est une petite entreprise avec de grandes valeurs, bas\u00e9e au Royaume-Uni et dirig\u00e9e par des mamans. Nous utilisons des fournisseurs locaux qui respectent l&rsquo;environnement et nous avons mis en place un programme de collecte de fonds pour aider les associations caritatives et les \u00e9coles \u00e0 collecter des fonds. La plupart de nos livres et imprim\u00e9s sont adapt\u00e9s aux besoins sp\u00e9ciaux et aux personnes \u00e2g\u00e9es. Nous offrons des opportunit\u00e9s aux parents\/grands-parents et \u00e0 tous ceux qui recherchent un travail autour de la vie de famille.<\/p>\n<p>Si vous \u00eates int\u00e9ress\u00e9 \u00e0 travailler avec nous, devenir partenaire ou \u00e0 devenir un affili\u00e9, n&rsquo;h\u00e9sitez pas \u00e0 nous contacter \u00e0 help@saronti.com<\/p>\n\n","protected":false},"excerpt":{"rendered":"<p>Email\u00a0help@saronti.com Tel +33 06 74 88 77 15 WhatsApp Messenger ou contactez-nous en utilisant la bo\u00eete de chat en bas de chaque page Partenaire de Saronti Saronti est une petite entreprise avec de grandes valeurs, bas\u00e9e au Royaume-Uni et dirig\u00e9e par des mamans. Nous utilisons des fournisseurs locaux qui respectent l&rsquo;environnement et nous avons mis [&#8230;]\n","protected":false},"author":2,"featured_media":0,"parent":0,"menu_order":0,"comment_status":"closed","ping_status":"closed","template":"","meta":{"footnotes":""},"class_list":["post-21542","page","type-page","status-publish","hentry"],"_links":{"self":[{"href":"https:\/\/saronti.com\/fr\/wp-json\/wp\/v2\/pages\/21542","targetHints":{"allow":["GET"]}}],"collection":[{"href":"https:\/\/saronti.com\/fr\/wp-json\/wp\/v2\/pages"}],"about":[{"href":"https:\/\/saronti.com\/fr\/wp-json\/wp\/v2\/types\/page"}],"author":[{"embeddable":true,"href":"https:\/\/saronti.com\/fr\/wp-json\/wp\/v2\/users\/2"}],"replies":[{"embeddable":true,"href":"https:\/\/saronti.com\/fr\/wp-json\/wp\/v2\/comments?post=21542"}],"version-history":[{"count":5,"href":"https:\/\/saronti.com\/fr\/wp-json\/wp\/v2\/pages\/21542\/revisions"}],"predecessor-version":[{"id":67365,"href":"https:\/\/saronti.com\/fr\/wp-json\/wp\/v2\/pages\/21542\/revisions\/67365"}],"wp:attachment":[{"href":"https:\/\/saronti.com\/fr\/wp-json\/wp\/v2\/media?parent=21542"}],"curies":[{"name":"wp","href":"https:\/\/api.w.org\/{rel}","templated":true}]}}