{"id":21548,"date":"2020-04-14T19:56:09","date_gmt":"2020-04-14T19:56:09","guid":{"rendered":"https:\/\/saronti.com\/activite-en-ligne-gratuite-pour-les-enfants-faites-votre-propre-livre-de-famille\/"},"modified":"2020-05-12T00:37:26","modified_gmt":"2020-05-12T00:37:26","slug":"activite-en-ligne-gratuite-pour-les-enfants-faites-votre-propre-livre-de-famille","status":"publish","type":"page","link":"https:\/\/saronti.com\/fr\/activite-en-ligne-gratuite-pour-les-enfants-faites-votre-propre-livre-de-famille\/","title":{"rendered":"Activit\u00e9 en ligne gratuite pour les enfants &#8211; Cr\u00e9ez votre livre de famille personnalis\u00e9"},"content":{"rendered":"\t<div class=\"img has-hover x md-x lg-x y md-y lg-y\" id=\"image_540811471\">\n\t\t\t\t\t\t\t\t<div class=\"img-inner dark\" >\n\t\t\t<img loading=\"lazy\" decoding=\"async\" width=\"1020\" height=\"332\" src=\"https:\/\/saronti.com\/wp-content\/uploads\/2020\/03\/Saronti_free-online-activity-family-book-2.gif\" class=\"attachment-large size-large\" alt=\"Free online activity for kids, make your own family book\" \/>\t\t\t\t\t\t\n\t\t\t\t\t<\/div>\n\t\t\t\t\t\t\t\t\n<style>\n#image_540811471 {\n  width: 100%;\n}\n<\/style>\n\t<\/div>\n\t\n","protected":false},"excerpt":{"rendered":"","protected":false},"author":2,"featured_media":0,"parent":0,"menu_order":0,"comment_status":"closed","ping_status":"closed","template":"","meta":{"footnotes":""},"class_list":["post-21548","page","type-page","status-publish","hentry"],"_links":{"self":[{"href":"https:\/\/saronti.com\/fr\/wp-json\/wp\/v2\/pages\/21548","targetHints":{"allow":["GET"]}}],"collection":[{"href":"https:\/\/saronti.com\/fr\/wp-json\/wp\/v2\/pages"}],"about":[{"href":"https:\/\/saronti.com\/fr\/wp-json\/wp\/v2\/types\/page"}],"author":[{"embeddable":true,"href":"https:\/\/saronti.com\/fr\/wp-json\/wp\/v2\/users\/2"}],"replies":[{"embeddable":true,"href":"https:\/\/saronti.com\/fr\/wp-json\/wp\/v2\/comments?post=21548"}],"version-history":[{"count":0,"href":"https:\/\/saronti.com\/fr\/wp-json\/wp\/v2\/pages\/21548\/revisions"}],"wp:attachment":[{"href":"https:\/\/saronti.com\/fr\/wp-json\/wp\/v2\/media?parent=21548"}],"curies":[{"name":"wp","href":"https:\/\/api.w.org\/{rel}","templated":true}]}}