{"id":21550,"date":"2020-04-14T19:56:09","date_gmt":"2020-04-14T19:56:09","guid":{"rendered":"https:\/\/saronti.com\/inscrivez-vous-a-gigglemail\/"},"modified":"2020-04-14T19:56:09","modified_gmt":"2020-04-14T19:56:09","slug":"inscrivez-vous-a-gigglemail","status":"publish","type":"page","link":"https:\/\/saronti.com\/fr\/inscrivez-vous-a-gigglemail\/","title":{"rendered":"Inscrivez-vous \u00e0 GiggleMail"},"content":{"rendered":"<p>Inscrivez-vous \u00e0 notre Gigglemail et recevez 10% de rabais sur votre prochaine commande. Ne manquez pas l\u2019exp\u00e9rience Saronti- Giggles Garanti!<\/p>\n\t<div id=\"gap-1008633936\" class=\"gap-element clearfix\" style=\"display:block; height:auto;\">\n\t\t\n<style>\n#gap-1008633936 {\n  padding-top: 30px;\n}\n<\/style>\n\t<\/div>\n\t\n<p><!-- Begin Mailchimp Signup Form --><\/p>\n<style type=\"text\/css\">\n#mc_embed_signup{background:#fff; clear:left; font:14px Helvetica,Arial,sans-serif; }<br \/>\/* Add your own Mailchimp form style overrides in your site stylesheet or in this style block.<br \/>We recommend moving this block and the preceding CSS link to the HEAD of your HTML file. *\/<br \/><\/style>\n<div id=\"mc_embed_signup\">\n<form id=\"mc-embedded-subscribe-form\" class=\"validate\" action=\"https:\/\/saronti.us6.list-manage.com\/subscribe\/post?u=b9697d4216d2b0f051972ef45&amp;id=967cd06a11\" method=\"post\" name=\"mc-embedded-subscribe-form\" novalidate=\"\" target=\"_blank\">\n<div id=\"mc_embed_signup_scroll\">\n<div class=\"mc-field-group\"><label for=\"mce-EMAIL\"><span class=\"asterisk\">Adresse<\/span> e-mail<\/label><br \/>\n<input id=\"mce-EMAIL\" class=\"required email\" name=\"EMAIL\" type=\"email\" value=\"\"\/><\/div>\n<div class=\"mc-field-group\"><label for=\"mce-FNAME\"><br \/>\nPr\u00e9nom <span class=\"asterisk\">(pr\u00e9nom)<\/span><\/label><br \/>\n<input id=\"mce-FNAME\" class=\"required\" name=\"FNAME\" type=\"text\" value=\"\"\/><\/div>\n<div id=\"mce-responses\" class=\"clear\">\n<div id=\"mce-error-response\" class=\"response\" style=\"display: none;\"><\/div>\n<div id=\"mce-success-response\" class=\"response\" style=\"display: none;\"><\/div>\n<\/div>\n<p><!-- real people should not fill this in and expect good things - do not remove this or risk form bot signups--><\/p>\n<div style=\"position: absolute; left: -5000px;\" aria-hidden=\"true\"><input tabindex=\"-1\" name=\"b_b9697d4216d2b0f051972ef45_967cd06a11\" type=\"text\" value=\"\"\/><\/div>\n<div class=\"clear\"><input id=\"mc-embedded-subscribe\" class=\"button\" name=\"subscribe\" type=\"submit\" value=\"Subscribe\"\/><\/div>\n<\/div>\n<\/form>\n<\/div>\n<p><!--End mc_embed_signup--><\/p>\n","protected":false},"excerpt":{"rendered":"<p>Inscrivez-vous \u00e0 notre Gigglemail et recevez 10% de rabais sur votre prochaine commande. Ne manquez pas l\u2019exp\u00e9rience Saronti- Giggles Garanti! Adresse e-mail Pr\u00e9nom (pr\u00e9nom)<\/p>\n","protected":false},"author":2,"featured_media":0,"parent":0,"menu_order":0,"comment_status":"closed","ping_status":"closed","template":"","meta":{"footnotes":""},"class_list":["post-21550","page","type-page","status-publish","hentry"],"_links":{"self":[{"href":"https:\/\/saronti.com\/fr\/wp-json\/wp\/v2\/pages\/21550","targetHints":{"allow":["GET"]}}],"collection":[{"href":"https:\/\/saronti.com\/fr\/wp-json\/wp\/v2\/pages"}],"about":[{"href":"https:\/\/saronti.com\/fr\/wp-json\/wp\/v2\/types\/page"}],"author":[{"embeddable":true,"href":"https:\/\/saronti.com\/fr\/wp-json\/wp\/v2\/users\/2"}],"replies":[{"embeddable":true,"href":"https:\/\/saronti.com\/fr\/wp-json\/wp\/v2\/comments?post=21550"}],"version-history":[{"count":0,"href":"https:\/\/saronti.com\/fr\/wp-json\/wp\/v2\/pages\/21550\/revisions"}],"wp:attachment":[{"href":"https:\/\/saronti.com\/fr\/wp-json\/wp\/v2\/media?parent=21550"}],"curies":[{"name":"wp","href":"https:\/\/api.w.org\/{rel}","templated":true}]}}