{"id":21559,"date":"2020-04-14T19:56:17","date_gmt":"2020-04-14T19:56:17","guid":{"rendered":"https:\/\/saronti.com\/creez-votre-propre-jeu-de-cartes-personnalise\/"},"modified":"2020-05-12T00:41:50","modified_gmt":"2020-05-12T00:41:50","slug":"creez-votre-jeu-de-cartes-personnalise","status":"publish","type":"page","link":"https:\/\/saronti.com\/fr\/creez-votre-jeu-de-cartes-personnalise\/","title":{"rendered":"Cr\u00e9ez votre jeu de cartes personnalis\u00e9"},"content":{"rendered":"<div class=\"row\"  id=\"row-709532335\">\n\n\t<div id=\"col-321960225\" class=\"col small-12 large-12\"  >\n\t\t\t\t<div class=\"col-inner\"  >\n\t\t\t\n\t\t\t\n<h2>Create Your Own Card Game<\/h2>\n\t\t<\/div>\n\t\t\t\t\n<style>\n#col-321960225 > .col-inner {\n  margin: 0px 0px -30px 0px;\n}\n<\/style>\n\t<\/div>\n\n\t\n\n\t<div id=\"col-1718023859\" class=\"col medium-6 small-12 large-6\"  >\n\t\t\t\t<div class=\"col-inner\"  >\n\t\t\t\n\t\t\t\n<div style=\"width: 1020px;\" class=\"wp-video\"><!--[if lt IE 9]><script>document.createElement('video');<\/script><![endif]-->\n<video class=\"wp-video-shortcode\" id=\"video-21559-1\" width=\"1020\" height=\"574\" preload=\"metadata\" controls=\"controls\"><source type=\"video\/mp4\" src=\"https:\/\/saronti.com\/wp-content\/uploads\/2020\/03\/How-to-create-your-own-personalised-card-game-and-download-it-for-free.mp4?_=1\" \/><a href=\"https:\/\/saronti.com\/wp-content\/uploads\/2020\/03\/How-to-create-your-own-personalised-card-game-and-download-it-for-free.mp4\">https:\/\/saronti.com\/wp-content\/uploads\/2020\/03\/How-to-create-your-own-personalised-card-game-and-download-it-for-free.mp4<\/a><\/video><\/div>\n\t\t<\/div>\n\t\t\t\t\t<\/div>\n\n\t\n\n\t<div id=\"col-1580105056\" class=\"col medium-6 small-12 large-6\"  >\n\t\t\t\t<div class=\"col-inner\"  >\n\t\t\t\n\t\t\t\n<p>It&rsquo;s fun to create your own personalised card game with Saronti. Choose a game below, then <strong>add faces and names of family members, friends and even pets! Save it, download it, print it, share it, play with it.<\/strong> Why not make a game of Guess Who I Am and share it with a friend so they too can print it and play with you on a video call? Giggles guaranteed!<\/p>\n<div class=\"row show-for-small\"  id=\"row-1573243574\">\n\n\t<div id=\"col-1537124402\" class=\"col small-12 large-12\"  >\n\t\t\t\t<div class=\"col-inner\"  >\n\t\t\t\n\t\t\t\n<p><span style=\"color: #ed1c24;font-size: 100%\"><strong>We\u2019re working on an app, but for now you need a computer to create your card game online. If you don&rsquo;t have access to a computer, we can help. <span style=\"color: #63c2a7\"><a style=\"color: #63c2a7\" href=\"mailto:help@saronti.com\" target=\"_blank\" rel=\"noopener noreferrer\">Email<\/a><\/span> or <span style=\"color: #63c2a7\"><a style=\"color: #63c2a7\" href=\"https:\/\/wa.me\/447957327322\/?text=Hi%20Saronti,\" target=\"_blank\" rel=\"noopener noreferrer nofollow\">WhatsApp<\/a><\/span> us.<\/strong><\/span><\/p>\n\t\t<\/div>\n\t\t\t\t\n<style>\n#col-1537124402 > .col-inner {\n  margin: 0px 0px -30px 0px;\n}\n<\/style>\n\t<\/div>\n\n\t\n<\/div>\n\t\t<\/div>\n\t\t\t\t\n<style>\n#col-1580105056 > .col-inner {\n  margin: 0px 0px -22px 0px;\n}\n<\/style>\n\t<\/div>\n\n\t\n<\/div>\n<div class=\"row\"  id=\"row-1457712290\">\n\n\t<div id=\"col-1840824098\" class=\"col medium-4 small-12 large-4\"  >\n\t\t\t\t<div class=\"col-inner text-center\"  >\n\t\t\t\n\t\t\t\n<a href=\"https:\/\/saronti.com\/create-your-own-guess-who-i-am-card-game\/\" target=\"_self\" class=\"button primary\">\n    <span>Cr\u00e9er mon propre: devinez qui<\/span>\n  <\/a>\n\n\t<div class=\"img has-hover x md-x lg-x y md-y lg-y\" id=\"image_109877405\">\n\t\t<a class=\"\" href=\"https:\/\/saronti.com\/create-your-own-guess-who-i-am-card-game\/\">\t\t\t\t\t\t<div class=\"img-inner dark\" style=\"margin:0px 0px -6px 0px;\">\n\t\t\t<img loading=\"lazy\" decoding=\"async\" width=\"800\" height=\"800\" src=\"https:\/\/saronti.com\/wp-content\/uploads\/2020\/02\/GUESS-WHO-I-AM_Storybook-Stars-family-personalised-playing-card-game-1-800x800.jpg\" class=\"attachment-large size-large\" alt=\"storybook stars guess who i am card game\" srcset=\"https:\/\/saronti.com\/wp-content\/uploads\/2020\/02\/GUESS-WHO-I-AM_Storybook-Stars-family-personalised-playing-card-game-1-800x800.jpg 800w, https:\/\/saronti.com\/wp-content\/uploads\/2020\/02\/GUESS-WHO-I-AM_Storybook-Stars-family-personalised-playing-card-game-1-510x510.jpg 510w, https:\/\/saronti.com\/wp-content\/uploads\/2020\/02\/GUESS-WHO-I-AM_Storybook-Stars-family-personalised-playing-card-game-1-100x100.jpg 100w, https:\/\/saronti.com\/wp-content\/uploads\/2020\/02\/GUESS-WHO-I-AM_Storybook-Stars-family-personalised-playing-card-game-1-400x400.jpg 400w, https:\/\/saronti.com\/wp-content\/uploads\/2020\/02\/GUESS-WHO-I-AM_Storybook-Stars-family-personalised-playing-card-game-1-280x280.jpg 280w, https:\/\/saronti.com\/wp-content\/uploads\/2020\/02\/GUESS-WHO-I-AM_Storybook-Stars-family-personalised-playing-card-game-1-768x768.jpg 768w, https:\/\/saronti.com\/wp-content\/uploads\/2020\/02\/GUESS-WHO-I-AM_Storybook-Stars-family-personalised-playing-card-game-1.jpg 1080w\" sizes=\"auto, (max-width: 800px) 100vw, 800px\" \/>\t\t\t\t\t\t\n\t\t\t\t\t<\/div>\n\t\t\t\t\t\t<\/a>\t\t\n<style>\n#image_109877405 {\n  width: 100%;\n}\n<\/style>\n\t<\/div>\n\t\n<a href=\"https:\/\/saronti.com\/create-your-own-guess-who-i-am-card-game\/\" target=\"_self\" class=\"button primary\">\n    <span>Cr\u00e9er le mien: GUESS WHO I AM<\/span>\n  <\/a>\n\n\t\t<\/div>\n\t\t\t\t\t<\/div>\n\n\t\n\n\t<div id=\"col-1886942217\" class=\"col medium-4 small-12 large-4\"  >\n\t\t\t\t<div class=\"col-inner text-center\"  >\n\t\t\t\n\t\t\t\n<a href=\"https:\/\/saronti.com\/create-your-own-snap-card-game\/\" target=\"_self\" class=\"button primary\">\n    <span>cr\u00e9er mon propre: SNAP<\/span>\n  <\/a>\n\n\t<div class=\"img has-hover x md-x lg-x y md-y lg-y\" id=\"image_1028396729\">\n\t\t<a class=\"\" href=\"https:\/\/saronti.com\/create-your-own-snap-card-game\/\">\t\t\t\t\t\t<div class=\"img-inner dark\" style=\"margin:0px 0px -6px 0px;\">\n\t\t\t<img loading=\"lazy\" decoding=\"async\" width=\"800\" height=\"800\" src=\"https:\/\/saronti.com\/wp-content\/uploads\/2019\/05\/SNAP_sporting-Family-personalised-playing-cards-800x800.jpg\" class=\"attachment-large size-large\" alt=\"Snap Sporting Family\" srcset=\"https:\/\/saronti.com\/wp-content\/uploads\/2019\/05\/SNAP_sporting-Family-personalised-playing-cards-800x800.jpg 800w, https:\/\/saronti.com\/wp-content\/uploads\/2019\/05\/SNAP_sporting-Family-personalised-playing-cards-510x510.jpg 510w, https:\/\/saronti.com\/wp-content\/uploads\/2019\/05\/SNAP_sporting-Family-personalised-playing-cards-100x100.jpg 100w, https:\/\/saronti.com\/wp-content\/uploads\/2019\/05\/SNAP_sporting-Family-personalised-playing-cards-280x280.jpg 280w, https:\/\/saronti.com\/wp-content\/uploads\/2019\/05\/SNAP_sporting-Family-personalised-playing-cards-400x400.jpg 400w, https:\/\/saronti.com\/wp-content\/uploads\/2019\/05\/SNAP_sporting-Family-personalised-playing-cards-768x768.jpg 768w, https:\/\/saronti.com\/wp-content\/uploads\/2019\/05\/SNAP_sporting-Family-personalised-playing-cards.jpg 1080w\" sizes=\"auto, (max-width: 800px) 100vw, 800px\" \/>\t\t\t\t\t\t\n\t\t\t\t\t<\/div>\n\t\t\t\t\t\t<\/a>\t\t\n<style>\n#image_1028396729 {\n  width: 100%;\n}\n<\/style>\n\t<\/div>\n\t\n<a href=\"https:\/\/saronti.com\/create-your-own-snap-card-game\/\" target=\"_self\" class=\"button primary\">\n    <span>cr\u00e9er mon propre: SNAP<\/span>\n  <\/a>\n\n\t\t<\/div>\n\t\t\t\t\t<\/div>\n\n\t\n\n\t<div id=\"col-1454080179\" class=\"col medium-4 small-12 large-4\"  >\n\t\t\t\t<div class=\"col-inner text-center\"  >\n\t\t\t\n\t\t\t\n<a href=\"https:\/\/saronti.com\/create-your-own-memory-card-game\/\" target=\"_self\" class=\"button primary\">\n    <span>cr\u00e9er mon propre: MEMORY<\/span>\n  <\/a>\n\n\t<div class=\"img has-hover x md-x lg-x y md-y lg-y\" id=\"image_1935274762\">\n\t\t<a class=\"\" href=\"https:\/\/saronti.com\/create-your-own-memory-card-game\/\">\t\t\t\t\t\t<div class=\"img-inner dark\" style=\"margin:0px 0px -6px 0px;\">\n\t\t\t<img loading=\"lazy\" decoding=\"async\" width=\"800\" height=\"800\" src=\"https:\/\/saronti.com\/wp-content\/uploads\/2019\/05\/MEMORY_Action-family-personalised-playing-cards-800x800.jpg\" class=\"attachment-large size-large\" alt=\"memory Card game Action family\" srcset=\"https:\/\/saronti.com\/wp-content\/uploads\/2019\/05\/MEMORY_Action-family-personalised-playing-cards-800x800.jpg 800w, https:\/\/saronti.com\/wp-content\/uploads\/2019\/05\/MEMORY_Action-family-personalised-playing-cards-510x510.jpg 510w, https:\/\/saronti.com\/wp-content\/uploads\/2019\/05\/MEMORY_Action-family-personalised-playing-cards-100x100.jpg 100w, https:\/\/saronti.com\/wp-content\/uploads\/2019\/05\/MEMORY_Action-family-personalised-playing-cards-280x280.jpg 280w, https:\/\/saronti.com\/wp-content\/uploads\/2019\/05\/MEMORY_Action-family-personalised-playing-cards-400x400.jpg 400w, https:\/\/saronti.com\/wp-content\/uploads\/2019\/05\/MEMORY_Action-family-personalised-playing-cards-768x768.jpg 768w, https:\/\/saronti.com\/wp-content\/uploads\/2019\/05\/MEMORY_Action-family-personalised-playing-cards.jpg 1080w\" sizes=\"auto, (max-width: 800px) 100vw, 800px\" \/>\t\t\t\t\t\t\n\t\t\t\t\t<\/div>\n\t\t\t\t\t\t<\/a>\t\t\n<style>\n#image_1935274762 {\n  width: 100%;\n}\n<\/style>\n\t<\/div>\n\t\n<a href=\"https:\/\/saronti.com\/create-your-own-memory-card-game\/\" target=\"_self\" class=\"button primary\">\n    <span>cr\u00e9er mon propre: MEMORY<\/span>\n  <\/a>\n\n\t\t<\/div>\n\t\t\t\t\t<\/div>\n\n\t\n<\/div>\n<div class=\"row row-collapse\"  id=\"row-364276688\">\n\n\t<div id=\"col-1442753278\" class=\"col small-12 large-12\"  >\n\t\t\t\t<div class=\"col-inner\"  >\n\t\t\t\n\t\t\t\n<h3>HELP &amp; TIPS<\/h3>\n\t\t<\/div>\n\t\t\t\t\n<style>\n#col-1442753278 > .col-inner {\n  margin: 0px 0px -2px 0px;\n}\n<\/style>\n\t<\/div>\n\n\t\n\n\t<div id=\"col-1035600922\" class=\"col medium-6 small-12 large-6\"  >\n\t\t\t\t<div class=\"col-inner\"  >\n\t\t\t\n\t\t\t\n<h4>How to cut out heads from your digital photos<\/h4>\n<div style=\"width: 1020px;\" class=\"wp-video\"><video class=\"wp-video-shortcode\" id=\"video-21559-2\" width=\"1020\" height=\"574\" preload=\"metadata\" controls=\"controls\"><source type=\"video\/mp4\" src=\"https:\/\/saronti.com\/wp-content\/uploads\/2020\/03\/How-to-add-and-cut-out-heads-from-your-digital-photos.mp4?_=2\" \/><a href=\"https:\/\/saronti.com\/wp-content\/uploads\/2020\/03\/How-to-add-and-cut-out-heads-from-your-digital-photos.mp4\">https:\/\/saronti.com\/wp-content\/uploads\/2020\/03\/How-to-add-and-cut-out-heads-from-your-digital-photos.mp4<\/a><\/video><\/div>\n\t\t<\/div>\n\t\t\t\t\t<\/div>\n\n\t\n\n\t<div id=\"col-466336599\" class=\"col medium-6 small-12 large-6\"  >\n\t\t\t\t<div class=\"col-inner\"  >\n\t\t\t\n\t\t\t\n<h4>How to print several cards on one sheet of A4 paper<\/h4>\n<div style=\"width: 848px;\" class=\"wp-video\"><video class=\"wp-video-shortcode\" id=\"video-21559-3\" width=\"848\" height=\"480\" preload=\"metadata\" controls=\"controls\"><source type=\"video\/mp4\" src=\"https:\/\/saronti.com\/wp-content\/uploads\/2020\/03\/How-to-print-several-cards-on-an-A4.mp4?_=3\" \/><a href=\"https:\/\/saronti.com\/wp-content\/uploads\/2020\/03\/How-to-print-several-cards-on-an-A4.mp4\">https:\/\/saronti.com\/wp-content\/uploads\/2020\/03\/How-to-print-several-cards-on-an-A4.mp4<\/a><\/video><\/div>\n\t\t<\/div>\n\t\t\t\t\t<\/div>\n\n\t\n\n\t<div id=\"col-1600195650\" class=\"col small-12 large-12\"  >\n\t\t\t\t<div class=\"col-inner\"  >\n\t\t\t\n\t\t\t\n<div class=\"accordion\">\n\t<div id=\"accordion-1377277355\" class=\"accordion-item\">\n\t\t<a id=\"accordion-1377277355-label\" class=\"accordion-title plain active\" href=\"#accordion-item-puis-je_acheter_un_jeu_de_cartes_saronti_?\" aria-expanded=\"true\" aria-controls=\"accordion-1377277355-content\" >\n\t\t\t<button class=\"toggle\" aria-label=\"Toggle\"><i class=\"icon-angle-down\"><\/i><\/button>\n\t\t\t<span>Puis-je acheter un jeu de cartes Saronti ?<\/span>\n\t\t<\/a>\n\t\t<div id=\"accordion-1377277355-content\" class=\"accordion-inner\" style=\"display: block;\" aria-labelledby=\"accordion-1377277355-label\" >\n\t\t\t\n<p>Pour aider les familles avec le verrouillage, nous avons chang\u00e9 Saronti pour offrir des activit\u00e9s gratuites pour enfants en ligne et des id\u00e9es d\u2019artisanat. Nous r\u00e9introduira des articles Premium Design lorsque les choses seront de retour \u00e0 la normale. Vous serez alors en mesure d\u2019acheter le jeu de cartes personnalis\u00e9 que vous avez cr\u00e9\u00e9 ou il suffit d\u2019envoyer des photos pour nous de faire le jeu pour vous et acheter comme un cadeau \ud83d\ude42<\/p>\n<p>Si vous ne pouvez pas attendre, nous pouvons encore \u00eatre en mesure d\u2019aider. N\u2019h\u00e9sitez pas \u00e0 nous contacter en utilisant la bo\u00eete de chat \u00ab\u00a0Need Help\u00a0\u00bb au bas de chaque page, <a href=\"https:\/\/wa.me\/447957327322\/?text=Hi%20Saronti,\" rel=\"nofollow noopener\" target=\"_blank\">WhatsApp <\/a>ou <b>e-mail<\/b> <a href=\"mailto:customerservice@saronti.com\">help@saronti.com<\/a><\/p>\n\t\t<\/div>\n\t<\/div>\n\t\n<\/div>\n\t\t<\/div>\n\t\t\t\t\n<style>\n#col-1600195650 > .col-inner {\n  margin: 0px 0px -41px 0px;\n}\n<\/style>\n\t<\/div>\n\n\t\n\n<style>\n#row-364276688 > .col > .col-inner {\n  padding: 0px 10px 10px 10px;\n  background-color: rgb(249, 241, 176);\n}\n<\/style>\n<\/div>\n","protected":false},"excerpt":{"rendered":"","protected":false},"author":2,"featured_media":0,"parent":0,"menu_order":0,"comment_status":"closed","ping_status":"closed","template":"","meta":{"footnotes":""},"class_list":["post-21559","page","type-page","status-publish","hentry"],"_links":{"self":[{"href":"https:\/\/saronti.com\/fr\/wp-json\/wp\/v2\/pages\/21559","targetHints":{"allow":["GET"]}}],"collection":[{"href":"https:\/\/saronti.com\/fr\/wp-json\/wp\/v2\/pages"}],"about":[{"href":"https:\/\/saronti.com\/fr\/wp-json\/wp\/v2\/types\/page"}],"author":[{"embeddable":true,"href":"https:\/\/saronti.com\/fr\/wp-json\/wp\/v2\/users\/2"}],"replies":[{"embeddable":true,"href":"https:\/\/saronti.com\/fr\/wp-json\/wp\/v2\/comments?post=21559"}],"version-history":[{"count":0,"href":"https:\/\/saronti.com\/fr\/wp-json\/wp\/v2\/pages\/21559\/revisions"}],"wp:attachment":[{"href":"https:\/\/saronti.com\/fr\/wp-json\/wp\/v2\/media?parent=21559"}],"curies":[{"name":"wp","href":"https:\/\/api.w.org\/{rel}","templated":true}]}}