{"id":21563,"date":"2020-04-14T19:56:21","date_gmt":"2020-04-14T19:56:21","guid":{"rendered":"https:\/\/saronti.com\/creez-votre-propre-jeu-de-cartes-guess-who-i-am\/"},"modified":"2020-05-12T00:39:19","modified_gmt":"2020-05-12T00:39:19","slug":"creez-votre-jeu-de-cartes-personnalise-qui-suis-je","status":"publish","type":"page","link":"https:\/\/saronti.com\/fr\/creez-votre-jeu-de-cartes-personnalise-qui-suis-je\/","title":{"rendered":"Cr\u00e9ez votre jeu de cartes personnalis\u00e9 \u00ab\u00a0Qui Suis-Je?\u00a0\u00bb"},"content":{"rendered":"<div class=\"row\"  id=\"row-1869570286\">\n\n\t<div id=\"col-244372953\" class=\"col small-12 large-12\"  >\n\t\t\t\t<div class=\"col-inner\"  >\n\t\t\t\n\t\t\t\n<h2>Cr\u00e9ez votre jeu de cartes personnalis\u00e9 \u00ab\u00a0Qui Suis-Je?\u00a0\u00bb<\/h2>\n<p>C&rsquo;est amusant de cr\u00e9er votre jeu de cartes personnalis\u00e9 \u00ab\u00a0Qui Suis-Je?\u00a0\u00bb avec Saronti! Vous pouvez ajouter les visages et noms de jusqu&rsquo;\u00e0 20 membres de votre famille, amis et m\u00eame animaux de compagnie! T\u00e9l\u00e9chargez, partagez, imprimez, jouez. N&rsquo;oubliez pas d&rsquo;imprimer votre propre bo\u00eete en utilisant le mod\u00e8le de bo\u00eete ci-dessous.<\/p>\n\t\t<\/div>\n\t\t\t\t\n<style>\n#col-244372953 > .col-inner {\n  margin: 0px 0px -17px 0px;\n}\n<\/style>\n\t<\/div>\n\n\t\n<\/div>\n<div class=\"row\"  id=\"row-1572088077\">\n\n\t<div id=\"col-1922758972\" class=\"col medium-6 small-12 large-6\"  >\n\t\t\t\t<div class=\"col-inner text-center\"  >\n\t\t\t\n\t\t\t\n\t<div class=\"img has-hover x md-x lg-x y md-y lg-y\" id=\"image_1183390059\">\n\t\t\t\t\t\t\t\t<div class=\"img-inner dark\" >\n\t\t\t<img loading=\"lazy\" decoding=\"async\" width=\"800\" height=\"800\" src=\"https:\/\/saronti.com\/wp-content\/uploads\/2020\/02\/GUESS-WHO-I-AM_Storybook-Stars-family-personalised-playing-card-game-1-800x800.jpg\" class=\"attachment-large size-large\" alt=\"storybook stars guess who i am card game\" srcset=\"https:\/\/saronti.com\/wp-content\/uploads\/2020\/02\/GUESS-WHO-I-AM_Storybook-Stars-family-personalised-playing-card-game-1-800x800.jpg 800w, https:\/\/saronti.com\/wp-content\/uploads\/2020\/02\/GUESS-WHO-I-AM_Storybook-Stars-family-personalised-playing-card-game-1-510x510.jpg 510w, https:\/\/saronti.com\/wp-content\/uploads\/2020\/02\/GUESS-WHO-I-AM_Storybook-Stars-family-personalised-playing-card-game-1-100x100.jpg 100w, https:\/\/saronti.com\/wp-content\/uploads\/2020\/02\/GUESS-WHO-I-AM_Storybook-Stars-family-personalised-playing-card-game-1-400x400.jpg 400w, https:\/\/saronti.com\/wp-content\/uploads\/2020\/02\/GUESS-WHO-I-AM_Storybook-Stars-family-personalised-playing-card-game-1-280x280.jpg 280w, https:\/\/saronti.com\/wp-content\/uploads\/2020\/02\/GUESS-WHO-I-AM_Storybook-Stars-family-personalised-playing-card-game-1-768x768.jpg 768w, https:\/\/saronti.com\/wp-content\/uploads\/2020\/02\/GUESS-WHO-I-AM_Storybook-Stars-family-personalised-playing-card-game-1.jpg 1080w\" sizes=\"auto, (max-width: 800px) 100vw, 800px\" \/>\t\t\t\t\t\t\n\t\t\t\t\t<\/div>\n\t\t\t\t\t\t\t\t\n<style>\n#image_1183390059 {\n  width: 100%;\n}\n<\/style>\n\t<\/div>\n\t\n<a rel=\"noopener noreferrer\" href=\"https:\/\/saronti.com\/personalise\/?try=20327\" target=\"_blank\" class=\"button primary hide-for-medium\"  >\n    <span>CR\u00c9ER MON JEU<\/span>\n  <\/a>\n\n<div class=\"row\"  id=\"row-1013316542\">\n\n\t<div id=\"col-1959642090\" class=\"col show-for-medium small-12 large-12\"  >\n\t\t\t\t<div class=\"col-inner\"  >\n\t\t\t\n\t\t\t\n<span style=\"color: #ed1c24; font-size: 100%;\"><strong>Nous travaillons sur une app, mais pour l'instant, vous avez besoin d'un ordinateur pour cr\u00e9er votre jeu de cartes en ligne. Si vous n'avez pas acc\u00e8s \u00e0 un ordinateur, nous pouvons vous aider. Envoyez-nous un <span style=\"color: #63c2a7;\"><a style=\"color: #63c2a7;\" href=\"mailto:help@saronti.com\" target=\"_blank\" rel=\"noopener noreferrer\">Email<\/a><\/span> ou <span style=\"color: #63c2a7;\"><a style=\"color: #63c2a7;\" href=\"https:\/\/wa.me\/447974730308\/?text=Hi%20Saronti,\" target=\"_blank\" rel=\"noopener noreferrer nofollow\">WhatsApp<\/a><\/span> .<\/strong><\/span>\n\t\t<\/div>\n\t\t\t\t\t<\/div>\n\n\t\n\n\t<div id=\"col-10244128\" class=\"col hide-for-medium small-12 large-12\"  >\n\t\t\t\t<div class=\"col-inner\"  >\n\t\t\t\n\t\t\t\n<span style=\"color: #63c2a7;\"><strong><span style=\"font-size: 85%;\">Votre jeu s'ouvrira dans un nouvel onglet. Revenez \u00e0 cet onglet pour des astuces vid\u00e9o. Le chargement prendra quelques secondes. Soyez patient, \u00e7a vaut le coup \ud83d\ude42<\/span><\/strong><\/span>\n\t\t<\/div>\n\t\t\t\t\n<style>\n#col-10244128 > .col-inner {\n  margin: 0px 0px -36px 0px;\n}\n<\/style>\n\t<\/div>\n\n\t\n<\/div>\n\t\t<\/div>\n\t\t\t\t\n<style>\n#col-1922758972 > .col-inner {\n  margin: 0px 0px -12px 0px;\n}\n<\/style>\n\t<\/div>\n\n\t\n\n\t<div id=\"col-276701502\" class=\"col medium-6 small-12 large-6\"  >\n\t\t\t\t<div class=\"col-inner text-center\"  >\n\t\t\t\n\t\t\t\n\t<div class=\"img has-hover x md-x lg-x y md-y lg-y\" id=\"image_2075969315\">\n\t\t<a class=\"\" href=\"https:\/\/saronti.com\/wp-content\/uploads\/2020\/03\/WhoAmI-StorybooksStars-PrintYourOwnBox.jpg\" target=\"_blank\" rel=\"noopener noreferrer\">\t\t\t\t\t\t<div class=\"img-inner dark\" >\n\t\t\t<img loading=\"lazy\" decoding=\"async\" width=\"926\" height=\"800\" src=\"https:\/\/saronti.com\/wp-content\/uploads\/2020\/03\/WhoAmI-StorybooksStars-PrintYourOwnBox-926x800.jpg\" class=\"attachment-large size-large\" alt=\"\" srcset=\"https:\/\/saronti.com\/wp-content\/uploads\/2020\/03\/WhoAmI-StorybooksStars-PrintYourOwnBox-926x800.jpg 926w, https:\/\/saronti.com\/wp-content\/uploads\/2020\/03\/WhoAmI-StorybooksStars-PrintYourOwnBox-510x440.jpg 510w, https:\/\/saronti.com\/wp-content\/uploads\/2020\/03\/WhoAmI-StorybooksStars-PrintYourOwnBox-463x400.jpg 463w, https:\/\/saronti.com\/wp-content\/uploads\/2020\/03\/WhoAmI-StorybooksStars-PrintYourOwnBox-768x663.jpg 768w, https:\/\/saronti.com\/wp-content\/uploads\/2020\/03\/WhoAmI-StorybooksStars-PrintYourOwnBox.jpg 1276w\" sizes=\"auto, (max-width: 926px) 100vw, 926px\" \/>\t\t\t\t\t\t\n\t\t\t\t\t<\/div>\n\t\t\t\t\t\t<\/a>\t\t\n<style>\n#image_2075969315 {\n  width: 100%;\n}\n<\/style>\n\t<\/div>\n\t\n<a rel=\"noopener noreferrer\" href=\"https:\/\/saronti.com\/wp-content\/uploads\/2020\/03\/WhoAmI-StorybooksStars-PrintYourOwnBox.jpg\" target=\"_blank\" class=\"button primary\">\n    <span>IMPRIMER LA BOITE<\/span>\n  <\/a>\n\n\t\t<\/div>\n\t\t\t\t\t<\/div>\n\n\t\n<\/div>\n<p class=\"lead shortcode-error\">Open this in UX Builder to add and edit content<\/p>\n","protected":false},"excerpt":{"rendered":"","protected":false},"author":2,"featured_media":0,"parent":0,"menu_order":0,"comment_status":"closed","ping_status":"closed","template":"","meta":{"footnotes":""},"class_list":["post-21563","page","type-page","status-publish","hentry"],"_links":{"self":[{"href":"https:\/\/saronti.com\/fr\/wp-json\/wp\/v2\/pages\/21563","targetHints":{"allow":["GET"]}}],"collection":[{"href":"https:\/\/saronti.com\/fr\/wp-json\/wp\/v2\/pages"}],"about":[{"href":"https:\/\/saronti.com\/fr\/wp-json\/wp\/v2\/types\/page"}],"author":[{"embeddable":true,"href":"https:\/\/saronti.com\/fr\/wp-json\/wp\/v2\/users\/2"}],"replies":[{"embeddable":true,"href":"https:\/\/saronti.com\/fr\/wp-json\/wp\/v2\/comments?post=21563"}],"version-history":[{"count":0,"href":"https:\/\/saronti.com\/fr\/wp-json\/wp\/v2\/pages\/21563\/revisions"}],"wp:attachment":[{"href":"https:\/\/saronti.com\/fr\/wp-json\/wp\/v2\/media?parent=21563"}],"curies":[{"name":"wp","href":"https:\/\/api.w.org\/{rel}","templated":true}]}}