{"id":21564,"date":"2020-04-14T19:56:21","date_gmt":"2020-04-14T19:56:21","guid":{"rendered":"https:\/\/saronti.com\/creez-votre-propre-image-de-memoire-de-famille\/"},"modified":"2020-05-12T00:40:48","modified_gmt":"2020-05-12T00:40:48","slug":"creez-votre-portrait-de-famille-personnalise","status":"publish","type":"page","link":"https:\/\/saronti.com\/fr\/creez-votre-portrait-de-famille-personnalise\/","title":{"rendered":"Cr\u00e9ez votre portrait de famille personnalis\u00e9"},"content":{"rendered":"<div class=\"row\"  id=\"row-1015897921\">\n\n\t<div id=\"col-562152024\" class=\"col small-12 large-12\"  >\n\t\t\t\t<div class=\"col-inner\"  >\n\t\t\t\n\t\t\t\n<h2>Create Your Own Family Memories Picture<\/h2>\n\t\t<\/div>\n\t\t\t\t\n<style>\n#col-562152024 > .col-inner {\n  margin: 0px 0px -30px 0px;\n}\n<\/style>\n\t<\/div>\n\n\t\n\n\t<div id=\"col-1072715420\" class=\"col medium-6 small-12 large-6\"  >\n\t\t\t\t<div class=\"col-inner\"  >\n\t\t\t\n\t\t\t\n<p>video coming soon&#8230;<\/p>\n\t\t<\/div>\n\t\t\t\t\t<\/div>\n\n\t\n\n\t<div id=\"col-1302747023\" class=\"col medium-6 small-12 large-6\"  >\n\t\t\t\t<div class=\"col-inner\"  >\n\t\t\t\n\t\t\t\n<p>It&rsquo;s fun to create your own family memories pictures with Saronti! <strong>Add your face and a personal message, and why not send to Nanny \/ Grandad, or someone in your family who is isolated or lives far away?<\/strong> Spread the love! Save it, Download it, Share it, Print it, Send it!<\/p>\n\t\t<\/div>\n\t\t\t\t\n<style>\n#col-1302747023 > .col-inner {\n  margin: 0px 0px -22px 0px;\n}\n<\/style>\n\t<\/div>\n\n\t\n<\/div>\n<div class=\"row\"  id=\"row-9534909\">\n\n\t<div id=\"col-917790849\" class=\"col medium-4 small-12 large-4\"  >\n\t\t\t\t<div class=\"col-inner text-center\"  >\n\t\t\t\n\t\t\t\n\t<div class=\"img has-hover x md-x lg-x y md-y lg-y\" id=\"image_2065685632\">\n\t\t\t\t\t\t\t\t<div class=\"img-inner dark\" style=\"margin:0px 0px -6px 0px;\">\n\t\t\t<img loading=\"lazy\" decoding=\"async\" width=\"1020\" height=\"723\" src=\"https:\/\/saronti.com\/wp-content\/uploads\/2020\/04\/family-photo-frames-1.jpg\" class=\"attachment-large size-large\" alt=\"\" srcset=\"https:\/\/saronti.com\/wp-content\/uploads\/2020\/04\/family-photo-frames-1.jpg 1080w, https:\/\/saronti.com\/wp-content\/uploads\/2020\/04\/family-photo-frames-1-510x362.jpg 510w, https:\/\/saronti.com\/wp-content\/uploads\/2020\/04\/family-photo-frames-1-564x400.jpg 564w, https:\/\/saronti.com\/wp-content\/uploads\/2020\/04\/family-photo-frames-1-768x545.jpg 768w\" sizes=\"auto, (max-width: 1020px) 100vw, 1020px\" \/>\t\t\t\t\t\t\n\t\t\t\t\t<\/div>\n\t\t\t\t\t\t\t\t\n<style>\n#image_2065685632 {\n  width: 100%;\n}\n<\/style>\n\t<\/div>\n\t\n<a rel=\"noopener noreferrer\" href=\"https:\/\/saronti.com\/personalise\/?try=21163\" target=\"_blank\" class=\"button primary hide-for-medium\"  >\n    <span>CR\u00c9EZ MA PROPRE IMAGE DE FAMILLE : CADRES FAMILIAUX<\/span>\n  <\/a>\n\n\t\t<\/div>\n\t\t\t\t\n<style>\n#col-917790849 > .col-inner {\n  margin: 0px 0px -30px 0px;\n}\n<\/style>\n\t<\/div>\n\n\t\n\n\t<div id=\"col-51934851\" class=\"col medium-4 small-12 large-4\"  >\n\t\t\t\t<div class=\"col-inner text-center\"  >\n\t\t\t\n\t\t\t\n\t<div class=\"img has-hover x md-x lg-x y md-y lg-y\" id=\"image_1088259965\">\n\t\t\t\t\t\t\t\t<div class=\"img-inner dark\" style=\"margin:0px 0px -6px 0px;\">\n\t\t\t<img loading=\"lazy\" decoding=\"async\" width=\"1002\" height=\"720\" src=\"https:\/\/saronti.com\/wp-content\/uploads\/2020\/04\/create-your-own-superheroes-family.jpg\" class=\"attachment-large size-large\" alt=\"\" srcset=\"https:\/\/saronti.com\/wp-content\/uploads\/2020\/04\/create-your-own-superheroes-family.jpg 1002w, https:\/\/saronti.com\/wp-content\/uploads\/2020\/04\/create-your-own-superheroes-family-510x366.jpg 510w, https:\/\/saronti.com\/wp-content\/uploads\/2020\/04\/create-your-own-superheroes-family-557x400.jpg 557w, https:\/\/saronti.com\/wp-content\/uploads\/2020\/04\/create-your-own-superheroes-family-768x552.jpg 768w\" sizes=\"auto, (max-width: 1002px) 100vw, 1002px\" \/>\t\t\t\t\t\t\n\t\t\t\t\t<\/div>\n\t\t\t\t\t\t\t\t\n<style>\n#image_1088259965 {\n  width: 100%;\n}\n<\/style>\n\t<\/div>\n\t\n<a rel=\"noopener noreferrer\" href=\"https:\/\/saronti.com\/personalise\/?try=12261\" target=\"_blank\" class=\"button primary hide-for-medium\"  >\n    <span>CREATE MY OWN FAMILY PHOTO: SUPERHEROES<\/span>\n  <\/a>\n\n\t\t<\/div>\n\t\t\t\t\n<style>\n#col-51934851 > .col-inner {\n  margin: 0px 0px -30px 0px;\n}\n<\/style>\n\t<\/div>\n\n\t\n\n\t<div id=\"col-1101913403\" class=\"col medium-4 small-12 large-4\"  >\n\t\t\t\t<div class=\"col-inner text-center\"  >\n\t\t\t\n\t\t\t\n\t<div class=\"img has-hover x md-x lg-x y md-y lg-y\" id=\"image_765003800\">\n\t\t\t\t\t\t\t\t<div class=\"img-inner dark\" style=\"margin:0px 0px -6px 0px;\">\n\t\t\t<img loading=\"lazy\" decoding=\"async\" width=\"1002\" height=\"720\" src=\"https:\/\/saronti.com\/wp-content\/uploads\/2020\/04\/create-your-own-superheroes-family-1-child.jpg\" class=\"attachment-large size-large\" alt=\"create-your-own-superheroes-family-1-child\" srcset=\"https:\/\/saronti.com\/wp-content\/uploads\/2020\/04\/create-your-own-superheroes-family-1-child.jpg 1002w, https:\/\/saronti.com\/wp-content\/uploads\/2020\/04\/create-your-own-superheroes-family-1-child-510x366.jpg 510w, https:\/\/saronti.com\/wp-content\/uploads\/2020\/04\/create-your-own-superheroes-family-1-child-557x400.jpg 557w, https:\/\/saronti.com\/wp-content\/uploads\/2020\/04\/create-your-own-superheroes-family-1-child-768x552.jpg 768w\" sizes=\"auto, (max-width: 1002px) 100vw, 1002px\" \/>\t\t\t\t\t\t\n\t\t\t\t\t<\/div>\n\t\t\t\t\t\t\t\t\n<style>\n#image_765003800 {\n  width: 100%;\n}\n<\/style>\n\t<\/div>\n\t\n<a rel=\"noopener noreferrer\" href=\"https:\/\/saronti.com\/personalise\/?try=12286\" target=\"_blank\" class=\"button primary hide-for-medium\"  >\n    <span>CR\u00c9ER MA PROPRE IMAGE DE FAMILLE: SUPER-H\u00c9ROS<\/span>\n  <\/a>\n\n\t\t<\/div>\n\t\t\t\t\n<style>\n#col-1101913403 > .col-inner {\n  margin: 0px 0px -30px 0px;\n}\n<\/style>\n\t<\/div>\n\n\t\n<\/div>\n<div class=\"row\"  id=\"row-367825483\">\n\n\t<div id=\"col-1253550626\" class=\"col hide-for-medium small-12 large-12\"  >\n\t\t\t\t<div class=\"col-inner text-center\"  >\n\t\t\t\n\t\t\t\n<p><span style=\"color: #63c2a7\"><strong><span style=\"font-size: 85%\">Your picture will open in a new tab. Come back to this tab for video tips. It will take a few seconds to load. Be patient it&rsquo;s worth it \ud83d\ude42<\/span><\/strong><\/span><\/p>\n\t\t<\/div>\n\t\t\t\t\n<style>\n#col-1253550626 > .col-inner {\n  margin: 0px 0px -26px 0px;\n}\n<\/style>\n\t<\/div>\n\n\t\n<\/div>\n<div class=\"row show-for-medium\"  id=\"row-901280107\">\n\n\t<div id=\"col-959613531\" class=\"col small-12 large-12\"  >\n\t\t\t\t<div class=\"col-inner\"  >\n\t\t\t\n\t\t\t\n<p><span style=\"color: #ed1c24;font-size: 100%\"><strong>We\u2019re working on an app, but for now you need a computer to create your picture online. If you don&rsquo;t have access to a computer, we can help. <span style=\"color: #63c2a7\"><a style=\"color: #63c2a7\" href=\"mailto:help@saronti.com\" target=\"_blank\" rel=\"noopener noreferrer\">Email<\/a><\/span> or <span style=\"color: #63c2a7\"><a style=\"color: #63c2a7\" href=\"https:\/\/wa.me\/447957327322\/?text=Hi%20Saronti,\" target=\"_blank\" rel=\"noopener noreferrer nofollow\">WhatsApp<\/a><\/span> us.<\/strong><\/span><\/p>\n\t\t<\/div>\n\t\t\t\t\n<style>\n#col-959613531 > .col-inner {\n  margin: 0px 0px -30px 0px;\n}\n<\/style>\n\t<\/div>\n\n\t\n<\/div>\n<div class=\"row\"  id=\"row-1619305286\">\n\n\t<div id=\"col-239711030\" class=\"col medium-4 small-12 large-4\"  >\n\t\t\t\t<div class=\"col-inner text-center\"  >\n\t\t\t\n\t\t\t\n\t<div class=\"img has-hover x md-x lg-x y md-y lg-y\" id=\"image_506868069\">\n\t\t\t\t\t\t\t\t<div class=\"img-inner dark\" style=\"margin:0px 0px -6px 0px;\">\n\t\t\t<img loading=\"lazy\" decoding=\"async\" width=\"1002\" height=\"720\" src=\"https:\/\/saronti.com\/wp-content\/uploads\/2020\/04\/create-your-own-mum-superhero.jpg\" class=\"attachment-large size-large\" alt=\"\" srcset=\"https:\/\/saronti.com\/wp-content\/uploads\/2020\/04\/create-your-own-mum-superhero.jpg 1002w, https:\/\/saronti.com\/wp-content\/uploads\/2020\/04\/create-your-own-mum-superhero-510x366.jpg 510w, https:\/\/saronti.com\/wp-content\/uploads\/2020\/04\/create-your-own-mum-superhero-557x400.jpg 557w, https:\/\/saronti.com\/wp-content\/uploads\/2020\/04\/create-your-own-mum-superhero-768x552.jpg 768w\" sizes=\"auto, (max-width: 1002px) 100vw, 1002px\" \/>\t\t\t\t\t\t\n\t\t\t\t\t<\/div>\n\t\t\t\t\t\t\t\t\n<style>\n#image_506868069 {\n  width: 100%;\n}\n<\/style>\n\t<\/div>\n\t\n<a rel=\"noopener noreferrer\" href=\"https:\/\/saronti.com\/personalise\/?try=12336\" target=\"_blank\" class=\"button primary hide-for-medium\">\n    <span>CREATE MY OWN FAMILY PHOTO: maman SUPER-H\u00c9ROS<\/span>\n  <\/a>\n\n\t\t<\/div>\n\t\t\t\t\n<style>\n#col-239711030 > .col-inner {\n  margin: 0px 0px -30px 0px;\n}\n<\/style>\n\t<\/div>\n\n\t\n\n\t<div id=\"col-100222400\" class=\"col medium-4 small-12 large-4\"  >\n\t\t\t\t<div class=\"col-inner text-center\"  >\n\t\t\t\n\t\t\t\n\t<div class=\"img has-hover x md-x lg-x y md-y lg-y\" id=\"image_393486059\">\n\t\t\t\t\t\t\t\t<div class=\"img-inner dark\" style=\"margin:0px 0px -6px 0px;\">\n\t\t\t<img loading=\"lazy\" decoding=\"async\" width=\"1002\" height=\"720\" src=\"https:\/\/saronti.com\/wp-content\/uploads\/2020\/04\/create-your-own-beach-holiday-family-2-children.jpg\" class=\"attachment-large size-large\" alt=\"faily holiday portrait 2 kids\" srcset=\"https:\/\/saronti.com\/wp-content\/uploads\/2020\/04\/create-your-own-beach-holiday-family-2-children.jpg 1002w, https:\/\/saronti.com\/wp-content\/uploads\/2020\/04\/create-your-own-beach-holiday-family-2-children-510x366.jpg 510w, https:\/\/saronti.com\/wp-content\/uploads\/2020\/04\/create-your-own-beach-holiday-family-2-children-557x400.jpg 557w, https:\/\/saronti.com\/wp-content\/uploads\/2020\/04\/create-your-own-beach-holiday-family-2-children-768x552.jpg 768w\" sizes=\"auto, (max-width: 1002px) 100vw, 1002px\" \/>\t\t\t\t\t\t\n\t\t\t\t\t<\/div>\n\t\t\t\t\t\t\t\t\n<style>\n#image_393486059 {\n  width: 100%;\n}\n<\/style>\n\t<\/div>\n\t\n<a rel=\"noopener noreferrer\" href=\"https:\/\/saronti.com\/personalise\/?try=12211\" target=\"_blank\" class=\"button primary hide-for-medium\">\n    <span>CR\u00c9EZ MA PROPRE IMAGE DE FAMILLE : VACANCES \u00c0 LA PLAGE<\/span>\n  <\/a>\n\n\t\t<\/div>\n\t\t\t\t\n<style>\n#col-100222400 > .col-inner {\n  margin: 0px 0px -30px 0px;\n}\n<\/style>\n\t<\/div>\n\n\t\n\n\t<div id=\"col-1186233067\" class=\"col medium-4 small-12 large-4\"  >\n\t\t\t\t<div class=\"col-inner text-center\"  >\n\t\t\t\n\t\t\t\n\t<div class=\"img has-hover x md-x lg-x y md-y lg-y\" id=\"image_648015449\">\n\t\t\t\t\t\t\t\t<div class=\"img-inner dark\" style=\"margin:0px 0px -6px 0px;\">\n\t\t\t<img loading=\"lazy\" decoding=\"async\" width=\"1002\" height=\"720\" src=\"https:\/\/saronti.com\/wp-content\/uploads\/2020\/04\/create-your-own-beach-holiday-family-1-child.jpg\" class=\"attachment-large size-large\" alt=\"family holiday portrait 1 kid\" srcset=\"https:\/\/saronti.com\/wp-content\/uploads\/2020\/04\/create-your-own-beach-holiday-family-1-child.jpg 1002w, https:\/\/saronti.com\/wp-content\/uploads\/2020\/04\/create-your-own-beach-holiday-family-1-child-510x366.jpg 510w, https:\/\/saronti.com\/wp-content\/uploads\/2020\/04\/create-your-own-beach-holiday-family-1-child-557x400.jpg 557w, https:\/\/saronti.com\/wp-content\/uploads\/2020\/04\/create-your-own-beach-holiday-family-1-child-768x552.jpg 768w\" sizes=\"auto, (max-width: 1002px) 100vw, 1002px\" \/>\t\t\t\t\t\t\n\t\t\t\t\t<\/div>\n\t\t\t\t\t\t\t\t\n<style>\n#image_648015449 {\n  width: 100%;\n}\n<\/style>\n\t<\/div>\n\t\n<a rel=\"noopener noreferrer\" href=\"https:\/\/saronti.com\/personalise\/?try=12236\" target=\"_blank\" class=\"button primary hide-for-medium\">\n    <span>CR\u00c9EZ MA PROPRE IMAGE DE FAMILLE : VACANCES \u00c0 LA PLAGE<\/span>\n  <\/a>\n\n\t\t<\/div>\n\t\t\t\t\n<style>\n#col-1186233067 > .col-inner {\n  margin: 0px 0px -30px 0px;\n}\n<\/style>\n\t<\/div>\n\n\t\n<\/div>\n<div class=\"row\"  id=\"row-1229627403\">\n\n\t<div id=\"col-855282983\" class=\"col hide-for-medium small-12 large-12\"  >\n\t\t\t\t<div class=\"col-inner text-center\"  >\n\t\t\t\n\t\t\t\n<p><span style=\"color: #63c2a7\"><strong><span style=\"font-size: 85%\">Your picture will open in a new tab. Come back to this tab for video tips. It will take a few seconds to load. Be patient it&rsquo;s worth it \ud83d\ude42<\/span><\/strong><\/span><\/p>\n\t\t<\/div>\n\t\t\t\t\n<style>\n#col-855282983 > .col-inner {\n  margin: 0px 0px -26px 0px;\n}\n<\/style>\n\t<\/div>\n\n\t\n<\/div>\n<div class=\"row show-for-medium\"  id=\"row-2105741680\">\n\n\t<div id=\"col-1547982571\" class=\"col small-12 large-12\"  >\n\t\t\t\t<div class=\"col-inner\"  >\n\t\t\t\n\t\t\t\n<p><span style=\"color: #ed1c24;font-size: 100%\"><strong>We\u2019re working on an app, but for now you need a computer to create your picture online. If you don&rsquo;t have access to a computer, we can help. <span style=\"color: #63c2a7\"><a style=\"color: #63c2a7\" href=\"mailto:help@saronti.com\" target=\"_blank\" rel=\"noopener noreferrer\">Email<\/a><\/span> or <span style=\"color: #63c2a7\"><a style=\"color: #63c2a7\" href=\"https:\/\/wa.me\/447957327322\/?text=Hi%20Saronti,\" target=\"_blank\" rel=\"noopener noreferrer nofollow\">WhatsApp<\/a><\/span> us.<\/strong><\/span><\/p>\n\t\t<\/div>\n\t\t\t\t\n<style>\n#col-1547982571 > .col-inner {\n  margin: 0px 0px -30px 0px;\n}\n<\/style>\n\t<\/div>\n\n\t\n<\/div>\n<div class=\"row\"  id=\"row-321319682\">\n\n\t<div id=\"col-1091498324\" class=\"col small-12 large-12\"  >\n\t\t\t\t<div class=\"col-inner\"  >\n\t\t\t\n\t\t\t\n<h3>HELP &amp; TIPS<\/h3>\n\t\t<\/div>\n\t\t\t\t\n<style>\n#col-1091498324 > .col-inner {\n  margin: 0px 0px -30px 0px;\n}\n<\/style>\n\t<\/div>\n\n\t\n\n\t<div id=\"col-358657175\" class=\"col medium-6 small-12 large-6\"  >\n\t\t\t\t<div class=\"col-inner\"  >\n\t\t\t\n\t\t\t\n<h4>How to cut out heads from your digital photos<\/h4>\n<div style=\"width: 1020px;\" class=\"wp-video\"><!--[if lt IE 9]><script>document.createElement('video');<\/script><![endif]-->\n<video class=\"wp-video-shortcode\" id=\"video-21564-1\" width=\"1020\" height=\"574\" preload=\"metadata\" controls=\"controls\"><source type=\"video\/mp4\" src=\"https:\/\/saronti.com\/wp-content\/uploads\/2020\/03\/How-to-add-and-cut-out-heads-from-your-digital-photos.mp4?_=1\" \/><a href=\"https:\/\/saronti.com\/wp-content\/uploads\/2020\/03\/How-to-add-and-cut-out-heads-from-your-digital-photos.mp4\">https:\/\/saronti.com\/wp-content\/uploads\/2020\/03\/How-to-add-and-cut-out-heads-from-your-digital-photos.mp4<\/a><\/video><\/div>\n\t\t<\/div>\n\t\t\t\t\t<\/div>\n\n\t\n\n\t<div id=\"col-79398357\" class=\"col medium-6 small-12 large-6\"  >\n\t\t\t\t<div class=\"col-inner\"  >\n\t\t\t\n\t\t\t\n\t\t<\/div>\n\t\t\t\t\t<\/div>\n\n\t\n<\/div>\n<div class=\"row\"  id=\"row-2025914206\">\n\n\t<div id=\"col-1567453778\" class=\"col small-12 large-12\"  >\n\t\t\t\t<div class=\"col-inner\"  >\n\t\t\t\n\t\t\t\n<div class=\"accordion\">\n\t<div id=\"accordion-1088548676\" class=\"accordion-item\">\n\t\t<a id=\"accordion-1088548676-label\" class=\"accordion-title plain active\" href=\"#accordion-item-puis-je_acheter_un_puzzle,_un_sac_ou_un_autre_article_avec_ma_photo_imprim\u00e9e?\" aria-expanded=\"true\" aria-controls=\"accordion-1088548676-content\" >\n\t\t\t<button class=\"toggle\" aria-label=\"Toggle\"><i class=\"icon-angle-down\"><\/i><\/button>\n\t\t\t<span>Puis-je acheter un puzzle, un sac ou un autre article avec ma photo imprim\u00e9e?<\/span>\n\t\t<\/a>\n\t\t<div id=\"accordion-1088548676-content\" class=\"accordion-inner\" style=\"display: block;\" aria-labelledby=\"accordion-1088548676-label\" >\n\t\t\t\n<p>Pour aider les familles avec le verrouillage, nous avons chang\u00e9 Saronti pour offrir des activit\u00e9s gratuites pour enfants en ligne et des id\u00e9es d\u2019artisanat. Nous r\u00e9introduira des articles Premium Design lorsque les choses seront de retour \u00e0 la normale. Vous serez alors en mesure d\u2019acheter l\u2019image personnalis\u00e9e souvenirs de famille que vous avez cr\u00e9\u00e9 ou tout simplement envoyer des photos pour nous de faire un pour vous et acheter comme un cadeau \ud83d\ude42<\/p>\n<p>Si vous ne pouvez pas attendre, nous pouvons encore \u00eatre en mesure d\u2019aider. N\u2019h\u00e9sitez pas \u00e0 nous contacter en utilisant la bo\u00eete de chat \u00ab\u00a0Need Help\u00a0\u00bb au bas de chaque page, <a href=\"https:\/\/wa.me\/447957327322\/?text=Hi%20Saronti,\" rel=\"nofollow noopener\" target=\"_blank\">WhatsApp <\/a>ou <b>e-mail<\/b> <a href=\"mailto:customerservice@saronti.com\">help@saronti.com<\/a><\/p>\n\t\t<\/div>\n\t<\/div>\n\t\n<\/div>\n\t\t<\/div>\n\t\t\t\t\n<style>\n#col-1567453778 > .col-inner {\n  margin: 0px 0px -41px 0px;\n}\n<\/style>\n\t<\/div>\n\n\t\n<\/div>\n","protected":false},"excerpt":{"rendered":"","protected":false},"author":2,"featured_media":0,"parent":0,"menu_order":0,"comment_status":"closed","ping_status":"closed","template":"","meta":{"footnotes":""},"class_list":["post-21564","page","type-page","status-publish","hentry"],"_links":{"self":[{"href":"https:\/\/saronti.com\/fr\/wp-json\/wp\/v2\/pages\/21564","targetHints":{"allow":["GET"]}}],"collection":[{"href":"https:\/\/saronti.com\/fr\/wp-json\/wp\/v2\/pages"}],"about":[{"href":"https:\/\/saronti.com\/fr\/wp-json\/wp\/v2\/types\/page"}],"author":[{"embeddable":true,"href":"https:\/\/saronti.com\/fr\/wp-json\/wp\/v2\/users\/2"}],"replies":[{"embeddable":true,"href":"https:\/\/saronti.com\/fr\/wp-json\/wp\/v2\/comments?post=21564"}],"version-history":[{"count":0,"href":"https:\/\/saronti.com\/fr\/wp-json\/wp\/v2\/pages\/21564\/revisions"}],"wp:attachment":[{"href":"https:\/\/saronti.com\/fr\/wp-json\/wp\/v2\/media?parent=21564"}],"curies":[{"name":"wp","href":"https:\/\/api.w.org\/{rel}","templated":true}]}}