{"id":21573,"date":"2020-04-14T19:56:28","date_gmt":"2020-04-14T19:56:28","guid":{"rendered":"https:\/\/saronti.com\/creez-vos-propres-photos-de-personnages-pour-enfants\/"},"modified":"2020-05-12T00:38:18","modified_gmt":"2020-05-12T00:38:18","slug":"creez-vos-photos-de-personnages-pour-enfants","status":"publish","type":"page","link":"https:\/\/saronti.com\/fr\/creez-vos-photos-de-personnages-pour-enfants\/","title":{"rendered":"Cr\u00e9ez vos photos de personnages pour enfants"},"content":{"rendered":"<div class=\"row\"  id=\"row-167812899\">\n\n\t<div id=\"col-158881110\" class=\"col small-12 large-12\"  >\n\t\t\t\t<div class=\"col-inner\"  >\n\t\t\t\n\t\t\t\n<h2>Create Your Own Kids Character Pictures<\/h2>\n\t\t<\/div>\n\t\t\t\t\n<style>\n#col-158881110 > .col-inner {\n  margin: 0px 0px -30px 0px;\n}\n<\/style>\n\t<\/div>\n\n\t\n\n\t<div id=\"col-134017366\" class=\"col medium-6 small-12 large-6\"  >\n\t\t\t\t<div class=\"col-inner\"  >\n\t\t\t\n\t\t\t\n<p>video coming soon\u2026<\/p>\n\t\t<\/div>\n\t\t\t\t\t<\/div>\n\n\t\n\n\t<div id=\"col-1560702904\" class=\"col medium-6 small-12 large-6\"  >\n\t\t\t\t<div class=\"col-inner\"  >\n\t\t\t\n\t\t\t\n<p>It\u2019s fun to create your own kids character pictures with Saronti! <strong>Add your face and a personal message, and why not send to Nanny \/ Grandad, or someone in your family who is isolated or lives far away?<\/strong> Spread the love! Save it, Download it, Share it, Print it, Send it!<\/p>\n\t\t<\/div>\n\t\t\t\t\n<style>\n#col-1560702904 > .col-inner {\n  margin: 0px 0px -22px 0px;\n}\n<\/style>\n\t<\/div>\n\n\t\n<\/div>\n<div class=\"row\"  id=\"row-1713392654\">\n\n\t<div id=\"col-1149464398\" class=\"col medium-4 small-12 large-4\"  >\n\t\t\t\t<div class=\"col-inner text-center\"  >\n\t\t\t\n\t\t\t\n\t<div class=\"img has-hover x md-x lg-x y md-y lg-y\" id=\"image_1239616685\">\n\t\t\t\t\t\t\t\t<div class=\"img-inner dark\" style=\"margin:0px 0px -6px 0px;\">\n\t\t\t<img loading=\"lazy\" decoding=\"async\" width=\"1002\" height=\"720\" src=\"https:\/\/saronti.com\/wp-content\/uploads\/2020\/04\/create-your-own-pirate.jpg\" class=\"attachment-large size-large\" alt=\"\" srcset=\"https:\/\/saronti.com\/wp-content\/uploads\/2020\/04\/create-your-own-pirate.jpg 1002w, https:\/\/saronti.com\/wp-content\/uploads\/2020\/04\/create-your-own-pirate-510x366.jpg 510w, https:\/\/saronti.com\/wp-content\/uploads\/2020\/04\/create-your-own-pirate-557x400.jpg 557w, https:\/\/saronti.com\/wp-content\/uploads\/2020\/04\/create-your-own-pirate-768x552.jpg 768w\" sizes=\"auto, (max-width: 1002px) 100vw, 1002px\" \/>\t\t\t\t\t\t\n\t\t\t\t\t<\/div>\n\t\t\t\t\t\t\t\t\n<style>\n#image_1239616685 {\n  width: 100%;\n}\n<\/style>\n\t<\/div>\n\t\n<a rel=\"noopener noreferrer\" href=\"https:\/\/saronti.com\/personalise\/?try=11751\" target=\"_blank\" class=\"button primary hide-for-medium\"  >\n    <span>CR\u00c9ER MON PROPRE: PIRATE<\/span>\n  <\/a>\n\n\t\t<\/div>\n\t\t\t\t\n<style>\n#col-1149464398 > .col-inner {\n  margin: 0px 0px -30px 0px;\n}\n<\/style>\n\t<\/div>\n\n\t\n\n\t<div id=\"col-1192027081\" class=\"col medium-4 small-12 large-4\"  >\n\t\t\t\t<div class=\"col-inner text-center\"  >\n\t\t\t\n\t\t\t\n\t<div class=\"img has-hover x md-x lg-x y md-y lg-y\" id=\"image_836835184\">\n\t\t\t\t\t\t\t\t<div class=\"img-inner dark\" style=\"margin:0px 0px -6px 0px;\">\n\t\t\t<img loading=\"lazy\" decoding=\"async\" width=\"1002\" height=\"720\" src=\"https:\/\/saronti.com\/wp-content\/uploads\/2020\/04\/create-your-own-ballerina.jpg\" class=\"attachment-large size-large\" alt=\"\" srcset=\"https:\/\/saronti.com\/wp-content\/uploads\/2020\/04\/create-your-own-ballerina.jpg 1002w, https:\/\/saronti.com\/wp-content\/uploads\/2020\/04\/create-your-own-ballerina-510x366.jpg 510w, https:\/\/saronti.com\/wp-content\/uploads\/2020\/04\/create-your-own-ballerina-557x400.jpg 557w, https:\/\/saronti.com\/wp-content\/uploads\/2020\/04\/create-your-own-ballerina-768x552.jpg 768w\" sizes=\"auto, (max-width: 1002px) 100vw, 1002px\" \/>\t\t\t\t\t\t\n\t\t\t\t\t<\/div>\n\t\t\t\t\t\t\t\t\n<style>\n#image_836835184 {\n  width: 100%;\n}\n<\/style>\n\t<\/div>\n\t\n<a rel=\"noopener noreferrer\" href=\"https:\/\/saronti.com\/personalise\/?try=11934\" target=\"_blank\" class=\"button primary hide-for-medium\"  >\n    <span>CR\u00c9ER LE MIEN: BALLERINE<\/span>\n  <\/a>\n\n\t\t<\/div>\n\t\t\t\t\n<style>\n#col-1192027081 > .col-inner {\n  margin: 0px 0px -30px 0px;\n}\n<\/style>\n\t<\/div>\n\n\t\n\n\t<div id=\"col-831287703\" class=\"col medium-4 small-12 large-4\"  >\n\t\t\t\t<div class=\"col-inner text-center\"  >\n\t\t\t\n\t\t\t\n\t<div class=\"img has-hover x md-x lg-x y md-y lg-y\" id=\"image_946330756\">\n\t\t\t\t\t\t\t\t<div class=\"img-inner dark\" style=\"margin:0px 0px -6px 0px;\">\n\t\t\t<img loading=\"lazy\" decoding=\"async\" width=\"1002\" height=\"720\" src=\"https:\/\/saronti.com\/wp-content\/uploads\/2020\/04\/create-your-own-fairy.jpg\" class=\"attachment-large size-large\" alt=\"\" srcset=\"https:\/\/saronti.com\/wp-content\/uploads\/2020\/04\/create-your-own-fairy.jpg 1002w, https:\/\/saronti.com\/wp-content\/uploads\/2020\/04\/create-your-own-fairy-510x366.jpg 510w, https:\/\/saronti.com\/wp-content\/uploads\/2020\/04\/create-your-own-fairy-557x400.jpg 557w, https:\/\/saronti.com\/wp-content\/uploads\/2020\/04\/create-your-own-fairy-768x552.jpg 768w\" sizes=\"auto, (max-width: 1002px) 100vw, 1002px\" \/>\t\t\t\t\t\t\n\t\t\t\t\t<\/div>\n\t\t\t\t\t\t\t\t\n<style>\n#image_946330756 {\n  width: 100%;\n}\n<\/style>\n\t<\/div>\n\t\n<a rel=\"noopener noreferrer\" href=\"https:\/\/saronti.com\/personalise\/?try=12363\" target=\"_blank\" class=\"button primary hide-for-medium\"  >\n    <span>CR\u00c9ER MON PROPRE: F\u00c9E<\/span>\n  <\/a>\n\n\t\t<\/div>\n\t\t\t\t\n<style>\n#col-831287703 > .col-inner {\n  margin: 0px 0px -30px 0px;\n}\n<\/style>\n\t<\/div>\n\n\t\n<\/div>\n<div class=\"row\"  id=\"row-1217662103\">\n\n\t<div id=\"col-926398040\" class=\"col hide-for-medium small-12 large-12\"  >\n\t\t\t\t<div class=\"col-inner text-center\"  >\n\t\t\t\n\t\t\t\n<p><span style=\"color: #63c2a7\"><strong><span style=\"font-size: 85%\">Your picture will open in a new tab. Come back to this tab for video tips. It will take a few seconds to load. Be patient it\u2019s worth it \ud83d\ude42<\/span><\/strong><\/span><\/p>\n\t\t<\/div>\n\t\t\t\t\n<style>\n#col-926398040 > .col-inner {\n  margin: 0px 0px -26px 0px;\n}\n<\/style>\n\t<\/div>\n\n\t\n<\/div>\n<div class=\"row show-for-medium\"  id=\"row-238999184\">\n\n\t<div id=\"col-955516193\" class=\"col small-12 large-12\"  >\n\t\t\t\t<div class=\"col-inner\"  >\n\t\t\t\n\t\t\t\n<p><span style=\"color: #ed1c24;font-size: 100%\"><strong>We\u2019re working on an app, but for now you need a computer to create your picture online. If you don\u2019t have access to a computer, we can help. <span style=\"color: #63c2a7\"><a style=\"color: #63c2a7\" href=\"mailto:help@saronti.com\" target=\"_blank\" rel=\"noopener noreferrer\">Email<\/a><\/span> or <span style=\"color: #63c2a7\"><a style=\"color: #63c2a7\" href=\"https:\/\/wa.me\/447957327322\/?text=Hi%20Saronti,\" target=\"_blank\" rel=\"noopener noreferrer nofollow\">WhatsApp<\/a><\/span> us.<\/strong><\/span><\/p>\n\t\t<\/div>\n\t\t\t\t\n<style>\n#col-955516193 > .col-inner {\n  margin: 0px 0px -30px 0px;\n}\n<\/style>\n\t<\/div>\n\n\t\n<\/div>\n<div class=\"row\"  id=\"row-1307015083\">\n\n\t<div id=\"col-928799815\" class=\"col medium-4 small-12 large-4\"  >\n\t\t\t\t<div class=\"col-inner text-center\"  >\n\t\t\t\n\t\t\t\n\t<div class=\"img has-hover x md-x lg-x y md-y lg-y\" id=\"image_1557864572\">\n\t\t\t\t\t\t\t\t<div class=\"img-inner dark\" style=\"margin:0px 0px -6px 0px;\">\n\t\t\t<img loading=\"lazy\" decoding=\"async\" width=\"1002\" height=\"720\" src=\"https:\/\/saronti.com\/wp-content\/uploads\/2020\/04\/create-your-own-clown-car.jpg\" class=\"attachment-large size-large\" alt=\"\" srcset=\"https:\/\/saronti.com\/wp-content\/uploads\/2020\/04\/create-your-own-clown-car.jpg 1002w, https:\/\/saronti.com\/wp-content\/uploads\/2020\/04\/create-your-own-clown-car-510x366.jpg 510w, https:\/\/saronti.com\/wp-content\/uploads\/2020\/04\/create-your-own-clown-car-557x400.jpg 557w, https:\/\/saronti.com\/wp-content\/uploads\/2020\/04\/create-your-own-clown-car-768x552.jpg 768w\" sizes=\"auto, (max-width: 1002px) 100vw, 1002px\" \/>\t\t\t\t\t\t\n\t\t\t\t\t<\/div>\n\t\t\t\t\t\t\t\t\n<style>\n#image_1557864572 {\n  width: 100%;\n}\n<\/style>\n\t<\/div>\n\t\n<a rel=\"noopener noreferrer\" href=\"https:\/\/saronti.com\/personalise\/?try=12135\" target=\"_blank\" class=\"button primary hide-for-medium\">\n    <span>CR\u00c9ER MA PROPRE: VOITURE CLOWN<\/span>\n  <\/a>\n\n\t\t<\/div>\n\t\t\t\t\n<style>\n#col-928799815 > .col-inner {\n  margin: 0px 0px -30px 0px;\n}\n<\/style>\n\t<\/div>\n\n\t\n\n\t<div id=\"col-1892213439\" class=\"col medium-4 small-12 large-4\"  >\n\t\t\t\t<div class=\"col-inner text-center\"  >\n\t\t\t\n\t\t\t\n\t<div class=\"img has-hover x md-x lg-x y md-y lg-y\" id=\"image_822940693\">\n\t\t\t\t\t\t\t\t<div class=\"img-inner dark\" style=\"margin:0px 0px -6px 0px;\">\n\t\t\t<img loading=\"lazy\" decoding=\"async\" width=\"1002\" height=\"720\" src=\"https:\/\/saronti.com\/wp-content\/uploads\/2020\/04\/create-your-own-tractor.jpg\" class=\"attachment-large size-large\" alt=\"\" srcset=\"https:\/\/saronti.com\/wp-content\/uploads\/2020\/04\/create-your-own-tractor.jpg 1002w, https:\/\/saronti.com\/wp-content\/uploads\/2020\/04\/create-your-own-tractor-510x366.jpg 510w, https:\/\/saronti.com\/wp-content\/uploads\/2020\/04\/create-your-own-tractor-557x400.jpg 557w, https:\/\/saronti.com\/wp-content\/uploads\/2020\/04\/create-your-own-tractor-768x552.jpg 768w\" sizes=\"auto, (max-width: 1002px) 100vw, 1002px\" \/>\t\t\t\t\t\t\n\t\t\t\t\t<\/div>\n\t\t\t\t\t\t\t\t\n<style>\n#image_822940693 {\n  width: 100%;\n}\n<\/style>\n\t<\/div>\n\t\n<a rel=\"noopener noreferrer\" href=\"https:\/\/saronti.com\/personalise\/?try=11992\" target=\"_blank\" class=\"button primary hide-for-medium\">\n    <span>CR\u00c9ER MON PROPRE: TRACTEUR<\/span>\n  <\/a>\n\n\t\t<\/div>\n\t\t\t\t\n<style>\n#col-1892213439 > .col-inner {\n  margin: 0px 0px -30px 0px;\n}\n<\/style>\n\t<\/div>\n\n\t\n\n\t<div id=\"col-1105629264\" class=\"col medium-4 small-12 large-4\"  >\n\t\t\t\t<div class=\"col-inner text-center\"  >\n\t\t\t\n\t\t\t\n\t<div class=\"img has-hover x md-x lg-x y md-y lg-y\" id=\"image_2090216665\">\n\t\t\t\t\t\t\t\t<div class=\"img-inner dark\" style=\"margin:0px 0px -6px 0px;\">\n\t\t\t<img loading=\"lazy\" decoding=\"async\" width=\"1002\" height=\"720\" src=\"https:\/\/saronti.com\/wp-content\/uploads\/2020\/04\/create-your-own-princess.jpg\" class=\"attachment-large size-large\" alt=\"\" srcset=\"https:\/\/saronti.com\/wp-content\/uploads\/2020\/04\/create-your-own-princess.jpg 1002w, https:\/\/saronti.com\/wp-content\/uploads\/2020\/04\/create-your-own-princess-510x366.jpg 510w, https:\/\/saronti.com\/wp-content\/uploads\/2020\/04\/create-your-own-princess-557x400.jpg 557w, https:\/\/saronti.com\/wp-content\/uploads\/2020\/04\/create-your-own-princess-768x552.jpg 768w\" sizes=\"auto, (max-width: 1002px) 100vw, 1002px\" \/>\t\t\t\t\t\t\n\t\t\t\t\t<\/div>\n\t\t\t\t\t\t\t\t\n<style>\n#image_2090216665 {\n  width: 100%;\n}\n<\/style>\n\t<\/div>\n\t\n<a rel=\"noopener noreferrer\" href=\"https:\/\/saronti.com\/personalise\/?try=11902\" target=\"_blank\" class=\"button primary hide-for-medium\">\n    <span>CR\u00c9ER MON PROPRE: PRINCESSE<\/span>\n  <\/a>\n\n\t\t<\/div>\n\t\t\t\t\n<style>\n#col-1105629264 > .col-inner {\n  margin: 0px 0px -30px 0px;\n}\n<\/style>\n\t<\/div>\n\n\t\n<\/div>\n<div class=\"row\"  id=\"row-937469700\">\n\n\t<div id=\"col-483283322\" class=\"col hide-for-medium small-12 large-12\"  >\n\t\t\t\t<div class=\"col-inner text-center\"  >\n\t\t\t\n\t\t\t\n<p><span style=\"color: #63c2a7\"><strong><span style=\"font-size: 85%\">Your picture will open in a new tab. Come back to this tab for video tips. It will take a few seconds to load. Be patient it\u2019s worth it \ud83d\ude42<\/span><\/strong><\/span><\/p>\n\t\t<\/div>\n\t\t\t\t\n<style>\n#col-483283322 > .col-inner {\n  margin: 0px 0px -26px 0px;\n}\n<\/style>\n\t<\/div>\n\n\t\n<\/div>\n<div class=\"row show-for-medium\"  id=\"row-1929693888\">\n\n\t<div id=\"col-2054931080\" class=\"col small-12 large-12\"  >\n\t\t\t\t<div class=\"col-inner\"  >\n\t\t\t\n\t\t\t\n<p><span style=\"color: #ed1c24;font-size: 100%\"><strong>We\u2019re working on an app, but for now you need a computer to create your picture online. If you don\u2019t have access to a computer, we can help. <span style=\"color: #63c2a7\"><a style=\"color: #63c2a7\" href=\"mailto:help@saronti.com\" target=\"_blank\" rel=\"noopener noreferrer\">Email<\/a><\/span> or <span style=\"color: #63c2a7\"><a style=\"color: #63c2a7\" href=\"https:\/\/wa.me\/447957327322\/?text=Hi%20Saronti,\" target=\"_blank\" rel=\"noopener noreferrer nofollow\">WhatsApp<\/a><\/span> us.<\/strong><\/span><\/p>\n\t\t<\/div>\n\t\t\t\t\n<style>\n#col-2054931080 > .col-inner {\n  margin: 0px 0px -30px 0px;\n}\n<\/style>\n\t<\/div>\n\n\t\n<\/div>\n<div class=\"row\"  id=\"row-1022473428\">\n\n\t<div id=\"col-413183055\" class=\"col medium-4 small-12 large-4\"  >\n\t\t\t\t<div class=\"col-inner text-center\"  >\n\t\t\t\n\t\t\t\n\t<div class=\"img has-hover x md-x lg-x y md-y lg-y\" id=\"image_866610536\">\n\t\t\t\t\t\t\t\t<div class=\"img-inner dark\" style=\"margin:0px 0px -6px 0px;\">\n\t\t\t<img loading=\"lazy\" decoding=\"async\" width=\"1002\" height=\"720\" src=\"https:\/\/saronti.com\/wp-content\/uploads\/2020\/04\/create-your-own-digger.jpg\" class=\"attachment-large size-large\" alt=\"\" srcset=\"https:\/\/saronti.com\/wp-content\/uploads\/2020\/04\/create-your-own-digger.jpg 1002w, https:\/\/saronti.com\/wp-content\/uploads\/2020\/04\/create-your-own-digger-510x366.jpg 510w, https:\/\/saronti.com\/wp-content\/uploads\/2020\/04\/create-your-own-digger-557x400.jpg 557w, https:\/\/saronti.com\/wp-content\/uploads\/2020\/04\/create-your-own-digger-768x552.jpg 768w\" sizes=\"auto, (max-width: 1002px) 100vw, 1002px\" \/>\t\t\t\t\t\t\n\t\t\t\t\t<\/div>\n\t\t\t\t\t\t\t\t\n<style>\n#image_866610536 {\n  width: 100%;\n}\n<\/style>\n\t<\/div>\n\t\n<a rel=\"noopener noreferrer\" href=\"https:\/\/saronti.com\/personalise\/?try=11958\" target=\"_blank\" class=\"button primary hide-for-medium\">\n    <span>CR\u00c9ER LE MIEN: CREUSEUR<\/span>\n  <\/a>\n\n\t\t<\/div>\n\t\t\t\t\n<style>\n#col-413183055 > .col-inner {\n  margin: 0px 0px -30px 0px;\n}\n<\/style>\n\t<\/div>\n\n\t\n\n\t<div id=\"col-453821018\" class=\"col medium-4 small-12 large-4\"  >\n\t\t\t\t<div class=\"col-inner text-center\"  >\n\t\t\t\n\t\t\t\n\t<div class=\"img has-hover x md-x lg-x y md-y lg-y\" id=\"image_564778079\">\n\t\t\t\t\t\t\t\t<div class=\"img-inner dark\" style=\"margin:0px 0px -6px 0px;\">\n\t\t\t<img loading=\"lazy\" decoding=\"async\" width=\"573\" height=\"800\" src=\"https:\/\/saronti.com\/wp-content\/uploads\/2020\/04\/create-your-own-superhero-fire-boy-573x800.jpg\" class=\"attachment-large size-large\" alt=\"\" srcset=\"https:\/\/saronti.com\/wp-content\/uploads\/2020\/04\/create-your-own-superhero-fire-boy-573x800.jpg 573w, https:\/\/saronti.com\/wp-content\/uploads\/2020\/04\/create-your-own-superhero-fire-boy-510x712.jpg 510w, https:\/\/saronti.com\/wp-content\/uploads\/2020\/04\/create-your-own-superhero-fire-boy-287x400.jpg 287w, https:\/\/saronti.com\/wp-content\/uploads\/2020\/04\/create-your-own-superhero-fire-boy.jpg 718w\" sizes=\"auto, (max-width: 573px) 100vw, 573px\" \/>\t\t\t\t\t\t\n\t\t\t\t\t<\/div>\n\t\t\t\t\t\t\t\t\n<style>\n#image_564778079 {\n  width: 52%;\n}\n<\/style>\n\t<\/div>\n\t\n<a rel=\"noopener noreferrer\" href=\"https:\/\/saronti.com\/personalise\/?try=12160\" target=\"_blank\" class=\"button primary hide-for-medium\">\n    <span>CR\u00c9ER MON PROPRE: BOY SUPERHERO<\/span>\n  <\/a>\n\n\t\t<\/div>\n\t\t\t\t\n<style>\n#col-453821018 > .col-inner {\n  margin: 0px 0px -30px 0px;\n}\n<\/style>\n\t<\/div>\n\n\t\n\n\t<div id=\"col-862710341\" class=\"col medium-4 small-12 large-4\"  >\n\t\t\t\t<div class=\"col-inner text-center\"  >\n\t\t\t\n\t\t\t\n\t<div class=\"img has-hover x md-x lg-x y md-y lg-y\" id=\"image_1838630098\">\n\t\t\t\t\t\t\t\t<div class=\"img-inner dark\" style=\"margin:0px 0px -6px 0px;\">\n\t\t\t<img loading=\"lazy\" decoding=\"async\" width=\"573\" height=\"800\" src=\"https:\/\/saronti.com\/wp-content\/uploads\/2020\/04\/create-your-own-superhero-fly-girl-573x800.jpg\" class=\"attachment-large size-large\" alt=\"\" srcset=\"https:\/\/saronti.com\/wp-content\/uploads\/2020\/04\/create-your-own-superhero-fly-girl-573x800.jpg 573w, https:\/\/saronti.com\/wp-content\/uploads\/2020\/04\/create-your-own-superhero-fly-girl-510x712.jpg 510w, https:\/\/saronti.com\/wp-content\/uploads\/2020\/04\/create-your-own-superhero-fly-girl-287x400.jpg 287w, https:\/\/saronti.com\/wp-content\/uploads\/2020\/04\/create-your-own-superhero-fly-girl.jpg 718w\" sizes=\"auto, (max-width: 573px) 100vw, 573px\" \/>\t\t\t\t\t\t\n\t\t\t\t\t<\/div>\n\t\t\t\t\t\t\t\t\n<style>\n#image_1838630098 {\n  width: 52%;\n}\n<\/style>\n\t<\/div>\n\t\n<a rel=\"noopener noreferrer\" href=\"https:\/\/saronti.com\/personalise\/?try=12310\" target=\"_blank\" class=\"button primary hide-for-medium\">\n    <span>CREATE MY OWN: super-h\u00e9ros fille<\/span>\n  <\/a>\n\n\t\t<\/div>\n\t\t\t\t\n<style>\n#col-862710341 > .col-inner {\n  margin: 0px 0px -30px 0px;\n}\n<\/style>\n\t<\/div>\n\n\t\n<\/div>\n<div class=\"row\"  id=\"row-611283304\">\n\n\t<div id=\"col-1751568463\" class=\"col hide-for-medium small-12 large-12\"  >\n\t\t\t\t<div class=\"col-inner text-center\"  >\n\t\t\t\n\t\t\t\n<p><span style=\"color: #63c2a7\"><strong><span style=\"font-size: 85%\">Your picture will open in a new tab. Come back to this tab for video tips. It will take a few seconds to load. Be patient it\u2019s worth it \ud83d\ude42<\/span><\/strong><\/span><\/p>\n\t\t<\/div>\n\t\t\t\t\n<style>\n#col-1751568463 > .col-inner {\n  margin: 0px 0px -26px 0px;\n}\n<\/style>\n\t<\/div>\n\n\t\n<\/div>\n<div class=\"row show-for-medium\"  id=\"row-6876266\">\n\n\t<div id=\"col-305431320\" class=\"col small-12 large-12\"  >\n\t\t\t\t<div class=\"col-inner\"  >\n\t\t\t\n\t\t\t\n<p><span style=\"color: #ed1c24;font-size: 100%\"><strong>We\u2019re working on an app, but for now you need a computer to create your picture online. If you don\u2019t have access to a computer, we can help. <span style=\"color: #63c2a7\"><a style=\"color: #63c2a7\" href=\"mailto:help@saronti.com\" target=\"_blank\" rel=\"noopener noreferrer\">Email<\/a><\/span> or <span style=\"color: #63c2a7\"><a style=\"color: #63c2a7\" href=\"https:\/\/wa.me\/447957327322\/?text=Hi%20Saronti,\" target=\"_blank\" rel=\"noopener noreferrer nofollow\">WhatsApp<\/a><\/span> us.<\/strong><\/span><\/p>\n\t\t<\/div>\n\t\t\t\t\n<style>\n#col-305431320 > .col-inner {\n  margin: 0px 0px -30px 0px;\n}\n<\/style>\n\t<\/div>\n\n\t\n<\/div>\n<div class=\"row\"  id=\"row-1898778265\">\n\n\t<div id=\"col-2099058725\" class=\"col small-12 large-12\"  >\n\t\t\t\t<div class=\"col-inner\"  >\n\t\t\t\n\t\t\t\n<h3>HELP & TIPS<\/h3>\n\t\t<\/div>\n\t\t\t\t\n<style>\n#col-2099058725 > .col-inner {\n  margin: 0px 0px -30px 0px;\n}\n<\/style>\n\t<\/div>\n\n\t\n\n\t<div id=\"col-1400998683\" class=\"col medium-6 small-12 large-6\"  >\n\t\t\t\t<div class=\"col-inner\"  >\n\t\t\t\n\t\t\t\n<h4>How to cut out heads from your digital photos<\/h4>\n<div style=\"width: 1020px;\" class=\"wp-video\"><!--[if lt IE 9]><script>document.createElement('video');<\/script><![endif]-->\n<video class=\"wp-video-shortcode\" id=\"video-21573-1\" width=\"1020\" height=\"574\" preload=\"metadata\" controls=\"controls\"><source type=\"video\/mp4\" src=\"https:\/\/saronti.com\/wp-content\/uploads\/2020\/03\/How-to-add-and-cut-out-heads-from-your-digital-photos.mp4?_=1\" \/><a href=\"https:\/\/saronti.com\/wp-content\/uploads\/2020\/03\/How-to-add-and-cut-out-heads-from-your-digital-photos.mp4\">https:\/\/saronti.com\/wp-content\/uploads\/2020\/03\/How-to-add-and-cut-out-heads-from-your-digital-photos.mp4<\/a><\/video><\/div>\n\t\t<\/div>\n\t\t\t\t\t<\/div>\n\n\t\n\n\t<div id=\"col-1270860620\" class=\"col medium-6 small-12 large-6\"  >\n\t\t\t\t<div class=\"col-inner\"  >\n\t\t\t\n\t\t\t\n<h4>How to print my picture on A4 paper<\/h4>\n\t\t<\/div>\n\t\t\t\t\t<\/div>\n\n\t\n<\/div>\n<div class=\"row\"  id=\"row-677233901\">\n\n\t<div id=\"col-334645726\" class=\"col small-12 large-12\"  >\n\t\t\t\t<div class=\"col-inner\"  >\n\t\t\t\n\t\t\t\n<div class=\"accordion\">\n\t<div id=\"accordion-2945848449\" class=\"accordion-item\">\n\t\t<a id=\"accordion-2945848449-label\" class=\"accordion-title plain active\" href=\"#accordion-item-puis-je_acheter_un_puzzle,_un_sac_ou_un_autre_article_avec_ma_photo_imprim\u00e9e?\" aria-expanded=\"true\" aria-controls=\"accordion-2945848449-content\" >\n\t\t\t<button class=\"toggle\" aria-label=\"Toggle\"><i class=\"icon-angle-down\"><\/i><\/button>\n\t\t\t<span>Puis-je acheter un puzzle, un sac ou un autre article avec ma photo imprim\u00e9e?<\/span>\n\t\t<\/a>\n\t\t<div id=\"accordion-2945848449-content\" class=\"accordion-inner\" style=\"display: block;\" aria-labelledby=\"accordion-2945848449-label\" >\n\t\t\t\n<p>Pour aider les familles avec le verrouillage, nous avons chang\u00e9 Saronti pour offrir des activit\u00e9s gratuites pour enfants en ligne et des id\u00e9es d\u2019artisanat. Nous r\u00e9introduira des articles Premium Design lorsque les choses seront de retour \u00e0 la normale. Vous serez alors en mesure d\u2019acheter l\u2019image personnalis\u00e9e de paysage pour enfants que vous avez cr\u00e9\u00e9 ou simplement envoyer des photos pour nous de faire un pour vous et acheter comme un cadeau \ud83d\ude42<\/p>\n<p>Si vous ne pouvez pas attendre, nous pouvons encore \u00eatre en mesure d\u2019aider. N\u2019h\u00e9sitez pas \u00e0 nous contacter en utilisant la bo\u00eete de chat \u00ab\u00a0Need Help\u00a0\u00bb au bas de chaque page, <a href=\"https:\/\/wa.me\/447957327322\/?text=Hi%20Saronti,\" rel=\"nofollow noopener\" target=\"_blank\">WhatsApp <\/a>ou <b>e-mail<\/b> <a href=\"mailto:customerservice@saronti.com\">help@saronti.com<\/a><\/p>\n\t\t<\/div>\n\t<\/div>\n\t\n<\/div>\n\t\t<\/div>\n\t\t\t\t\n<style>\n#col-334645726 > .col-inner {\n  margin: 0px 0px -41px 0px;\n}\n<\/style>\n\t<\/div>\n\n\t\n<\/div>\n","protected":false},"excerpt":{"rendered":"","protected":false},"author":2,"featured_media":0,"parent":0,"menu_order":0,"comment_status":"closed","ping_status":"closed","template":"","meta":{"footnotes":""},"class_list":["post-21573","page","type-page","status-publish","hentry"],"_links":{"self":[{"href":"https:\/\/saronti.com\/fr\/wp-json\/wp\/v2\/pages\/21573","targetHints":{"allow":["GET"]}}],"collection":[{"href":"https:\/\/saronti.com\/fr\/wp-json\/wp\/v2\/pages"}],"about":[{"href":"https:\/\/saronti.com\/fr\/wp-json\/wp\/v2\/types\/page"}],"author":[{"embeddable":true,"href":"https:\/\/saronti.com\/fr\/wp-json\/wp\/v2\/users\/2"}],"replies":[{"embeddable":true,"href":"https:\/\/saronti.com\/fr\/wp-json\/wp\/v2\/comments?post=21573"}],"version-history":[{"count":0,"href":"https:\/\/saronti.com\/fr\/wp-json\/wp\/v2\/pages\/21573\/revisions"}],"wp:attachment":[{"href":"https:\/\/saronti.com\/fr\/wp-json\/wp\/v2\/media?parent=21573"}],"curies":[{"name":"wp","href":"https:\/\/api.w.org\/{rel}","templated":true}]}}