{"id":50708,"date":"2021-06-24T22:41:08","date_gmt":"2021-06-24T22:41:08","guid":{"rendered":"https:\/\/saronti.com\/a-propos\/"},"modified":"2022-01-12T11:21:41","modified_gmt":"2022-01-12T11:21:41","slug":"a-propos","status":"publish","type":"page","link":"https:\/\/saronti.com\/fr\/a-propos\/","title":{"rendered":"\u00c0 propos"},"content":{"rendered":"\n<h1>\n\t\t\u00c0 propos de Saronti\n\t<\/h1>\n\t<p><img loading=\"lazy\" decoding=\"async\" src=\"https:\/\/saronti.com\/wp-content\/uploads\/2019\/06\/Reading-Book1_1080x1080_seaside2.jpg\" alt=\"grand-p\u00e8re et petit-fils lisant un livre sur eux-m\u00eames et leur famille\" width=\"220\" height=\"220\" \/><\/p>\n<p>Saronti est une petite maison d\u2019\u00e9dition avec de grandes valeurs! Depuis 2006, notre mission est de contribuer \u00e0 la convivialit\u00e9 des moments pass\u00e9s en famille, connectant les g\u00e9n\u00e9rations avec des livres et jeux de cartes personnalis\u00e9s.<\/p>\n<p>Nous avons \u00e0 c\u0153ur de rendre l\u2019\u00e9criture et la lecture amusantes pour les enfants en encourageant l\u2019amour des livres, le d\u00e9veloppement de la cr\u00e9ativit\u00e9 et le partage de moments conviviaux en famille.<\/p>\n<p>Nous soutenons les associations caritatives et les \u00e9coles dans leur collecte de fonds en les accompagnant dans la cr\u00e9ation de \u00ab\u00a0leur\u00a0\u00bb livres.<\/p>\n<p>Gr\u00e2ce \u00e0 notre offre de kit \u00ab\u00a0 Cr\u00e9er votre propre livre \u00bb les enfants peuvent imprimer leurs propres histoires sous forme de livre \u00e0 couverture rigide de qualit\u00e9; il peuvent m\u00eame rejoindre le monde des \u00e9crivains et vendre leur livre en ligne et en librairies avec nos services d\u2019auto-\u00e9dition.<\/p>\n<p>Notre nouvelle mission est d\u2019apporter de la distraction et de la gaiet\u00e9 \u00e0 un public dont la crise a mis en lumi\u00e8re les fragilit\u00e9s et la pr\u00e9carit\u00e9: les S\u00e9niors.<\/p>\n<p>Nous privil\u00e9gions les fournisseurs locaux inscrits dans une d\u00e9marche durable et respectueuse de l\u2019environnement.<\/p>\n\n","protected":false},"excerpt":{"rendered":"<p>\u00c0 propos de Saronti Saronti est une petite maison d\u2019\u00e9dition avec de grandes valeurs! Depuis 2006, notre mission est de contribuer \u00e0 la convivialit\u00e9 des moments pass\u00e9s en famille, connectant les g\u00e9n\u00e9rations avec des livres et jeux de cartes personnalis\u00e9s. Nous avons \u00e0 c\u0153ur de rendre l\u2019\u00e9criture et la lecture amusantes pour les enfants en [&#8230;]\n","protected":false},"author":2,"featured_media":0,"parent":0,"menu_order":0,"comment_status":"closed","ping_status":"closed","template":"","meta":{"footnotes":""},"class_list":["post-50708","page","type-page","status-publish","hentry"],"_links":{"self":[{"href":"https:\/\/saronti.com\/fr\/wp-json\/wp\/v2\/pages\/50708","targetHints":{"allow":["GET"]}}],"collection":[{"href":"https:\/\/saronti.com\/fr\/wp-json\/wp\/v2\/pages"}],"about":[{"href":"https:\/\/saronti.com\/fr\/wp-json\/wp\/v2\/types\/page"}],"author":[{"embeddable":true,"href":"https:\/\/saronti.com\/fr\/wp-json\/wp\/v2\/users\/2"}],"replies":[{"embeddable":true,"href":"https:\/\/saronti.com\/fr\/wp-json\/wp\/v2\/comments?post=50708"}],"version-history":[{"count":2,"href":"https:\/\/saronti.com\/fr\/wp-json\/wp\/v2\/pages\/50708\/revisions"}],"predecessor-version":[{"id":55628,"href":"https:\/\/saronti.com\/fr\/wp-json\/wp\/v2\/pages\/50708\/revisions\/55628"}],"wp:attachment":[{"href":"https:\/\/saronti.com\/fr\/wp-json\/wp\/v2\/media?parent=50708"}],"curies":[{"name":"wp","href":"https:\/\/api.w.org\/{rel}","templated":true}]}}