{"id":50721,"date":"2021-06-24T23:22:33","date_gmt":"2021-06-24T23:22:33","guid":{"rendered":"https:\/\/saronti.com\/ajouter-saronti-au-carnet-adresses\/"},"modified":"2021-06-24T23:22:45","modified_gmt":"2021-06-24T23:22:45","slug":"ajouter-saronti-au-carnet-adresses","status":"publish","type":"page","link":"https:\/\/saronti.com\/fr\/ajouter-saronti-au-carnet-adresses\/","title":{"rendered":"Ajouter Saronti au carnet d&rsquo;adresses"},"content":{"rendered":"<p><span style=\"font-size: 120%\"><strong>Bon choix &#8211; vous ne le regretterez pas ! Saronti est vraiment unique<br \/><\/strong><\/span><br \/>La meilleure fa\u00e7on de vous assurer de recevoir les e-mails de Saronti est de<strong> ajoutez news@saronti.com \u00e0 votre carnet d&rsquo;adresses<\/strong> . <br \/>Nous avons d\u00e9nich\u00e9 quelques \u00abComment faire\u00bb pour vous aider au cas o\u00f9 vous en auriez besoin. Veuillez voir ci-dessous:<\/p>\n<div class=\"accordion\">\n\t<div id=\"accordion-116865003\" class=\"accordion-item\">\n\t\t<a id=\"accordion-116865003-label\" class=\"accordion-title plain\" href=\"#accordion-item-courrier_apple_(bureau)\" aria-expanded=\"false\" aria-controls=\"accordion-116865003-content\" >\n\t\t\t<button class=\"toggle\" aria-label=\"Toggle\"><i class=\"icon-angle-down\"><\/i><\/button>\n\t\t\t<span>Courrier Apple (bureau)<\/span>\n\t\t<\/a>\n\t\t<div id=\"accordion-116865003-content\" class=\"accordion-inner\" aria-labelledby=\"accordion-116865003-label\" >\n\t\t\t\n<p>Ajoutez news@saronti.com \u00e0 votre carnet d&rsquo;adresses<\/p>\n<p>Ouvrez le message, cliquez avec le bouton droit sur l&rsquo;adresse e-mail de l&rsquo;exp\u00e9diteur et choisissez Ajouter aux contacts.<\/p>\n<p>Pour plus d&rsquo;informations sur Apple Mail, visitez le<a href=\"https:\/\/support.apple.com\/mail\" rel=\"nofollow noopener\" target=\"_blank\"> Page d&rsquo;assistance Apple Mail<\/a><\/p>\n\t\t<\/div>\n\t<\/div>\n\t\n\t<div id=\"accordion-3954469345\" class=\"accordion-item\">\n\t\t<a id=\"accordion-3954469345-label\" class=\"accordion-title plain\" href=\"#accordion-item-courrier_(appareils_mobiles_apple_ios)\" aria-expanded=\"false\" aria-controls=\"accordion-3954469345-content\" >\n\t\t\t<button class=\"toggle\" aria-label=\"Toggle\"><i class=\"icon-angle-down\"><\/i><\/button>\n\t\t\t<span>Courrier (appareils mobiles Apple iOS)<\/span>\n\t\t<\/a>\n\t\t<div id=\"accordion-3954469345-content\" class=\"accordion-inner\" aria-labelledby=\"accordion-3954469345-label\" >\n\t\t\t\n<p>Ajoutez news@saronti.com \u00e0 votre carnet d&rsquo;adresses<\/p>\n<p>Ouvrez le message et appuyez sur l&rsquo;adresse e-mail De. Appuyez ensuite sur Cr\u00e9er un nouveau contact pour saisir l&rsquo;adresse dans la liste de contacts.<\/p>\n<p>Pour plus d&rsquo;informations sur l&rsquo;application Mail, visitez le<a href=\"https:\/\/support.apple.com\/\" rel=\"nofollow noopener\" target=\"_blank\"> Page d&rsquo;assistance Apple<\/a> .<\/p>\n\t\t<\/div>\n\t<\/div>\n\t\n\t<div id=\"accordion-275322053\" class=\"accordion-item\">\n\t\t<a id=\"accordion-275322053-label\" class=\"accordion-title plain\" href=\"#accordion-item-webmail_aol\" aria-expanded=\"false\" aria-controls=\"accordion-275322053-content\" >\n\t\t\t<button class=\"toggle\" aria-label=\"Toggle\"><i class=\"icon-angle-down\"><\/i><\/button>\n\t\t\t<span>Webmail AOL<\/span>\n\t\t<\/a>\n\t\t<div id=\"accordion-275322053-content\" class=\"accordion-inner\" aria-labelledby=\"accordion-275322053-label\" >\n\t\t\t\n<p>Ajoutez news@saronti.com \u00e0 votre carnet d&rsquo;adresses<\/p>\n<p>Cliquez sur Contacts dans le panneau de navigation, puis sur l&rsquo;ic\u00f4ne Nouveau contact. Saisissez l&rsquo;adresse e-mail et cliquez sur le bouton Ajouter un contact.<\/p>\n<p>Pour plus d&rsquo;informations sur AOL Webmail, visitez le site<a href=\"https:\/\/help.aol.com\/\" rel=\"nofollow noopener\" target=\"_blank\"> Page d&rsquo;assistance AOL<\/a> .<\/p>\n\t\t<\/div>\n\t<\/div>\n\t\n\t<div id=\"accordion-1069213694\" class=\"accordion-item\">\n\t\t<a id=\"accordion-1069213694-label\" class=\"accordion-title plain\" href=\"#accordion-item-gmail_(ordinateur_de_bureau_et_mobile)\" aria-expanded=\"false\" aria-controls=\"accordion-1069213694-content\" >\n\t\t\t<button class=\"toggle\" aria-label=\"Toggle\"><i class=\"icon-angle-down\"><\/i><\/button>\n\t\t\t<span>Gmail (ordinateur de bureau et mobile)<\/span>\n\t\t<\/a>\n\t\t<div id=\"accordion-1069213694-content\" class=\"accordion-inner\" aria-labelledby=\"accordion-1069213694-label\" >\n\t\t\t\n<p>Ajoutez news@saronti.com \u00e0 votre carnet d&rsquo;adresses<\/p>\n<p>Ouvrez la liste de contacts, cliquez ou appuyez sur Nouveau contact et saisissez l&rsquo;adresse.<\/p>\n<p>Pour plus d&rsquo;informations sur Gmail, consultez la page<a href=\"https:\/\/support.google.com\/\" rel=\"nofollow noopener\" target=\"_blank\"> Page d&rsquo;assistance Gmail<\/a> .<\/p>\n\t\t<\/div>\n\t<\/div>\n\t\n\t<div id=\"accordion-455710795\" class=\"accordion-item\">\n\t\t<a id=\"accordion-455710795-label\" class=\"accordion-title plain\" href=\"#accordion-item-perspectives\" aria-expanded=\"false\" aria-controls=\"accordion-455710795-content\" >\n\t\t\t<button class=\"toggle\" aria-label=\"Toggle\"><i class=\"icon-angle-down\"><\/i><\/button>\n\t\t\t<span>Perspectives<\/span>\n\t\t<\/a>\n\t\t<div id=\"accordion-455710795-content\" class=\"accordion-inner\" aria-labelledby=\"accordion-455710795-label\" >\n\t\t\t\n<p>Ajoutez news@saronti.com \u00e0 votre carnet d&rsquo;adresses<\/p>\n<p>Ouvrez le message, cliquez avec le bouton droit sur le nom de l&rsquo;exp\u00e9diteur, puis cliquez sur Ajouter aux contacts.<a href=\"https:\/\/mailchimp.com\/help\/my-campaign-from-name-shows-mcsvnet\/\" rel=\"nofollow noopener\" target=\"_blank\"> Informations d&rsquo;authentification<\/a> peut s&rsquo;afficher dans la zone du nom de l&rsquo;exp\u00e9diteur d&rsquo;Outlook, alors ajoutez uniquement l&rsquo;adresse.<\/p>\n<p>Pour plus d&rsquo;informations sur Outlook, visitez le<a href=\"https:\/\/support.microsoft.com\/en-us\/contactus\" rel=\"nofollow noopener\" target=\"_blank\"> Page d&rsquo;assistance de bureau<\/a> .<\/p>\n\t\t<\/div>\n\t<\/div>\n\t\n\t<div id=\"accordion-2655069462\" class=\"accordion-item\">\n\t\t<a id=\"accordion-2655069462-label\" class=\"accordion-title plain\" href=\"#accordion-item-outlook.com\" aria-expanded=\"false\" aria-controls=\"accordion-2655069462-content\" >\n\t\t\t<button class=\"toggle\" aria-label=\"Toggle\"><i class=\"icon-angle-down\"><\/i><\/button>\n\t\t\t<span>Outlook.com<\/span>\n\t\t<\/a>\n\t\t<div id=\"accordion-2655069462-content\" class=\"accordion-inner\" aria-labelledby=\"accordion-2655069462-label\" >\n\t\t\t\n<p>Ajoutez news@saronti.com \u00e0 votre liste de destinataires s\u00fbrs.<\/p>\n<p>Cliquez sur l&rsquo;ic\u00f4ne d&rsquo;engrenage et choisissez Options. Cliquez sur le lien Exp\u00e9diteurs approuv\u00e9s et bloqu\u00e9s, cliquez sur Exp\u00e9diteurs approuv\u00e9s et saisissez l&rsquo;adresse e-mail de l&rsquo;exp\u00e9diteur du message.<\/p>\n<p>Pour plus d&rsquo;informations sur Outlook.com, visitez le<a href=\"https:\/\/support.office.com\/en-us\/article\/get-help-with-outlook-com-40676ad0-c831-45ac-a023-5be633be798d?ui=en-USrs=en-USad=US\" rel=\"nofollow noopener\" target=\"_blank\"> Page d&rsquo;assistance Outlook.com<\/a> .<\/p>\n\t\t<\/div>\n\t<\/div>\n\t\n\t<div id=\"accordion-1527365615\" class=\"accordion-item\">\n\t\t<a id=\"accordion-1527365615-label\" class=\"accordion-title plain\" href=\"#accordion-item-yahoo_mail\" aria-expanded=\"false\" aria-controls=\"accordion-1527365615-content\" >\n\t\t\t<button class=\"toggle\" aria-label=\"Toggle\"><i class=\"icon-angle-down\"><\/i><\/button>\n\t\t\t<span>yahoo Mail<\/span>\n\t\t<\/a>\n\t\t<div id=\"accordion-1527365615-content\" class=\"accordion-inner\" aria-labelledby=\"accordion-1527365615-label\" >\n\t\t\t\n<p>Ajoutez news@saronti.com \u00e0 votre liste de destinataires s\u00fbrs.<\/p>\n<p>Ouvrez le message et cliquez sur le bouton Ajouter aux contacts \u00e0 c\u00f4t\u00e9 de l&rsquo;adresse e-mail De.<\/p>\n<p>Pour plus d&rsquo;informations sur Yahoo Mail, visitez le<a href=\"https:\/\/help.yahoo.com\/kb\/account\" rel=\"nofollow noopener\" target=\"_blank\"> Page d&rsquo;assistance Yahoo<\/a> .<\/p>\n\t\t<\/div>\n\t<\/div>\n\t\n<\/div>\n","protected":false},"excerpt":{"rendered":"<p>Bon choix &#8211; vous ne le regretterez pas ! Saronti est vraiment uniqueLa meilleure fa\u00e7on de vous assurer de recevoir les e-mails de Saronti est de ajoutez news@saronti.com \u00e0 votre carnet d&rsquo;adresses . Nous avons d\u00e9nich\u00e9 quelques \u00abComment faire\u00bb pour vous aider au cas o\u00f9 vous en auriez besoin. Veuillez voir ci-dessous:<\/p>\n","protected":false},"author":2,"featured_media":0,"parent":0,"menu_order":0,"comment_status":"closed","ping_status":"closed","template":"","meta":{"footnotes":""},"class_list":["post-50721","page","type-page","status-publish","hentry"],"_links":{"self":[{"href":"https:\/\/saronti.com\/fr\/wp-json\/wp\/v2\/pages\/50721","targetHints":{"allow":["GET"]}}],"collection":[{"href":"https:\/\/saronti.com\/fr\/wp-json\/wp\/v2\/pages"}],"about":[{"href":"https:\/\/saronti.com\/fr\/wp-json\/wp\/v2\/types\/page"}],"author":[{"embeddable":true,"href":"https:\/\/saronti.com\/fr\/wp-json\/wp\/v2\/users\/2"}],"replies":[{"embeddable":true,"href":"https:\/\/saronti.com\/fr\/wp-json\/wp\/v2\/comments?post=50721"}],"version-history":[{"count":3,"href":"https:\/\/saronti.com\/fr\/wp-json\/wp\/v2\/pages\/50721\/revisions"}],"predecessor-version":[{"id":50726,"href":"https:\/\/saronti.com\/fr\/wp-json\/wp\/v2\/pages\/50721\/revisions\/50726"}],"wp:attachment":[{"href":"https:\/\/saronti.com\/fr\/wp-json\/wp\/v2\/media?parent=50721"}],"curies":[{"name":"wp","href":"https:\/\/api.w.org\/{rel}","templated":true}]}}