{"id":50728,"date":"2021-06-24T23:27:33","date_gmt":"2021-06-24T23:27:33","guid":{"rendered":"https:\/\/saronti.com\/pouvons-nous-aider\/"},"modified":"2021-06-24T23:27:43","modified_gmt":"2021-06-24T23:27:43","slug":"pouvons-nous-aider","status":"publish","type":"page","link":"https:\/\/saronti.com\/fr\/pouvons-nous-aider\/","title":{"rendered":"Pouvons-nous aider?"},"content":{"rendered":"<div class=\"row\"  id=\"row-839573326\">\n\n\t<div id=\"col-1051330990\" class=\"col small-12 large-12\"  >\n\t\t\t\t<div class=\"col-inner\"  >\n\t\t\t\n\t\t\t\n<h2><strong>Oups! Avez-vous chang\u00e9 d&rsquo;avis ou y a-t-il un bug quelque part? <\/strong><\/h2>\n<p>Veuillez nous contacter et nous faire savoir si nous pouvons vous aider avec quoi que ce soit.<\/p>\n<p><strong>E-mail<\/strong><a href=\"mailto:help@saronti.com\"> help@saranti.com<\/a><br \/><strong>WhatsApp<\/strong><a href=\"https:\/\/wa.me\/447957327322\/?text=Hi%20Saronti,\" rel=\"nofollow noopener\" target=\"_blank\"> discuter ici<\/a> <br \/>ou Chattez avec nous en utilisant la bo\u00eete de chat en bas \u00e0 droite de cet \u00e9cran<\/p>\n\t\t<\/div>\n\t\t\t\t\t<\/div>\n\n\t\n<\/div>\n","protected":false},"excerpt":{"rendered":"","protected":false},"author":2,"featured_media":0,"parent":0,"menu_order":0,"comment_status":"closed","ping_status":"closed","template":"","meta":{"footnotes":""},"class_list":["post-50728","page","type-page","status-publish","hentry"],"_links":{"self":[{"href":"https:\/\/saronti.com\/fr\/wp-json\/wp\/v2\/pages\/50728","targetHints":{"allow":["GET"]}}],"collection":[{"href":"https:\/\/saronti.com\/fr\/wp-json\/wp\/v2\/pages"}],"about":[{"href":"https:\/\/saronti.com\/fr\/wp-json\/wp\/v2\/types\/page"}],"author":[{"embeddable":true,"href":"https:\/\/saronti.com\/fr\/wp-json\/wp\/v2\/users\/2"}],"replies":[{"embeddable":true,"href":"https:\/\/saronti.com\/fr\/wp-json\/wp\/v2\/comments?post=50728"}],"version-history":[{"count":2,"href":"https:\/\/saronti.com\/fr\/wp-json\/wp\/v2\/pages\/50728\/revisions"}],"predecessor-version":[{"id":50732,"href":"https:\/\/saronti.com\/fr\/wp-json\/wp\/v2\/pages\/50728\/revisions\/50732"}],"wp:attachment":[{"href":"https:\/\/saronti.com\/fr\/wp-json\/wp\/v2\/media?parent=50728"}],"curies":[{"name":"wp","href":"https:\/\/api.w.org\/{rel}","templated":true}]}}