{"id":50744,"date":"2021-06-24T23:34:40","date_gmt":"2021-06-24T23:34:40","guid":{"rendered":"https:\/\/saronti.com\/coloration-personnalisee\/"},"modified":"2021-06-24T23:34:49","modified_gmt":"2021-06-24T23:34:49","slug":"coloration-personnalisee","status":"publish","type":"page","link":"https:\/\/saronti.com\/fr\/coloration-personnalisee\/","title":{"rendered":"Coloriage personnalis\u00e9"},"content":{"rendered":"<div class=\"row\"  id=\"row-2033248114\">\n\n\t<div id=\"col-948363298\" class=\"col medium-9 small-12 large-9\"  >\n\t\t\t\t<div class=\"col-inner\"  >\n\t\t\t\n\t\t\t\n<h2>Coloriage personnalis\u00e9<\/h2>\n\t\t<\/div>\n\t\t\t\t\n<style>\n#col-948363298 > .col-inner {\n  margin: 0px 0px -20px 0px;\n}\n<\/style>\n\t<\/div>\n\n\t\n\n\t<div id=\"col-1050750561\" class=\"col medium-3 small-12 large-3\"  >\n\t\t\t\t<div class=\"col-inner\"  >\n\t\t\t\n\t\t\t\n<div class=\"social-icons share-icons share-row relative full-width text-left\" ><a href=\"whatsapp:\/\/send?text=Coloriage%20personnalis%C3%A9 - https:\/\/saronti.com\/fr\/coloration-personnalisee\/\" data-action=\"share\/whatsapp\/share\" class=\"icon primary button circle tooltip whatsapp show-for-medium\" title=\"Partager sur WhatsApp\" aria-label=\"Partager sur WhatsApp\" ><i class=\"icon-whatsapp\" ><\/i><\/a><a href=\"https:\/\/www.facebook.com\/sharer.php?u=https:\/\/saronti.com\/fr\/coloration-personnalisee\/\" data-label=\"Facebook\" onclick=\"window.open(this.href,this.title,'width=500,height=500,top=300px,left=300px'); return false;\" rel=\"noopener noreferrer nofollow\" target=\"_blank\" class=\"icon primary button circle tooltip facebook\" title=\"Partager sur Facebook\" aria-label=\"Partager sur Facebook\" ><i class=\"icon-facebook\" ><\/i><\/a><a href=\"https:\/\/twitter.com\/share?url=https:\/\/saronti.com\/fr\/coloration-personnalisee\/\" onclick=\"window.open(this.href,this.title,'width=500,height=500,top=300px,left=300px'); return false;\" rel=\"noopener noreferrer nofollow\" target=\"_blank\" class=\"icon primary button circle tooltip twitter\" title=\"Partager sur Twitter\" aria-label=\"Partager sur Twitter\" ><i class=\"icon-twitter\" ><\/i><\/a><a href=\"mailto:?subject=Coloriage%20personnalis%C3%A9&body=Check%20this%20out%3A%20https%3A%2F%2Fsaronti.com%2Ffr%2Fcoloration-personnalisee%2F\" rel=\"nofollow\" class=\"icon primary button circle tooltip email\" title=\"Envoyer par mail\" aria-label=\"Envoyer par mail\" ><i class=\"icon-envelop\" ><\/i><\/a><a href=\"https:\/\/pinterest.com\/pin\/create\/button?url=https:\/\/saronti.com\/fr\/coloration-personnalisee\/&media&description=Coloriage%20personnalis%C3%A9\" onclick=\"window.open(this.href,this.title,'width=500,height=500,top=300px,left=300px'); return false;\" rel=\"noopener noreferrer nofollow\" target=\"_blank\" class=\"icon primary button circle tooltip pinterest\" title=\"Epingler sur Pinterest\" aria-label=\"Epingler sur Pinterest\" ><i class=\"icon-pinterest\" ><\/i><\/a><a href=\"https:\/\/www.linkedin.com\/shareArticle?mini=true&url=https:\/\/saronti.com\/fr\/coloration-personnalisee\/&title=Coloriage%20personnalis%C3%A9\" onclick=\"window.open(this.href,this.title,'width=500,height=500,top=300px,left=300px'); return false;\" rel=\"noopener noreferrer nofollow\" target=\"_blank\" class=\"icon primary button circle tooltip linkedin\" title=\"Partager sur LinkedIn\" aria-label=\"Partager sur LinkedIn\" ><i class=\"icon-linkedin\" ><\/i><\/a><\/div>\n\t\t<\/div>\n\t\t\t\t\n<style>\n#col-1050750561 > .col-inner {\n  margin: 0px 0px -20px 0px;\n}\n<\/style>\n\t<\/div>\n\n\t\n\n\t<div id=\"col-366084612\" class=\"col small-12 large-12\"  >\n\t\t\t\t<div class=\"col-inner\"  >\n\t\t\t\n\t\t\t\n<p>Transformez votre enfant, ami ou m\u00eame grand-p\u00e8re en une superstar! Personnalisez votre coloriage avec un visage et un nom\/l\u00e9gende de votre choix. Cr\u00e9ez vous-m\u00eame \u00e0 l&rsquo;aide de notre outil DIY, t\u00e9l\u00e9chargez gratuitement ou imprimez sur une affiche, un bloc-notes, une carte de voeux et plus encore. Pour plus d&rsquo;un coloriage, jetez un oeil \u00e0 notre <a href=\"https:\/\/saronti.com\/personalised-colouring-books\/\" target=\"_blank\" rel=\"noopener noreferrer\">livres de coloriage<\/a> . Rires garantis \ud83d\ude42<\/p>\n\t\t<\/div>\n\t\t\t\t\n<style>\n#col-366084612 > .col-inner {\n  margin: 0px 0px -22px 0px;\n}\n<\/style>\n\t<\/div>\n\n\t\n<\/div>\n\n\t\t<div class=\"tabbed-content\">\n\t\t\t<h4 class=\"uppercase text-left\">Choisissez un th\u00e8me<\/h4>\n\t\t\t<ul class=\"nav nav-pills nav-uppercase nav-size-normal nav-left\" role=\"tablist\"><li id=\"tab-des-sports\" class=\"tab active has-icon\" role=\"presentation\"><a href=\"#tab_des-sports\" role=\"tab\" aria-selected=\"true\" aria-controls=\"tab_des-sports\"><span>Des sports<\/span><\/a><\/li>\n<li id=\"tab-personnages-du-livre\" class=\"tab has-icon\" role=\"presentation\"><a href=\"#tab_personnages-du-livre\" tabindex=\"-1\" role=\"tab\" aria-selected=\"false\" aria-controls=\"tab_personnages-du-livre\"><span>Personnages du livre<\/span><\/a><\/li>\n<li id=\"tab-super-h\u00e9ros\" class=\"tab has-icon\" role=\"presentation\"><a href=\"#tab_super-h\u00e9ros\" tabindex=\"-1\" role=\"tab\" aria-selected=\"false\" aria-controls=\"tab_super-h\u00e9ros\"><span>Super-h\u00e9ros<\/span><\/a><\/li>\n<li id=\"tab-effrayant\" class=\"tab has-icon\" role=\"presentation\"><a href=\"#tab_effrayant\" tabindex=\"-1\" role=\"tab\" aria-selected=\"false\" aria-controls=\"tab_effrayant\"><span>Effrayant<\/span><\/a><\/li><\/ul><div class=\"tab-panels\"><div id=\"tab_des-sports\" class=\"panel active entry-content\" role=\"tabpanel\" aria-labelledby=\"tab-des-sports\">\n\n  \n    <div class=\"row  equalize-box large-columns-4 medium-columns-3 small-columns-2 row-normal has-shadow row-box-shadow-2 row-box-shadow-4-hover\" >\n  \t<\/div>\n<\/div>\n<div id=\"tab_personnages-du-livre\" class=\"panel entry-content\" role=\"tabpanel\" aria-labelledby=\"tab-personnages-du-livre\">\n\n  \n    <div class=\"row  equalize-box large-columns-4 medium-columns-3 small-columns-2 row-normal has-shadow row-box-shadow-2 row-box-shadow-4-hover\" >\n  \t<\/div>\n<\/div>\n<div id=\"tab_super-h\u00e9ros\" class=\"panel entry-content\" role=\"tabpanel\" aria-labelledby=\"tab-super-h\u00e9ros\">\n\n  \n    <div class=\"row  equalize-box large-columns-4 medium-columns-3 small-columns-2 row-normal has-shadow row-box-shadow-2 row-box-shadow-4-hover\" >\n  \t<\/div>\n<\/div>\n<div id=\"tab_effrayant\" class=\"panel entry-content\" role=\"tabpanel\" aria-labelledby=\"tab-effrayant\">\n\n  \n    <div class=\"row  equalize-box large-columns-4 medium-columns-3 small-columns-2 row-normal has-shadow row-box-shadow-2 row-box-shadow-4-hover\" >\n  \t<\/div>\n<\/div><\/div><\/div>\n<div class=\"row\"  id=\"row-944988283\">\n\n\t<div id=\"col-2121614271\" class=\"col small-12 large-12\"  >\n\t\t\t\t<div class=\"col-inner\"  >\n\t\t\t\n\t\t\t\n<h3>AIDE  CONSEILS<\/h3>\n\t\t<\/div>\n\t\t\t\t\n<style>\n#col-2121614271 > .col-inner {\n  margin: 0px 0px -30px 0px;\n}\n<\/style>\n\t<\/div>\n\n\t\n\n\t<div id=\"col-1773205706\" class=\"col medium-6 small-12 large-6\"  >\n\t\t\t\t<div class=\"col-inner\"  >\n\t\t\t\n\t\t\t\n<h4>Comment personnaliser votre propre coloration<\/h4>\n<div style=\"width: 1020px;\" class=\"wp-video\"><!--[if lt IE 9]><script>document.createElement('video');<\/script><![endif]-->\n<video class=\"wp-video-shortcode\" id=\"video-50744-1\" width=\"1020\" height=\"574\" preload=\"metadata\" controls=\"controls\"><source type=\"video\/mp4\" src=\"https:\/\/saronti.com\/wp-content\/uploads\/2020\/04\/How-to-create-your-own-colouring.mp4?_=1\" \/><a href=\"https:\/\/saronti.com\/wp-content\/uploads\/2020\/04\/How-to-create-your-own-colouring.mp4\">https:\/\/saronti.com\/wp-content\/uploads\/2020\/04\/How-to-create-your-own-colouring.mp4<\/a><\/video><\/div>\n\t\t<\/div>\n\t\t\t\t\t<\/div>\n\n\t\n\n\t<div id=\"col-1641159877\" class=\"col hide-for-medium medium-6 small-12 large-6\"  >\n\t\t\t\t<div class=\"col-inner\"  >\n\t\t\t\n\t\t\t\n<h4>Comment d\u00e9couper des t\u00eates sur vos photos num\u00e9riques<\/h4>\n<div style=\"width: 1020px;\" class=\"wp-video\"><video class=\"wp-video-shortcode\" id=\"video-50744-2\" width=\"1020\" height=\"574\" preload=\"metadata\" controls=\"controls\"><source type=\"video\/mp4\" src=\"https:\/\/saronti.com\/wp-content\/uploads\/2020\/03\/How-to-add-and-cut-out-heads-from-your-digital-photos.mp4?_=2\" \/><a href=\"https:\/\/saronti.com\/wp-content\/uploads\/2020\/03\/How-to-add-and-cut-out-heads-from-your-digital-photos.mp4\">https:\/\/saronti.com\/wp-content\/uploads\/2020\/03\/How-to-add-and-cut-out-heads-from-your-digital-photos.mp4<\/a><\/video><\/div>\n\t\t<\/div>\n\t\t\t\t\t<\/div>\n\n\t\n<\/div>\n","protected":false},"excerpt":{"rendered":"","protected":false},"author":2,"featured_media":0,"parent":0,"menu_order":0,"comment_status":"closed","ping_status":"closed","template":"","meta":{"footnotes":""},"class_list":["post-50744","page","type-page","status-publish","hentry"],"_links":{"self":[{"href":"https:\/\/saronti.com\/fr\/wp-json\/wp\/v2\/pages\/50744","targetHints":{"allow":["GET"]}}],"collection":[{"href":"https:\/\/saronti.com\/fr\/wp-json\/wp\/v2\/pages"}],"about":[{"href":"https:\/\/saronti.com\/fr\/wp-json\/wp\/v2\/types\/page"}],"author":[{"embeddable":true,"href":"https:\/\/saronti.com\/fr\/wp-json\/wp\/v2\/users\/2"}],"replies":[{"embeddable":true,"href":"https:\/\/saronti.com\/fr\/wp-json\/wp\/v2\/comments?post=50744"}],"version-history":[{"count":2,"href":"https:\/\/saronti.com\/fr\/wp-json\/wp\/v2\/pages\/50744\/revisions"}],"predecessor-version":[{"id":50748,"href":"https:\/\/saronti.com\/fr\/wp-json\/wp\/v2\/pages\/50744\/revisions\/50748"}],"wp:attachment":[{"href":"https:\/\/saronti.com\/fr\/wp-json\/wp\/v2\/media?parent=50744"}],"curies":[{"name":"wp","href":"https:\/\/api.w.org\/{rel}","templated":true}]}}