{"id":50758,"date":"2021-06-24T23:35:23","date_gmt":"2021-06-24T23:35:23","guid":{"rendered":"https:\/\/saronti.com\/cahiers-de-coloriage-personnalises\/"},"modified":"2021-06-24T23:36:07","modified_gmt":"2021-06-24T23:36:07","slug":"cahiers-de-coloriage-personnalises","status":"publish","type":"page","link":"https:\/\/saronti.com\/fr\/cahiers-de-coloriage-personnalises\/","title":{"rendered":"Livres de coloriage personnalis\u00e9s"},"content":{"rendered":"<div class=\"row\"  id=\"row-858469276\">\n\n\t<div id=\"col-1433319494\" class=\"col medium-9 small-12 large-9\"  >\n\t\t\t\t<div class=\"col-inner\"  >\n\t\t\t\n\t\t\t\n<h2>Livre de coloriage personnalis\u00e9<\/h2>\n\t\t<\/div>\n\t\t\t\t\n<style>\n#col-1433319494 > .col-inner {\n  padding: 0px 0px 0px 0px;\n  margin: 0px 0px -22px 0px;\n}\n<\/style>\n\t<\/div>\n\n\t\n\n\t<div id=\"col-1732575868\" class=\"col medium-3 small-12 large-3\"  >\n\t\t\t\t<div class=\"col-inner\"  >\n\t\t\t\n\t\t\t\n<div class=\"social-icons share-icons share-row relative full-width text-left\" ><a href=\"whatsapp:\/\/send?text=Livres%20de%20coloriage%20personnalis%C3%A9s - https:\/\/saronti.com\/fr\/cahiers-de-coloriage-personnalises\/\" data-action=\"share\/whatsapp\/share\" class=\"icon primary button circle tooltip whatsapp show-for-medium\" title=\"Partager sur WhatsApp\" aria-label=\"Partager sur WhatsApp\" ><i class=\"icon-whatsapp\" ><\/i><\/a><a href=\"https:\/\/www.facebook.com\/sharer.php?u=https:\/\/saronti.com\/fr\/cahiers-de-coloriage-personnalises\/\" data-label=\"Facebook\" onclick=\"window.open(this.href,this.title,'width=500,height=500,top=300px,left=300px'); return false;\" rel=\"noopener noreferrer nofollow\" target=\"_blank\" class=\"icon primary button circle tooltip facebook\" title=\"Partager sur Facebook\" aria-label=\"Partager sur Facebook\" ><i class=\"icon-facebook\" ><\/i><\/a><a href=\"https:\/\/twitter.com\/share?url=https:\/\/saronti.com\/fr\/cahiers-de-coloriage-personnalises\/\" onclick=\"window.open(this.href,this.title,'width=500,height=500,top=300px,left=300px'); return false;\" rel=\"noopener noreferrer nofollow\" target=\"_blank\" class=\"icon primary button circle tooltip twitter\" title=\"Partager sur Twitter\" aria-label=\"Partager sur Twitter\" ><i class=\"icon-twitter\" ><\/i><\/a><a href=\"mailto:?subject=Livres%20de%20coloriage%20personnalis%C3%A9s&body=Check%20this%20out%3A%20https%3A%2F%2Fsaronti.com%2Ffr%2Fcahiers-de-coloriage-personnalises%2F\" rel=\"nofollow\" class=\"icon primary button circle tooltip email\" title=\"Envoyer par mail\" aria-label=\"Envoyer par mail\" ><i class=\"icon-envelop\" ><\/i><\/a><a href=\"https:\/\/pinterest.com\/pin\/create\/button?url=https:\/\/saronti.com\/fr\/cahiers-de-coloriage-personnalises\/&media&description=Livres%20de%20coloriage%20personnalis%C3%A9s\" onclick=\"window.open(this.href,this.title,'width=500,height=500,top=300px,left=300px'); return false;\" rel=\"noopener noreferrer nofollow\" target=\"_blank\" class=\"icon primary button circle tooltip pinterest\" title=\"Epingler sur Pinterest\" aria-label=\"Epingler sur Pinterest\" ><i class=\"icon-pinterest\" ><\/i><\/a><a href=\"https:\/\/www.linkedin.com\/shareArticle?mini=true&url=https:\/\/saronti.com\/fr\/cahiers-de-coloriage-personnalises\/&title=Livres%20de%20coloriage%20personnalis%C3%A9s\" onclick=\"window.open(this.href,this.title,'width=500,height=500,top=300px,left=300px'); return false;\" rel=\"noopener noreferrer nofollow\" target=\"_blank\" class=\"icon primary button circle tooltip linkedin\" title=\"Partager sur LinkedIn\" aria-label=\"Partager sur LinkedIn\" ><i class=\"icon-linkedin\" ><\/i><\/a><\/div>\n\t\t<\/div>\n\t\t\t\t\n<style>\n#col-1732575868 > .col-inner {\n  margin: 0px 0px -22px 0px;\n}\n<\/style>\n\t<\/div>\n\n\t\n\n\t<div id=\"col-1151878539\" class=\"col small-12 large-12\"  >\n\t\t\t\t<div class=\"col-inner\"  >\n\t\t\t\n\t\t\t\n<p>24 pages de coloriage Sport, Superhero &amp; Storybook Stars, toutes personnalis\u00e9es avec des visages et des noms.! Cr\u00e9ez vous-m\u00eame \u00e0 l&rsquo;aide de notre outil de bricolage, T\u00e9l\u00e9chargez gratuitement ou Payez pour une impression de haute qualit\u00e9. Rires garantis \ud83d\ude42<\/p>\n\t\t<\/div>\n\t\t\t\t\n<style>\n#col-1151878539 > .col-inner {\n  margin: 0px 0px -31px 0px;\n}\n<\/style>\n\t<\/div>\n\n\t\n\n\t<div id=\"col-1040493838\" class=\"col medium-9 small-12 large-9\"  >\n\t\t\t\t<div class=\"col-inner\"  >\n\t\t\t\n\t\t\t\n\n  \n    <div class=\"row  equalize-box large-columns-2 medium-columns- small-columns- row-normal has-shadow row-box-shadow-2 row-box-shadow-4-hover\" >\n  \t\n\t     <div class=\"col\" >\n\t\t\t\t\t\t<div class=\"col-inner\">\n\t\t\t\t\t\t\n<div class=\"badge-container absolute left top z-1\">\n\n<\/div>\n\t\t\t\t\t\t<div class=\"product-small box has-hover box-normal box-text-bottom\">\n\t\t\t\t\t\t\t<div class=\"box-image\" >\n\t\t\t\t\t\t\t\t<div class=\"\" >\n\t\t\t\t\t\t\t\t\t<a href=\"https:\/\/saronti.com\/fr\/product\/livre-de-coloriage-de-famille-personnalisee-garcons\/\" aria-label=\"Livre de coloriage familial personnalis\u00e9 - Gar\u00e7ons\">\n\t\t\t\t\t\t\t\t\t\t<img loading=\"lazy\" decoding=\"async\" width=\"510\" height=\"510\" src=\"https:\/\/saronti.com\/wp-content\/uploads\/2020\/11\/personalised-colouring-robin-hood-510x510.jpg\" class=\"show-on-hover absolute fill hide-for-small back-image\" alt=\"coloriage robin des bois\" srcset=\"https:\/\/saronti.com\/wp-content\/uploads\/2020\/11\/personalised-colouring-robin-hood-510x510.jpg 510w, https:\/\/saronti.com\/wp-content\/uploads\/2020\/11\/personalised-colouring-robin-hood-100x100.jpg 100w, https:\/\/saronti.com\/wp-content\/uploads\/2020\/11\/personalised-colouring-robin-hood-400x400.jpg 400w, https:\/\/saronti.com\/wp-content\/uploads\/2020\/11\/personalised-colouring-robin-hood-800x800.jpg 800w, https:\/\/saronti.com\/wp-content\/uploads\/2020\/11\/personalised-colouring-robin-hood-280x280.jpg 280w, https:\/\/saronti.com\/wp-content\/uploads\/2020\/11\/personalised-colouring-robin-hood-768x768.jpg 768w, https:\/\/saronti.com\/wp-content\/uploads\/2020\/11\/personalised-colouring-robin-hood.jpg 1080w\" sizes=\"auto, (max-width: 510px) 100vw, 510px\" \/><img loading=\"lazy\" decoding=\"async\" width=\"510\" height=\"510\" src=\"https:\/\/saronti.com\/wp-content\/uploads\/2020\/11\/personalised-colouring-book-for-boys-510x510.jpg\" class=\"attachment-woocommerce_thumbnail size-woocommerce_thumbnail\" alt=\"Livre de coloriage de famille pour les gar\u00e7ons\" srcset=\"https:\/\/saronti.com\/wp-content\/uploads\/2020\/11\/personalised-colouring-book-for-boys-510x510.jpg 510w, https:\/\/saronti.com\/wp-content\/uploads\/2020\/11\/personalised-colouring-book-for-boys-100x100.jpg 100w, https:\/\/saronti.com\/wp-content\/uploads\/2020\/11\/personalised-colouring-book-for-boys-400x400.jpg 400w, https:\/\/saronti.com\/wp-content\/uploads\/2020\/11\/personalised-colouring-book-for-boys-800x800.jpg 800w, https:\/\/saronti.com\/wp-content\/uploads\/2020\/11\/personalised-colouring-book-for-boys-280x280.jpg 280w, https:\/\/saronti.com\/wp-content\/uploads\/2020\/11\/personalised-colouring-book-for-boys-768x768.jpg 768w, https:\/\/saronti.com\/wp-content\/uploads\/2020\/11\/personalised-colouring-book-for-boys.jpg 1080w\" sizes=\"auto, (max-width: 510px) 100vw, 510px\" \/>\t\t\t\t\t\t\t\t\t<\/a>\n\t\t\t\t\t\t\t\t\t\t\t\t\t\t\t\t\t\t \t\t\t\t\t\t\t\t<\/div>\n\t\t\t\t\t\t\t\t<div class=\"image-tools top right show-on-hover\">\n\t\t\t\t\t\t\t\t\t\t\t\t\t\t\t\t\t<\/div>\n\t\t\t\t\t\t\t\t\t\t\t\t\t\t\t\t\t<div class=\"image-tools grid-tools text-center hide-for-small bottom hover-slide-in show-on-hover\">\n\t\t\t\t\t\t\t\t\t\t\t\t\t\t\t\t\t\t\t<\/div>\n\t\t\t\t\t\t\t\t\t\t\t\t\t\t\t\t\t\t\t\t\t\t\t<\/div>\n\n\t\t\t\t\t\t\t<div class=\"box-text text-center\" >\n\t\t\t\t\t\t\t\t<div class=\"title-wrapper\"><p class=\"name product-title woocommerce-loop-product__title\"><a href=\"https:\/\/saronti.com\/fr\/product\/livre-de-coloriage-de-famille-personnalisee-garcons\/\" class=\"woocommerce-LoopProduct-link woocommerce-loop-product__link\">Livre de coloriage familial personnalis\u00e9 &#8211; Gar\u00e7ons<\/a><\/p><\/div><div class=\"price-wrapper\"><\/div><div class=\"add-to-cart-button\"><a href=\"https:\/\/saronti.com\/fr\/product\/livre-de-coloriage-de-famille-personnalisee-garcons\/\" aria-describedby=\"woocommerce_loop_add_to_cart_link_describedby_53549\" data-quantity=\"1\" class=\"primary is-small mb-0 button product_type_variable add_to_cart_button is-flat\" data-product_id=\"53549\" data-product_sku=\"personalised-colouring-book-for-boys\" aria-label=\"S\u00e9lectionner les options pour &ldquo;Livre de coloriage familial personnalis\u00e9 - Gar\u00e7ons&rdquo;\" rel=\"nofollow\">Choix des options<\/a><\/div>\t<span id=\"woocommerce_loop_add_to_cart_link_describedby_53549\" class=\"screen-reader-text\">\n\t\tCe produit a plusieurs variations. Les options peuvent \u00eatre choisies sur la page du produit\t<\/span>\n\t\t\t\t\t\t\t<\/div>\n\t\t\t\t\t\t<\/div>\n\t\t\t\t\t\t<\/div>\n\t\t\t\t\t<\/div><div class=\"col\" >\n\t\t\t\t\t\t<div class=\"col-inner\">\n\t\t\t\t\t\t\n<div class=\"badge-container absolute left top z-1\">\n\n<\/div>\n\t\t\t\t\t\t<div class=\"product-small box has-hover box-normal box-text-bottom\">\n\t\t\t\t\t\t\t<div class=\"box-image\" >\n\t\t\t\t\t\t\t\t<div class=\"\" >\n\t\t\t\t\t\t\t\t\t<a href=\"https:\/\/saronti.com\/fr\/product\/livre-de-coloriage-famille-filles\/\" aria-label=\"Livre de coloriage familial personnalis\u00e9 pour les filles\">\n\t\t\t\t\t\t\t\t\t\t<img loading=\"lazy\" decoding=\"async\" width=\"510\" height=\"510\" src=\"https:\/\/saronti.com\/wp-content\/uploads\/2020\/11\/personalised-colouring-book-for-girls-510x510.jpg\" class=\"attachment-woocommerce_thumbnail size-woocommerce_thumbnail\" alt=\"Livre de coloriage familial personnalis\u00e9 pour les filles\" srcset=\"https:\/\/saronti.com\/wp-content\/uploads\/2020\/11\/personalised-colouring-book-for-girls-510x510.jpg 510w, https:\/\/saronti.com\/wp-content\/uploads\/2020\/11\/personalised-colouring-book-for-girls-100x100.jpg 100w, https:\/\/saronti.com\/wp-content\/uploads\/2020\/11\/personalised-colouring-book-for-girls-400x400.jpg 400w, https:\/\/saronti.com\/wp-content\/uploads\/2020\/11\/personalised-colouring-book-for-girls-800x800.jpg 800w, https:\/\/saronti.com\/wp-content\/uploads\/2020\/11\/personalised-colouring-book-for-girls-280x280.jpg 280w, https:\/\/saronti.com\/wp-content\/uploads\/2020\/11\/personalised-colouring-book-for-girls-768x768.jpg 768w, https:\/\/saronti.com\/wp-content\/uploads\/2020\/11\/personalised-colouring-book-for-girls.jpg 1080w\" sizes=\"auto, (max-width: 510px) 100vw, 510px\" \/>\t\t\t\t\t\t\t\t\t<\/a>\n\t\t\t\t\t\t\t\t\t\t\t\t\t\t\t\t\t\t \t\t\t\t\t\t\t\t<\/div>\n\t\t\t\t\t\t\t\t<div class=\"image-tools top right show-on-hover\">\n\t\t\t\t\t\t\t\t\t\t\t\t\t\t\t\t\t<\/div>\n\t\t\t\t\t\t\t\t\t\t\t\t\t\t\t\t\t<div class=\"image-tools grid-tools text-center hide-for-small bottom hover-slide-in show-on-hover\">\n\t\t\t\t\t\t\t\t\t\t\t\t\t\t\t\t\t\t\t<\/div>\n\t\t\t\t\t\t\t\t\t\t\t\t\t\t\t\t\t\t\t\t\t\t\t<\/div>\n\n\t\t\t\t\t\t\t<div class=\"box-text text-center\" >\n\t\t\t\t\t\t\t\t<div class=\"title-wrapper\"><p class=\"name product-title woocommerce-loop-product__title\"><a href=\"https:\/\/saronti.com\/fr\/product\/livre-de-coloriage-famille-filles\/\" class=\"woocommerce-LoopProduct-link woocommerce-loop-product__link\">Livre de coloriage familial personnalis\u00e9 pour les filles<\/a><\/p><\/div><div class=\"price-wrapper\"><\/div><div class=\"add-to-cart-button\"><a href=\"https:\/\/saronti.com\/fr\/product\/livre-de-coloriage-famille-filles\/\" aria-describedby=\"woocommerce_loop_add_to_cart_link_describedby_53557\" data-quantity=\"1\" class=\"primary is-small mb-0 button product_type_variable add_to_cart_button is-flat\" data-product_id=\"53557\" data-product_sku=\"colouring-book-for-girls-1\" aria-label=\"S\u00e9lectionner les options pour &ldquo;Livre de coloriage familial personnalis\u00e9 pour les filles&rdquo;\" rel=\"nofollow\">Choix des options<\/a><\/div>\t<span id=\"woocommerce_loop_add_to_cart_link_describedby_53557\" class=\"screen-reader-text\">\n\t\tCe produit a plusieurs variations. Les options peuvent \u00eatre choisies sur la page du produit\t<\/span>\n\t\t\t\t\t\t\t<\/div>\n\t\t\t\t\t\t<\/div>\n\t\t\t\t\t\t<\/div>\n\t\t\t\t\t<\/div><div class=\"col\" >\n\t\t\t\t\t\t<div class=\"col-inner\">\n\t\t\t\t\t\t\n<div class=\"badge-container absolute left top z-1\">\n\n<\/div>\n\t\t\t\t\t\t<div class=\"product-small box has-hover box-normal box-text-bottom\">\n\t\t\t\t\t\t\t<div class=\"box-image\" >\n\t\t\t\t\t\t\t\t<div class=\"\" >\n\t\t\t\t\t\t\t\t\t<a href=\"https:\/\/saronti.com\/fr\/product\/livre-de-coloriage-coloriage-personnalise-pour-filles\/\" aria-label=\"Livre de coloriage personnalis\u00e9 pour les filles\">\n\t\t\t\t\t\t\t\t\t\t<img loading=\"lazy\" decoding=\"async\" width=\"510\" height=\"510\" src=\"https:\/\/saronti.com\/wp-content\/uploads\/2020\/07\/personalised-colouring-book-for-girls-COVER-510x510.jpg\" class=\"attachment-woocommerce_thumbnail size-woocommerce_thumbnail\" alt=\"livre de coloriage pour les filles\" srcset=\"https:\/\/saronti.com\/wp-content\/uploads\/2020\/07\/personalised-colouring-book-for-girls-COVER-510x510.jpg 510w, https:\/\/saronti.com\/wp-content\/uploads\/2020\/07\/personalised-colouring-book-for-girls-COVER-100x100.jpg 100w, https:\/\/saronti.com\/wp-content\/uploads\/2020\/07\/personalised-colouring-book-for-girls-COVER-400x400.jpg 400w, https:\/\/saronti.com\/wp-content\/uploads\/2020\/07\/personalised-colouring-book-for-girls-COVER-800x800.jpg 800w, https:\/\/saronti.com\/wp-content\/uploads\/2020\/07\/personalised-colouring-book-for-girls-COVER-280x280.jpg 280w, https:\/\/saronti.com\/wp-content\/uploads\/2020\/07\/personalised-colouring-book-for-girls-COVER-768x768.jpg 768w, https:\/\/saronti.com\/wp-content\/uploads\/2020\/07\/personalised-colouring-book-for-girls-COVER.jpg 1080w\" sizes=\"auto, (max-width: 510px) 100vw, 510px\" \/>\t\t\t\t\t\t\t\t\t<\/a>\n\t\t\t\t\t\t\t\t\t\t\t\t\t\t\t\t\t\t \t\t\t\t\t\t\t\t<\/div>\n\t\t\t\t\t\t\t\t<div class=\"image-tools top right show-on-hover\">\n\t\t\t\t\t\t\t\t\t\t\t\t\t\t\t\t\t<\/div>\n\t\t\t\t\t\t\t\t\t\t\t\t\t\t\t\t\t<div class=\"image-tools grid-tools text-center hide-for-small bottom hover-slide-in show-on-hover\">\n\t\t\t\t\t\t\t\t\t\t\t\t\t\t\t\t\t\t\t<\/div>\n\t\t\t\t\t\t\t\t\t\t\t\t\t\t\t\t\t\t\t\t\t\t\t<\/div>\n\n\t\t\t\t\t\t\t<div class=\"box-text text-center\" >\n\t\t\t\t\t\t\t\t<div class=\"title-wrapper\"><p class=\"name product-title woocommerce-loop-product__title\"><a href=\"https:\/\/saronti.com\/fr\/product\/livre-de-coloriage-coloriage-personnalise-pour-filles\/\" class=\"woocommerce-LoopProduct-link woocommerce-loop-product__link\">Livre de coloriage personnalis\u00e9 pour les filles<\/a><\/p><\/div><div class=\"price-wrapper\"><\/div><div class=\"add-to-cart-button\"><a href=\"https:\/\/saronti.com\/fr\/product\/livre-de-coloriage-coloriage-personnalise-pour-filles\/\" aria-describedby=\"woocommerce_loop_add_to_cart_link_describedby_53561\" data-quantity=\"1\" class=\"primary is-small mb-0 button product_type_variable add_to_cart_button is-flat\" data-product_id=\"53561\" data-product_sku=\"colouring-book-for-girls\" aria-label=\"S\u00e9lectionner les options pour &ldquo;Livre de coloriage personnalis\u00e9 pour les filles&rdquo;\" rel=\"nofollow\">Choix des options<\/a><\/div>\t<span id=\"woocommerce_loop_add_to_cart_link_describedby_53561\" class=\"screen-reader-text\">\n\t\tCe produit a plusieurs variations. Les options peuvent \u00eatre choisies sur la page du produit\t<\/span>\n\t\t\t\t\t\t\t<\/div>\n\t\t\t\t\t\t<\/div>\n\t\t\t\t\t\t<\/div>\n\t\t\t\t\t<\/div><div class=\"col\" >\n\t\t\t\t\t\t<div class=\"col-inner\">\n\t\t\t\t\t\t\n<div class=\"badge-container absolute left top z-1\">\n\n<\/div>\n\t\t\t\t\t\t<div class=\"product-small box has-hover box-normal box-text-bottom\">\n\t\t\t\t\t\t\t<div class=\"box-image\" >\n\t\t\t\t\t\t\t\t<div class=\"\" >\n\t\t\t\t\t\t\t\t\t<a href=\"https:\/\/saronti.com\/fr\/product\/livre-de-coloriage-coloriage-personnalise-pour-garcon\/\" aria-label=\"Livre de coloriage personnalis\u00e9 pour les gar\u00e7ons\">\n\t\t\t\t\t\t\t\t\t\t<img loading=\"lazy\" decoding=\"async\" width=\"510\" height=\"510\" src=\"https:\/\/saronti.com\/wp-content\/uploads\/2020\/07\/personalised-colouring-book-for-boys-COVER-510x510.jpg\" class=\"attachment-woocommerce_thumbnail size-woocommerce_thumbnail\" alt=\"livre de coloriage pour les gar\u00e7ons\" srcset=\"https:\/\/saronti.com\/wp-content\/uploads\/2020\/07\/personalised-colouring-book-for-boys-COVER-510x510.jpg 510w, https:\/\/saronti.com\/wp-content\/uploads\/2020\/07\/personalised-colouring-book-for-boys-COVER-100x100.jpg 100w, https:\/\/saronti.com\/wp-content\/uploads\/2020\/07\/personalised-colouring-book-for-boys-COVER-400x400.jpg 400w, https:\/\/saronti.com\/wp-content\/uploads\/2020\/07\/personalised-colouring-book-for-boys-COVER-800x800.jpg 800w, https:\/\/saronti.com\/wp-content\/uploads\/2020\/07\/personalised-colouring-book-for-boys-COVER-280x280.jpg 280w, https:\/\/saronti.com\/wp-content\/uploads\/2020\/07\/personalised-colouring-book-for-boys-COVER-768x768.jpg 768w, https:\/\/saronti.com\/wp-content\/uploads\/2020\/07\/personalised-colouring-book-for-boys-COVER.jpg 1080w\" sizes=\"auto, (max-width: 510px) 100vw, 510px\" \/>\t\t\t\t\t\t\t\t\t<\/a>\n\t\t\t\t\t\t\t\t\t\t\t\t\t\t\t\t\t\t \t\t\t\t\t\t\t\t<\/div>\n\t\t\t\t\t\t\t\t<div class=\"image-tools top right show-on-hover\">\n\t\t\t\t\t\t\t\t\t\t\t\t\t\t\t\t\t<\/div>\n\t\t\t\t\t\t\t\t\t\t\t\t\t\t\t\t\t<div class=\"image-tools grid-tools text-center hide-for-small bottom hover-slide-in show-on-hover\">\n\t\t\t\t\t\t\t\t\t\t\t\t\t\t\t\t\t\t\t<\/div>\n\t\t\t\t\t\t\t\t\t\t\t\t\t\t\t\t\t\t\t\t\t\t\t<\/div>\n\n\t\t\t\t\t\t\t<div class=\"box-text text-center\" >\n\t\t\t\t\t\t\t\t<div class=\"title-wrapper\"><p class=\"name product-title woocommerce-loop-product__title\"><a href=\"https:\/\/saronti.com\/fr\/product\/livre-de-coloriage-coloriage-personnalise-pour-garcon\/\" class=\"woocommerce-LoopProduct-link woocommerce-loop-product__link\">Livre de coloriage personnalis\u00e9 pour les gar\u00e7ons<\/a><\/p><\/div><div class=\"price-wrapper\"><\/div><div class=\"add-to-cart-button\"><a href=\"https:\/\/saronti.com\/fr\/product\/livre-de-coloriage-coloriage-personnalise-pour-garcon\/\" aria-describedby=\"woocommerce_loop_add_to_cart_link_describedby_53553\" data-quantity=\"1\" class=\"primary is-small mb-0 button product_type_variable add_to_cart_button is-flat\" data-product_id=\"53553\" data-product_sku=\"colouring-book-for-boys\" aria-label=\"S\u00e9lectionner les options pour &ldquo;Livre de coloriage personnalis\u00e9 pour les gar\u00e7ons&rdquo;\" rel=\"nofollow\">Choix des options<\/a><\/div>\t<span id=\"woocommerce_loop_add_to_cart_link_describedby_53553\" class=\"screen-reader-text\">\n\t\tCe produit a plusieurs variations. Les options peuvent \u00eatre choisies sur la page du produit\t<\/span>\n\t\t\t\t\t\t\t<\/div>\n\t\t\t\t\t\t<\/div>\n\t\t\t\t\t\t<\/div>\n\t\t\t\t\t<\/div><\/div>\n\t\t<\/div>\n\t\t\t\t\t<\/div>\n\n\t\n\n\t<div id=\"col-1098802238\" class=\"col medium-3 small-12 large-3\"  >\n\t\t\t\t<div class=\"col-inner\"  >\n\t\t\t\n\t\t\t\n  <div class=\"icon-box testimonial-box icon-box-left text-left\">\n                <div class=\"icon-box-text p-last-0\">\n          <div class=\"star-rating\"><span style=\"width:100%\"><strong class=\"rating\"><\/strong><\/span><\/div>  \t\t\t\t<div class=\"testimonial-text line-height-small italic test_text first-reset last-reset is-italic\">\n            \n<p>J&rsquo;ai achet\u00e9 un livre de coloriage pour la fille de mon ami et elle n&rsquo;a pas cess\u00e9 de me remercier. Merci Saronti pour les points suppl\u00e9mentaires Brownie<\/p>\n          <\/div>\n          <div class=\"testimonial-meta pt-half\">\n             <strong class=\"testimonial-name test_name\"><\/strong>\n                          <span class=\"testimonial-company test_company\"><\/span>\n          <\/div>\n        <\/div>\n  <\/div>\n\n  \n  <div class=\"icon-box testimonial-box icon-box-left text-left\">\n                <div class=\"icon-box-text p-last-0\">\n          <div class=\"star-rating\"><span style=\"width:100%\"><strong class=\"rating\"><\/strong><\/span><\/div>  \t\t\t\t<div class=\"testimonial-text line-height-small italic test_text first-reset last-reset is-italic\">\n            \n<p>J&rsquo;ai achet\u00e9 un livre de coloriage \u00e0 ma petite-fille chacun. J&rsquo;ai maintenant de belles images color\u00e9es d&rsquo;une pom-pom girl et d&rsquo;une sir\u00e8ne accroch\u00e9es \u00e0 mon mur.<\/p>\n          <\/div>\n          <div class=\"testimonial-meta pt-half\">\n             <strong class=\"testimonial-name test_name\"><\/strong>\n                          <span class=\"testimonial-company test_company\"><\/span>\n          <\/div>\n        <\/div>\n  <\/div>\n\n  \n  <div class=\"icon-box testimonial-box icon-box-left text-left\">\n                <div class=\"icon-box-text p-last-0\">\n          <div class=\"star-rating\"><span style=\"width:100%\"><strong class=\"rating\"><\/strong><\/span><\/div>  \t\t\t\t<div class=\"testimonial-text line-height-small italic test_text first-reset last-reset is-italic\">\n            \n<p>J&rsquo;ai des jumeaux et ils se disputent pour tout. Les livres de coloriage personnalis\u00e9s \u00e9taient super &#8211; pas de dispute et beaucoup de belles images<\/p>\n          <\/div>\n          <div class=\"testimonial-meta pt-half\">\n             <strong class=\"testimonial-name test_name\"><\/strong>\n                          <span class=\"testimonial-company test_company\"><\/span>\n          <\/div>\n        <\/div>\n  <\/div>\n\n  \n\t\t<\/div>\n\t\t\t\t\t<\/div>\n\n\t\n<\/div>\n<div class=\"row\"  id=\"row-1165861104\">\n\n\t<div id=\"col-464372521\" class=\"col small-12 large-12\"  >\n\t\t\t\t<div class=\"col-inner\"  >\n\t\t\t\n\t\t\t\n<h3>AIDE &amp; CONSEILS<\/h3>\n\t\t<\/div>\n\t\t\t\t\n<style>\n#col-464372521 > .col-inner {\n  margin: 0px 0px -30px 0px;\n}\n<\/style>\n\t<\/div>\n\n\t\n\n\t<div id=\"col-2138860415\" class=\"col hide-for-medium medium-6 small-12 large-6\"  >\n\t\t\t\t<div class=\"col-inner\"  >\n\t\t\t\n\t\t\t\n<h4>Comment d\u00e9couper des t\u00eates sur vos photos num\u00e9riques<\/h4>\n<div style=\"width: 1020px;\" class=\"wp-video\"><!--[if lt IE 9]><script>document.createElement('video');<\/script><![endif]-->\n<video class=\"wp-video-shortcode\" id=\"video-53553-1\" width=\"1020\" height=\"574\" preload=\"metadata\" controls=\"controls\"><source type=\"video\/mp4\" src=\"https:\/\/saronti.com\/wp-content\/uploads\/2020\/03\/How-to-add-and-cut-out-heads-from-your-digital-photos.mp4?_=1\" \/><a href=\"https:\/\/saronti.com\/wp-content\/uploads\/2020\/03\/How-to-add-and-cut-out-heads-from-your-digital-photos.mp4\">https:\/\/saronti.com\/wp-content\/uploads\/2020\/03\/How-to-add-and-cut-out-heads-from-your-digital-photos.mp4<\/a><\/video><\/div>\n\t\t<\/div>\n\t\t\t\t\t<\/div>\n\n\t\n\n\t<div id=\"col-1065683070\" class=\"col medium-6 small-12 large-6\"  >\n\t\t\t\t<div class=\"col-inner\"  >\n\t\t\t\n\t\t\t\n\t\t<\/div>\n\t\t\t\t\t<\/div>\n\n\t\n\n<style>\n#row-1165861104 > .col > .col-inner {\n  padding: 0px 0px 0px 0px;\n}\n<\/style>\n<\/div>\n","protected":false},"excerpt":{"rendered":"<p>Transformez votre enfant, ami ou m\u00eame grand-p\u00e8re dans ces 24 coloriages illustr\u00e9s, avec un visage et un nom\/l\u00e9gende de votre choix. T\u00e9l\u00e9chargez gratuitement, recevez une image num\u00e9rique ou payez pour le service de conception.Giggles garantis \ud83d\ude42<\/p>\n<p>&nbsp;<\/p>\n","protected":false},"author":2,"featured_media":0,"parent":0,"menu_order":0,"comment_status":"closed","ping_status":"closed","template":"","meta":{"footnotes":""},"class_list":["post-50758","page","type-page","status-publish","hentry"],"_links":{"self":[{"href":"https:\/\/saronti.com\/fr\/wp-json\/wp\/v2\/pages\/50758","targetHints":{"allow":["GET"]}}],"collection":[{"href":"https:\/\/saronti.com\/fr\/wp-json\/wp\/v2\/pages"}],"about":[{"href":"https:\/\/saronti.com\/fr\/wp-json\/wp\/v2\/types\/page"}],"author":[{"embeddable":true,"href":"https:\/\/saronti.com\/fr\/wp-json\/wp\/v2\/users\/2"}],"replies":[{"embeddable":true,"href":"https:\/\/saronti.com\/fr\/wp-json\/wp\/v2\/comments?post=50758"}],"version-history":[{"count":6,"href":"https:\/\/saronti.com\/fr\/wp-json\/wp\/v2\/pages\/50758\/revisions"}],"predecessor-version":[{"id":50778,"href":"https:\/\/saronti.com\/fr\/wp-json\/wp\/v2\/pages\/50758\/revisions\/50778"}],"wp:attachment":[{"href":"https:\/\/saronti.com\/fr\/wp-json\/wp\/v2\/media?parent=50758"}],"curies":[{"name":"wp","href":"https:\/\/api.w.org\/{rel}","templated":true}]}}