{"id":50784,"date":"2021-06-24T23:37:06","date_gmt":"2021-06-24T23:37:06","guid":{"rendered":"https:\/\/saronti.com\/livres-photos-de-famille-personnalises\/"},"modified":"2024-12-18T13:03:15","modified_gmt":"2024-12-18T13:03:15","slug":"livres-de-famille-personnalises-avec-photos","status":"publish","type":"page","link":"https:\/\/saronti.com\/fr\/livres-de-famille-personnalises-avec-photos\/","title":{"rendered":"Livres de famille personnalis\u00e9s avec photos"},"content":{"rendered":"\n\n\t<div class=\"row\"  id=\"row-401691009\">\n\n\t<div id=\"col-217838207\" class=\"col medium-9 small-12 large-9\"  >\n\t\t\t\t<div class=\"col-inner\"  >\n\t\t\t\n\t\t\t\n<h2>Livres de famille personnalis\u00e9s avec photos<\/h2>\n\t\t<\/div>\n\t\t\t\t\n<style>\n#col-217838207 > .col-inner {\n  margin: 0px 0px -20px 0px;\n}\n<\/style>\n\t<\/div>\n\n\t\n\n\t<div id=\"col-1922682049\" class=\"col medium-3 small-12 large-3\"  >\n\t\t\t\t<div class=\"col-inner\"  >\n\t\t\t\n\t\t\t\n<div class=\"social-icons share-icons share-row relative full-width text-left\" ><a href=\"whatsapp:\/\/send?text=Livres%20de%20famille%20personnalis%C3%A9s%20avec%20photos - https:\/\/saronti.com\/fr\/livres-de-famille-personnalises-avec-photos\/\" data-action=\"share\/whatsapp\/share\" class=\"icon primary button circle tooltip whatsapp show-for-medium\" title=\"Partager sur WhatsApp\" aria-label=\"Partager sur WhatsApp\" ><i class=\"icon-whatsapp\" ><\/i><\/a><a href=\"https:\/\/www.facebook.com\/sharer.php?u=https:\/\/saronti.com\/fr\/livres-de-famille-personnalises-avec-photos\/\" data-label=\"Facebook\" onclick=\"window.open(this.href,this.title,'width=500,height=500,top=300px,left=300px'); return false;\" rel=\"noopener noreferrer nofollow\" target=\"_blank\" class=\"icon primary button circle tooltip facebook\" title=\"Partager sur Facebook\" aria-label=\"Partager sur Facebook\" ><i class=\"icon-facebook\" ><\/i><\/a><a href=\"https:\/\/twitter.com\/share?url=https:\/\/saronti.com\/fr\/livres-de-famille-personnalises-avec-photos\/\" onclick=\"window.open(this.href,this.title,'width=500,height=500,top=300px,left=300px'); return false;\" rel=\"noopener noreferrer nofollow\" target=\"_blank\" class=\"icon primary button circle tooltip twitter\" title=\"Partager sur Twitter\" aria-label=\"Partager sur Twitter\" ><i class=\"icon-twitter\" ><\/i><\/a><a href=\"mailto:?subject=Livres%20de%20famille%20personnalis%C3%A9s%20avec%20photos&body=Check%20this%20out%3A%20https%3A%2F%2Fsaronti.com%2Ffr%2Flivres-de-famille-personnalises-avec-photos%2F\" rel=\"nofollow\" class=\"icon primary button circle tooltip email\" title=\"Envoyer par mail\" aria-label=\"Envoyer par mail\" ><i class=\"icon-envelop\" ><\/i><\/a><a href=\"https:\/\/pinterest.com\/pin\/create\/button?url=https:\/\/saronti.com\/fr\/livres-de-famille-personnalises-avec-photos\/&media&description=Livres%20de%20famille%20personnalis%C3%A9s%20avec%20photos\" onclick=\"window.open(this.href,this.title,'width=500,height=500,top=300px,left=300px'); return false;\" rel=\"noopener noreferrer nofollow\" target=\"_blank\" class=\"icon primary button circle tooltip pinterest\" title=\"Epingler sur Pinterest\" aria-label=\"Epingler sur Pinterest\" ><i class=\"icon-pinterest\" ><\/i><\/a><a href=\"https:\/\/www.linkedin.com\/shareArticle?mini=true&url=https:\/\/saronti.com\/fr\/livres-de-famille-personnalises-avec-photos\/&title=Livres%20de%20famille%20personnalis%C3%A9s%20avec%20photos\" onclick=\"window.open(this.href,this.title,'width=500,height=500,top=300px,left=300px'); return false;\" rel=\"noopener noreferrer nofollow\" target=\"_blank\" class=\"icon primary button circle tooltip linkedin\" title=\"Partager sur LinkedIn\" aria-label=\"Partager sur LinkedIn\" ><i class=\"icon-linkedin\" ><\/i><\/a><\/div>\n\t\t<\/div>\n\t\t\t\t\n<style>\n#col-1922682049 > .col-inner {\n  margin: 0px 0px -20px 0px;\n}\n<\/style>\n\t<\/div>\n\n\t\n\n\t<div id=\"col-451282202\" class=\"col small-12 large-12\"  >\n\t\t\t\t<div class=\"col-inner\"  >\n\t\t\t\n\t\t\t\n<p>Cr\u00e9ez votre propre livre de famille avec Saronti. Personnalisez-le avec les visages et les pr\u00e9noms des membres de la famille, des amis et m\u00eame des animaux de compagnie ! Lire devient amusant avec les livres personnalis\u00e9s Saronti! Votre enfant sera le h\u00e9ros de son livre pr\u00e9f\u00e9r\u00e9 ! La lecture s&rsquo;anime, elle devient amusante. Les souvenirs de famille s&rsquo;enrichissent. Une id\u00e9e cadeau unique !! Rires garantis \ud83d\ude42<\/p>\n\t\t<\/div>\n\t\t\t\t\n<style>\n#col-451282202 > .col-inner {\n  margin: 0px 0px -22px 0px;\n}\n<\/style>\n\t<\/div>\n\n\t\n\n\t<div id=\"col-1946642169\" class=\"col medium-9 small-12 large-9\"  >\n\t\t\t\t<div class=\"col-inner\"  >\n\t\t\t\n\t\t\t\n\n  \n    <div class=\"row  equalize-box large-columns-2 medium-columns- small-columns- row-normal\" >\n  \t\n\t     <div class=\"product-small col has-hover product type-product post-52413 status-publish first instock product_cat-livres-photos-de-famille-personnalises product_tag-livre-de-bord-de-mer product_tag-livre-de-famille-bord-de-mer product_tag-livre-de-famille-personnalise product_tag-livre-de-vacances-en-famille product_tag-livre-photo-bord-de-mer product_tag-livre-photo-de-famille product_tag-livre-photo-de-famille-personnalise product_tag-livre-photo-enfant product_tag-livre-photo-personnalise has-post-thumbnail purchasable product-type-variable has-default-attributes\">\n\t<div class=\"col-inner\">\n\t\n<div class=\"badge-container absolute left top z-1\">\n\n<\/div>\n\t<div class=\"product-small box \">\n\t\t<div class=\"box-image\">\n\t\t\t<div class=\"image-fade_in_back\">\n\t\t\t\t<a href=\"https:\/\/saronti.com\/fr\/product\/livre-famille-personnalise-avec-photos-journee-plage\/\" aria-label=\"Livre de famille personnalis\u00e9 avec photos, Une Journ\u00e9e \u00e0 la plage\">\n\t\t\t\t\t<img loading=\"lazy\" decoding=\"async\" width=\"510\" height=\"510\" src=\"https:\/\/saronti.com\/wp-content\/uploads\/2019\/11\/livre-de-famille-personnalise-photo-plage-mer-vacances_couverture-510x510.jpg\" class=\"attachment-woocommerce_thumbnail size-woocommerce_thumbnail\" alt=\"Livre de famille personnalis\u00e9 avec photos, Une Journ\u00e9e \u00e0 la plage\" srcset=\"https:\/\/saronti.com\/wp-content\/uploads\/2019\/11\/livre-de-famille-personnalise-photo-plage-mer-vacances_couverture-510x510.jpg 510w, https:\/\/saronti.com\/wp-content\/uploads\/2019\/11\/livre-de-famille-personnalise-photo-plage-mer-vacances_couverture-100x100.jpg 100w, https:\/\/saronti.com\/wp-content\/uploads\/2019\/11\/livre-de-famille-personnalise-photo-plage-mer-vacances_couverture-400x400.jpg 400w, https:\/\/saronti.com\/wp-content\/uploads\/2019\/11\/livre-de-famille-personnalise-photo-plage-mer-vacances_couverture-280x280.jpg 280w, https:\/\/saronti.com\/wp-content\/uploads\/2019\/11\/livre-de-famille-personnalise-photo-plage-mer-vacances_couverture.jpg 567w\" sizes=\"auto, (max-width: 510px) 100vw, 510px\" \/><img loading=\"lazy\" decoding=\"async\" width=\"510\" height=\"510\" src=\"https:\/\/saronti.com\/wp-content\/uploads\/2019\/11\/livre-de-famille-personnalise-photo-plage-mer-vacances5-510x510.jpg\" class=\"show-on-hover absolute fill hide-for-small back-image\" alt=\"\" srcset=\"https:\/\/saronti.com\/wp-content\/uploads\/2019\/11\/livre-de-famille-personnalise-photo-plage-mer-vacances5-510x510.jpg 510w, https:\/\/saronti.com\/wp-content\/uploads\/2019\/11\/livre-de-famille-personnalise-photo-plage-mer-vacances5-100x100.jpg 100w, https:\/\/saronti.com\/wp-content\/uploads\/2019\/11\/livre-de-famille-personnalise-photo-plage-mer-vacances5-280x280.jpg 280w\" sizes=\"auto, (max-width: 510px) 100vw, 510px\" \/>\t\t\t\t<\/a>\n\t\t\t<\/div>\n\t\t\t<div class=\"image-tools is-small top right show-on-hover\">\n\t\t\t\t\t\t\t<\/div>\n\t\t\t<div class=\"image-tools is-small hide-for-small bottom left show-on-hover\">\n\t\t\t\t\t\t\t<\/div>\n\t\t\t<div class=\"image-tools grid-tools text-center hide-for-small bottom hover-slide-in show-on-hover\">\n\t\t\t\t\t\t\t<\/div>\n\t\t\t\t\t<\/div>\n\n\t\t<div class=\"box-text box-text-products\">\n\t\t\t<div class=\"title-wrapper\"><p class=\"name product-title woocommerce-loop-product__title\"><a href=\"https:\/\/saronti.com\/fr\/product\/livre-famille-personnalise-avec-photos-journee-plage\/\" class=\"woocommerce-LoopProduct-link woocommerce-loop-product__link\">Livre de famille personnalis\u00e9 avec photos, Une Journ\u00e9e \u00e0 la plage<\/a><\/p><\/div><div class=\"price-wrapper\"><div class=\"star-rating star-rating--inline\" role=\"img\" aria-label=\"Note 5.00 sur 5\"><span style=\"width:100%\">Note <strong class=\"rating\">5.00<\/strong> sur 5<\/span><\/div><\/div><div class=\"add-to-cart-button\"><a href=\"https:\/\/saronti.com\/fr\/product\/livre-famille-personnalise-avec-photos-journee-plage\/\" aria-describedby=\"woocommerce_loop_add_to_cart_link_describedby_52413\" data-quantity=\"1\" class=\"primary is-small mb-0 button product_type_variable add_to_cart_button is-flat\" data-product_id=\"52413\" data-product_sku=\"BOOK-SEASIDE-UK\" aria-label=\"S\u00e9lectionner les options pour &ldquo;Livre de famille personnalis\u00e9 avec photos, Une Journ\u00e9e \u00e0 la plage&rdquo;\" rel=\"nofollow\">Choix des options<\/a><\/div>\t<span id=\"woocommerce_loop_add_to_cart_link_describedby_52413\" class=\"screen-reader-text\">\n\t\tCe produit a plusieurs variations. Les options peuvent \u00eatre choisies sur la page du produit\t<\/span>\n\t\t<\/div>\n\t<\/div>\n\t\t<\/div>\n<\/div><div class=\"product-small col has-hover product type-product post-52507 status-publish instock product_cat-livres-photos-de-famille-personnalises product_tag-livre-de-famille-personnalise product_tag-livre-de-noel-personnalise-pour-enfants product_tag-livre-de-noel-pour-enfants product_tag-livre-de-noel-pour-enfants-fr product_tag-livre-photo-de-famille product_tag-livre-photo-de-famille-personnalise product_tag-livre-photo-de-noel-pour-enfants product_tag-livre-photo-personnalise has-post-thumbnail purchasable product-type-variable has-default-attributes\">\n\t<div class=\"col-inner\">\n\t\n<div class=\"badge-container absolute left top z-1\">\n\n<\/div>\n\t<div class=\"product-small box \">\n\t\t<div class=\"box-image\">\n\t\t\t<div class=\"image-fade_in_back\">\n\t\t\t\t<a href=\"https:\/\/saronti.com\/fr\/product\/livre-famille-personnalisees-avec-photos-noel-special\/\" aria-label=\"Livre de famille personnalis\u00e9 avec photos, Un No\u00ebl tr\u00e8s sp\u00e9cial\">\n\t\t\t\t\t<img loading=\"lazy\" decoding=\"async\" width=\"510\" height=\"510\" src=\"https:\/\/saronti.com\/wp-content\/uploads\/2019\/12\/livre-de-famille-personnalise-photo-noel_couverture-510x510.jpg\" class=\"attachment-woocommerce_thumbnail size-woocommerce_thumbnail\" alt=\"Livre de famille personnalis\u00e9 avec photos, Un No\u00ebl tr\u00e8s sp\u00e9cial\" srcset=\"https:\/\/saronti.com\/wp-content\/uploads\/2019\/12\/livre-de-famille-personnalise-photo-noel_couverture-510x510.jpg 510w, https:\/\/saronti.com\/wp-content\/uploads\/2019\/12\/livre-de-famille-personnalise-photo-noel_couverture-100x100.jpg 100w, https:\/\/saronti.com\/wp-content\/uploads\/2019\/12\/livre-de-famille-personnalise-photo-noel_couverture-400x400.jpg 400w, https:\/\/saronti.com\/wp-content\/uploads\/2019\/12\/livre-de-famille-personnalise-photo-noel_couverture-280x280.jpg 280w, https:\/\/saronti.com\/wp-content\/uploads\/2019\/12\/livre-de-famille-personnalise-photo-noel_couverture.jpg 567w\" sizes=\"auto, (max-width: 510px) 100vw, 510px\" \/><img loading=\"lazy\" decoding=\"async\" width=\"510\" height=\"510\" src=\"https:\/\/saronti.com\/wp-content\/uploads\/2019\/12\/livre-de-famille-personnalise-photo-noel4-510x510.jpg\" class=\"show-on-hover absolute fill hide-for-small back-image\" alt=\"\" srcset=\"https:\/\/saronti.com\/wp-content\/uploads\/2019\/12\/livre-de-famille-personnalise-photo-noel4-510x510.jpg 510w, https:\/\/saronti.com\/wp-content\/uploads\/2019\/12\/livre-de-famille-personnalise-photo-noel4-100x100.jpg 100w, https:\/\/saronti.com\/wp-content\/uploads\/2019\/12\/livre-de-famille-personnalise-photo-noel4-280x280.jpg 280w\" sizes=\"auto, (max-width: 510px) 100vw, 510px\" \/>\t\t\t\t<\/a>\n\t\t\t<\/div>\n\t\t\t<div class=\"image-tools is-small top right show-on-hover\">\n\t\t\t\t\t\t\t<\/div>\n\t\t\t<div class=\"image-tools is-small hide-for-small bottom left show-on-hover\">\n\t\t\t\t\t\t\t<\/div>\n\t\t\t<div class=\"image-tools grid-tools text-center hide-for-small bottom hover-slide-in show-on-hover\">\n\t\t\t\t\t\t\t<\/div>\n\t\t\t\t\t<\/div>\n\n\t\t<div class=\"box-text box-text-products\">\n\t\t\t<div class=\"title-wrapper\"><p class=\"name product-title woocommerce-loop-product__title\"><a href=\"https:\/\/saronti.com\/fr\/product\/livre-famille-personnalisees-avec-photos-noel-special\/\" class=\"woocommerce-LoopProduct-link woocommerce-loop-product__link\">Livre de famille personnalis\u00e9 avec photos, Un No\u00ebl tr\u00e8s sp\u00e9cial<\/a><\/p><\/div><div class=\"price-wrapper\"><div class=\"star-rating star-rating--inline\" role=\"img\" aria-label=\"Note 5.00 sur 5\"><span style=\"width:100%\">Note <strong class=\"rating\">5.00<\/strong> sur 5<\/span><\/div><\/div><div class=\"add-to-cart-button\"><a href=\"https:\/\/saronti.com\/fr\/product\/livre-famille-personnalisees-avec-photos-noel-special\/\" aria-describedby=\"woocommerce_loop_add_to_cart_link_describedby_52507\" data-quantity=\"1\" class=\"primary is-small mb-0 button product_type_variable add_to_cart_button is-flat\" data-product_id=\"52507\" data-product_sku=\"BOOK-XMAS-UK\" aria-label=\"S\u00e9lectionner les options pour &ldquo;Livre de famille personnalis\u00e9 avec photos, Un No\u00ebl tr\u00e8s sp\u00e9cial&rdquo;\" rel=\"nofollow\">Choix des options<\/a><\/div>\t<span id=\"woocommerce_loop_add_to_cart_link_describedby_52507\" class=\"screen-reader-text\">\n\t\tCe produit a plusieurs variations. Les options peuvent \u00eatre choisies sur la page du produit\t<\/span>\n\t\t<\/div>\n\t<\/div>\n\t\t<\/div>\n<\/div><\/div>\n\t\t<\/div>\n\t\t\t\t\t<\/div>\n\n\t\n\n\t<div id=\"col-549578367\" class=\"col medium-3 small-12 large-3\"  >\n\t\t\t\t<div class=\"col-inner\"  >\n\t\t\t\n\t\t\t\n  <div class=\"icon-box testimonial-box icon-box-left text-left\">\n                <div class=\"icon-box-text p-last-0\">\n          <div class=\"star-rating\"><span style=\"width:100%\"><strong class=\"rating\"><\/strong><\/span><\/div>  \t\t\t\t<div class=\"testimonial-text line-height-small italic test_text first-reset last-reset is-italic\">\n            \n<p>Nous avons eu ce livre de vous avant pour notre fils Leo quand il \u00e9tait petit, nous l&rsquo;avons absolument lu \u00e0 mort et donc re-commander maintenant nous avons Eb\u00e9<\/p>\n          <\/div>\n          <div class=\"testimonial-meta pt-half\">\n             <strong class=\"testimonial-name test_name\"><\/strong>\n                          <span class=\"testimonial-company test_company\"><\/span>\n          <\/div>\n        <\/div>\n  <\/div>\n\n  \n  <div class=\"icon-box testimonial-box icon-box-left text-left\">\n                <div class=\"icon-box-text p-last-0\">\n          <div class=\"star-rating\"><span style=\"width:100%\"><strong class=\"rating\"><\/strong><\/span><\/div>  \t\t\t\t<div class=\"testimonial-text line-height-small italic test_text first-reset last-reset is-italic\">\n            \n<p>Bonjour Saronti, J&rsquo;ai re\u00e7u mon livre personnalis\u00e9 hier&#8230;. JE L&rsquo;AIME!! Bravo, vous \u00eates incroyable ! C&rsquo;est tellement dr\u00f4le et vous avez exactement la proportion de taille de tout le monde, ce qui est hilarant. Je vous remercie <img decoding=\"async\" role=\"img\" draggable=\"false\" src=\"https:\/\/s.w.org\/images\/core\/emoji\/13.0.0\/svg\/1f642.svg\" alt=\"\ud83d\ude42\" \/><\/p>\n          <\/div>\n          <div class=\"testimonial-meta pt-half\">\n             <strong class=\"testimonial-name test_name\"><\/strong>\n                          <span class=\"testimonial-company test_company\"><\/span>\n          <\/div>\n        <\/div>\n  <\/div>\n\n  \n  <div class=\"icon-box testimonial-box icon-box-left text-left\">\n                <div class=\"icon-box-text p-last-0\">\n          <div class=\"star-rating\"><span style=\"width:100%\"><strong class=\"rating\"><\/strong><\/span><\/div>  \t\t\t\t<div class=\"testimonial-text line-height-small italic test_text first-reset last-reset is-italic\">\n            \n<p>Bonjour, je viens de recevoir les livres et je voulais juste vous dire que j&rsquo;en suis absolument ravie ! Je pense que les enfants et la famille les aimeront absolument, alors merci beaucoup, ils sont g\u00e9niaux.<\/p>\n          <\/div>\n          <div class=\"testimonial-meta pt-half\">\n             <strong class=\"testimonial-name test_name\"><\/strong>\n                          <span class=\"testimonial-company test_company\"><\/span>\n          <\/div>\n        <\/div>\n  <\/div>\n\n  \n\t\t<\/div>\n\t\t\t\t\t<\/div>\n\n\t\n<\/div>\n\n","protected":false},"excerpt":{"rendered":"<p>Cr\u00e9ez votre propre livre de famille avec une histoires amusante et rim\u00e9e. Ce livre inclue les visages et pr\u00e9noms de toute la famille, amis et m\u00eame des animaux de compagnie. Rires garantis et souvenir m\u00e9morable!<\/p>\n<p>&nbsp;<\/p>\n","protected":false},"author":2,"featured_media":0,"parent":0,"menu_order":0,"comment_status":"closed","ping_status":"closed","template":"","meta":{"footnotes":""},"class_list":["post-50784","page","type-page","status-publish","hentry"],"_links":{"self":[{"href":"https:\/\/saronti.com\/fr\/wp-json\/wp\/v2\/pages\/50784","targetHints":{"allow":["GET"]}}],"collection":[{"href":"https:\/\/saronti.com\/fr\/wp-json\/wp\/v2\/pages"}],"about":[{"href":"https:\/\/saronti.com\/fr\/wp-json\/wp\/v2\/types\/page"}],"author":[{"embeddable":true,"href":"https:\/\/saronti.com\/fr\/wp-json\/wp\/v2\/users\/2"}],"replies":[{"embeddable":true,"href":"https:\/\/saronti.com\/fr\/wp-json\/wp\/v2\/comments?post=50784"}],"version-history":[{"count":24,"href":"https:\/\/saronti.com\/fr\/wp-json\/wp\/v2\/pages\/50784\/revisions"}],"predecessor-version":[{"id":66390,"href":"https:\/\/saronti.com\/fr\/wp-json\/wp\/v2\/pages\/50784\/revisions\/66390"}],"wp:attachment":[{"href":"https:\/\/saronti.com\/fr\/wp-json\/wp\/v2\/media?parent=50784"}],"curies":[{"name":"wp","href":"https:\/\/api.w.org\/{rel}","templated":true}]}}