{"id":50805,"date":"2021-06-24T23:39:22","date_gmt":"2021-06-24T23:39:22","guid":{"rendered":"https:\/\/saronti.com\/personnages-personnalises-pour-enfants-sans-arriere-plan\/"},"modified":"2021-06-24T23:39:54","modified_gmt":"2021-06-24T23:39:54","slug":"personnages-personnalises-pour-enfants-sans-arriere-plan","status":"publish","type":"page","link":"https:\/\/saronti.com\/fr\/personnages-personnalises-pour-enfants-sans-arriere-plan\/","title":{"rendered":"Personnages personnalis\u00e9s pour enfants (sans arri\u00e8re-plan)"},"content":{"rendered":"<div class=\"row\"  id=\"row-1191147130\">\n\n\t<div id=\"col-1153756857\" class=\"col medium-9 small-12 large-9\"  >\n\t\t\t\t<div class=\"col-inner\"  >\n\t\t\t\n\t\t\t\n<h2>Personnages personnalis\u00e9s pour enfants (sans arri\u00e8re-plan)<\/h2>\n\t\t<\/div>\n\t\t\t\t\n<style>\n#col-1153756857 > .col-inner {\n  margin: 0px 0px -20px 0px;\n}\n<\/style>\n\t<\/div>\n\n\t\n\n\t<div id=\"col-733697990\" class=\"col medium-3 small-12 large-3\"  >\n\t\t\t\t<div class=\"col-inner\"  >\n\t\t\t\n\t\t\t\n<div class=\"social-icons share-icons share-row relative full-width text-left\" ><a href=\"whatsapp:\/\/send?text=Personnages%20personnalis%C3%A9s%20pour%20enfants%20%28sans%20arri%C3%A8re-plan%29 - https:\/\/saronti.com\/fr\/personnages-personnalises-pour-enfants-sans-arriere-plan\/\" data-action=\"share\/whatsapp\/share\" class=\"icon primary button circle tooltip whatsapp show-for-medium\" title=\"Partager sur WhatsApp\" aria-label=\"Partager sur WhatsApp\" ><i class=\"icon-whatsapp\" ><\/i><\/a><a href=\"https:\/\/www.facebook.com\/sharer.php?u=https:\/\/saronti.com\/fr\/personnages-personnalises-pour-enfants-sans-arriere-plan\/\" data-label=\"Facebook\" onclick=\"window.open(this.href,this.title,'width=500,height=500,top=300px,left=300px'); return false;\" rel=\"noopener noreferrer nofollow\" target=\"_blank\" class=\"icon primary button circle tooltip facebook\" title=\"Partager sur Facebook\" aria-label=\"Partager sur Facebook\" ><i class=\"icon-facebook\" ><\/i><\/a><a href=\"https:\/\/twitter.com\/share?url=https:\/\/saronti.com\/fr\/personnages-personnalises-pour-enfants-sans-arriere-plan\/\" onclick=\"window.open(this.href,this.title,'width=500,height=500,top=300px,left=300px'); return false;\" rel=\"noopener noreferrer nofollow\" target=\"_blank\" class=\"icon primary button circle tooltip twitter\" title=\"Partager sur Twitter\" aria-label=\"Partager sur Twitter\" ><i class=\"icon-twitter\" ><\/i><\/a><a href=\"mailto:?subject=Personnages%20personnalis%C3%A9s%20pour%20enfants%20%28sans%20arri%C3%A8re-plan%29&body=Check%20this%20out%3A%20https%3A%2F%2Fsaronti.com%2Ffr%2Fpersonnages-personnalises-pour-enfants-sans-arriere-plan%2F\" rel=\"nofollow\" class=\"icon primary button circle tooltip email\" title=\"Envoyer par mail\" aria-label=\"Envoyer par mail\" ><i class=\"icon-envelop\" ><\/i><\/a><a href=\"https:\/\/pinterest.com\/pin\/create\/button?url=https:\/\/saronti.com\/fr\/personnages-personnalises-pour-enfants-sans-arriere-plan\/&media&description=Personnages%20personnalis%C3%A9s%20pour%20enfants%20%28sans%20arri%C3%A8re-plan%29\" onclick=\"window.open(this.href,this.title,'width=500,height=500,top=300px,left=300px'); return false;\" rel=\"noopener noreferrer nofollow\" target=\"_blank\" class=\"icon primary button circle tooltip pinterest\" title=\"Epingler sur Pinterest\" aria-label=\"Epingler sur Pinterest\" ><i class=\"icon-pinterest\" ><\/i><\/a><a href=\"https:\/\/www.linkedin.com\/shareArticle?mini=true&url=https:\/\/saronti.com\/fr\/personnages-personnalises-pour-enfants-sans-arriere-plan\/&title=Personnages%20personnalis%C3%A9s%20pour%20enfants%20%28sans%20arri%C3%A8re-plan%29\" onclick=\"window.open(this.href,this.title,'width=500,height=500,top=300px,left=300px'); return false;\" rel=\"noopener noreferrer nofollow\" target=\"_blank\" class=\"icon primary button circle tooltip linkedin\" title=\"Partager sur LinkedIn\" aria-label=\"Partager sur LinkedIn\" ><i class=\"icon-linkedin\" ><\/i><\/a><\/div>\n\t\t<\/div>\n\t\t\t\t\n<style>\n#col-733697990 > .col-inner {\n  margin: 0px 0px -21px 0px;\n}\n<\/style>\n\t<\/div>\n\n\t\n\n\t<div id=\"col-1425385210\" class=\"col medium-3 small-12 large-3\"  >\n\t\t\t\t<div class=\"col-inner\"  >\n\t\t\t\n\t\t\t\n\t<div class=\"img has-hover x md-x lg-x y md-y lg-y\" id=\"image_2007852841\">\n\t\t\t\t\t\t\t\t<div class=\"img-inner dark\" >\n\t\t\t<img loading=\"lazy\" decoding=\"async\" width=\"229\" height=\"95\" src=\"https:\/\/saronti.com\/wp-content\/uploads\/2020\/10\/Category-banners-downloadFree-or-print-on.gif\" class=\"attachment-large size-large\" alt=\"\" \/>\t\t\t\t\t\t\n\t\t\t\t\t<\/div>\n\t\t\t\t\t\t\t\t\n<style>\n#image_2007852841 {\n  width: 100%;\n}\n<\/style>\n\t<\/div>\n\t\n\t\t<\/div>\n\t\t\t\t\t<\/div>\n\n\t\n\n\t<div id=\"col-1053206087\" class=\"col medium-9 small-12 large-9\"  >\n\t\t\t\t<div class=\"col-inner\"  >\n\t\t\t\n\t\t\t\n<p>Transformez votre enfant, ami ou m\u00eame grand-p\u00e8re en une superstar! Personnalisez un personnage illustr\u00e9 avec un visage et un nom\/l\u00e9gende de votre choix. Cr\u00e9ez vous-m\u00eame \u00e0 l\u2019aide de notre outil DIY, t\u00e9l\u00e9chargez gratuitement ou imprimez sur une affiche, un bloc-notes, une carte de voeux, un sac, un mug et plus encore\u2026 Rires garantis \ud83d\ude42<\/p>\n\t\t<\/div>\n\t\t\t\t\n<style>\n#col-1053206087 > .col-inner {\n  margin: 0px 0px -22px 0px;\n}\n<\/style>\n\t<\/div>\n\n\t\n<\/div>\n\n\t\t<div class=\"tabbed-content\">\n\t\t\t<h4 class=\"uppercase text-left\">choisir un th\u00e8me<\/h4>\n\t\t\t<ul class=\"nav nav-pills nav-uppercase nav-size-normal nav-left\" role=\"tablist\"><li id=\"tab-no\u00ebl-et-hiver\" class=\"tab active has-icon\" role=\"presentation\"><a href=\"#tab_no\u00ebl-et-hiver\" role=\"tab\" aria-selected=\"true\" aria-controls=\"tab_no\u00ebl-et-hiver\"><span>No\u00ebl et hiver<\/span><\/a><\/li>\n<li id=\"tab-sport\" class=\"tab has-icon\" role=\"presentation\"><a href=\"#tab_sport\" tabindex=\"-1\" role=\"tab\" aria-selected=\"false\" aria-controls=\"tab_sport\"><span>sport<\/span><\/a><\/li>\n<li id=\"tab-passe-temps\" class=\"tab has-icon\" role=\"presentation\"><a href=\"#tab_passe-temps\" tabindex=\"-1\" role=\"tab\" aria-selected=\"false\" aria-controls=\"tab_passe-temps\"><span>Passe-temps<\/span><\/a><\/li>\n<li id=\"tab-super-h\u00e9ros\" class=\"tab has-icon\" role=\"presentation\"><a href=\"#tab_super-h\u00e9ros\" tabindex=\"-1\" role=\"tab\" aria-selected=\"false\" aria-controls=\"tab_super-h\u00e9ros\"><span>Super-h\u00e9ros<\/span><\/a><\/li>\n<li id=\"tab-personnages-du-livre\" class=\"tab has-icon\" role=\"presentation\"><a href=\"#tab_personnages-du-livre\" tabindex=\"-1\" role=\"tab\" aria-selected=\"false\" aria-controls=\"tab_personnages-du-livre\"><span>Personnages du livre<\/span><\/a><\/li>\n<li id=\"tab-effrayant\" class=\"tab has-icon\" role=\"presentation\"><a href=\"#tab_effrayant\" tabindex=\"-1\" role=\"tab\" aria-selected=\"false\" aria-controls=\"tab_effrayant\"><span>Effrayant<\/span><\/a><\/li><\/ul><div class=\"tab-panels\"><div id=\"tab_no\u00ebl-et-hiver\" class=\"panel active entry-content\" role=\"tabpanel\" aria-labelledby=\"tab-no\u00ebl-et-hiver\">\n\n  \n    <div class=\"row  equalize-box large-columns-4 medium-columns-3 small-columns-2 row-normal has-shadow row-box-shadow-2 row-box-shadow-4-hover\" >\n  \t<\/div>\n<\/div>\n<div id=\"tab_sport\" class=\"panel entry-content\" role=\"tabpanel\" aria-labelledby=\"tab-sport\">\n\n  \n    <div class=\"row  equalize-box large-columns-4 medium-columns-3 small-columns-2 row-normal has-shadow row-box-shadow-2 row-box-shadow-4-hover\" >\n  \t<\/div>\n<\/div>\n<div id=\"tab_passe-temps\" class=\"panel entry-content\" role=\"tabpanel\" aria-labelledby=\"tab-passe-temps\">\n\n  \n    <div class=\"row  equalize-box large-columns-4 medium-columns-3 small-columns-2 row-normal has-shadow row-box-shadow-2 row-box-shadow-4-hover\" >\n  \t<\/div>\n<\/div>\n<div id=\"tab_super-h\u00e9ros\" class=\"panel entry-content\" role=\"tabpanel\" aria-labelledby=\"tab-super-h\u00e9ros\">\n\n  \n    <div class=\"row  equalize-box large-columns-4 medium-columns-3 small-columns-2 row-normal has-shadow row-box-shadow-2 row-box-shadow-4-hover\" >\n  \t<\/div>\n<\/div>\n<div id=\"tab_personnages-du-livre\" class=\"panel entry-content\" role=\"tabpanel\" aria-labelledby=\"tab-personnages-du-livre\">\n\n  \n    <div class=\"row  equalize-box large-columns-4 medium-columns-3 small-columns-2 row-normal has-shadow row-box-shadow-2 row-box-shadow-4-hover\" >\n  \t<\/div>\n<\/div>\n<div id=\"tab_effrayant\" class=\"panel entry-content\" role=\"tabpanel\" aria-labelledby=\"tab-effrayant\">\n\n  \n    <div class=\"row  equalize-box large-columns-4 medium-columns-3 small-columns-2 row-normal has-shadow row-box-shadow-2 row-box-shadow-4-hover\" >\n  \t<\/div>\n<\/div><\/div><\/div>\n<div class=\"row\"  id=\"row-191565125\">\n\n\t<div id=\"col-1015307430\" class=\"col small-12 large-12\"  >\n\t\t\t\t<div class=\"col-inner\"  >\n\t\t\t\n\t\t\t\n<h3>AIDE  CONSEILS<\/h3>\n\t\t<\/div>\n\t\t\t\t\n<style>\n#col-1015307430 > .col-inner {\n  margin: 0px 0px -30px 0px;\n}\n<\/style>\n\t<\/div>\n\n\t\n\n\t<div id=\"col-988239610\" class=\"col hide-for-medium medium-6 small-12 large-6\"  >\n\t\t\t\t<div class=\"col-inner\"  >\n\t\t\t\n\t\t\t\n<h4>Comment d\u00e9couper des t\u00eates sur vos photos num\u00e9riques<\/h4>\n<div style=\"width: 1020px;\" class=\"wp-video\"><!--[if lt IE 9]><script>document.createElement('video');<\/script><![endif]-->\n<video class=\"wp-video-shortcode\" id=\"video-50805-1\" width=\"1020\" height=\"574\" preload=\"metadata\" controls=\"controls\"><source type=\"video\/mp4\" src=\"https:\/\/saronti.com\/wp-content\/uploads\/2020\/03\/How-to-add-and-cut-out-heads-from-your-digital-photos.mp4?_=1\" \/><a href=\"https:\/\/saronti.com\/wp-content\/uploads\/2020\/03\/How-to-add-and-cut-out-heads-from-your-digital-photos.mp4\">https:\/\/saronti.com\/wp-content\/uploads\/2020\/03\/How-to-add-and-cut-out-heads-from-your-digital-photos.mp4<\/a><\/video><\/div>\n\t\t<\/div>\n\t\t\t\t\t<\/div>\n\n\t\n\n\t<div id=\"col-593180510\" class=\"col medium-6 small-12 large-6\"  >\n\t\t\t\t<div class=\"col-inner\"  >\n\t\t\t\n\t\t\t\n\t\t<\/div>\n\t\t\t\t\t<\/div>\n\n\t\n<\/div>\n","protected":false},"excerpt":{"rendered":"","protected":false},"author":2,"featured_media":0,"parent":0,"menu_order":0,"comment_status":"closed","ping_status":"closed","template":"","meta":{"footnotes":""},"class_list":["post-50805","page","type-page","status-publish","hentry"],"_links":{"self":[{"href":"https:\/\/saronti.com\/fr\/wp-json\/wp\/v2\/pages\/50805","targetHints":{"allow":["GET"]}}],"collection":[{"href":"https:\/\/saronti.com\/fr\/wp-json\/wp\/v2\/pages"}],"about":[{"href":"https:\/\/saronti.com\/fr\/wp-json\/wp\/v2\/types\/page"}],"author":[{"embeddable":true,"href":"https:\/\/saronti.com\/fr\/wp-json\/wp\/v2\/users\/2"}],"replies":[{"embeddable":true,"href":"https:\/\/saronti.com\/fr\/wp-json\/wp\/v2\/comments?post=50805"}],"version-history":[{"count":9,"href":"https:\/\/saronti.com\/fr\/wp-json\/wp\/v2\/pages\/50805\/revisions"}],"predecessor-version":[{"id":50820,"href":"https:\/\/saronti.com\/fr\/wp-json\/wp\/v2\/pages\/50805\/revisions\/50820"}],"wp:attachment":[{"href":"https:\/\/saronti.com\/fr\/wp-json\/wp\/v2\/media?parent=50805"}],"curies":[{"name":"wp","href":"https:\/\/api.w.org\/{rel}","templated":true}]}}