{"id":50838,"date":"2021-06-24T23:40:56","date_gmt":"2021-06-24T23:40:56","guid":{"rendered":"https:\/\/saronti.com\/peinture-par-numeros-personnalisee\/"},"modified":"2021-06-24T23:41:07","modified_gmt":"2021-06-24T23:41:07","slug":"peinture-par-numeros-personnalisee","status":"publish","type":"page","link":"https:\/\/saronti.com\/fr\/peinture-par-numeros-personnalisee\/","title":{"rendered":"Peinture personnalis\u00e9e par num\u00e9ros"},"content":{"rendered":"<div class=\"row\"  id=\"row-1093844\">\n\n\t<div id=\"col-1634687837\" class=\"col medium-9 small-12 large-9\"  >\n\t\t\t\t<div class=\"col-inner\"  >\n\t\t\t\n\t\t\t\n<h1>Peinture personnalis\u00e9e par num\u00e9ros<\/h1>\n\t\t<\/div>\n\t\t\t\t\n<style>\n#col-1634687837 > .col-inner {\n  margin: 0px 0px -20px 0px;\n}\n<\/style>\n\t<\/div>\n\n\t\n\n\t<div id=\"col-36966284\" class=\"col medium-3 small-12 large-3\"  >\n\t\t\t\t<div class=\"col-inner\"  >\n\t\t\t\n\t\t\t\n<div class=\"social-icons share-icons share-row relative full-width text-left\" ><a href=\"whatsapp:\/\/send?text=Peinture%20personnalis%C3%A9e%20par%20num%C3%A9ros - https:\/\/saronti.com\/fr\/peinture-par-numeros-personnalisee\/\" data-action=\"share\/whatsapp\/share\" class=\"icon primary button circle tooltip whatsapp show-for-medium\" title=\"Partager sur WhatsApp\" aria-label=\"Partager sur WhatsApp\" ><i class=\"icon-whatsapp\" ><\/i><\/a><a href=\"https:\/\/www.facebook.com\/sharer.php?u=https:\/\/saronti.com\/fr\/peinture-par-numeros-personnalisee\/\" data-label=\"Facebook\" onclick=\"window.open(this.href,this.title,'width=500,height=500,top=300px,left=300px'); return false;\" rel=\"noopener noreferrer nofollow\" target=\"_blank\" class=\"icon primary button circle tooltip facebook\" title=\"Partager sur Facebook\" aria-label=\"Partager sur Facebook\" ><i class=\"icon-facebook\" ><\/i><\/a><a href=\"https:\/\/twitter.com\/share?url=https:\/\/saronti.com\/fr\/peinture-par-numeros-personnalisee\/\" onclick=\"window.open(this.href,this.title,'width=500,height=500,top=300px,left=300px'); return false;\" rel=\"noopener noreferrer nofollow\" target=\"_blank\" class=\"icon primary button circle tooltip twitter\" title=\"Partager sur Twitter\" aria-label=\"Partager sur Twitter\" ><i class=\"icon-twitter\" ><\/i><\/a><a href=\"mailto:?subject=Peinture%20personnalis%C3%A9e%20par%20num%C3%A9ros&body=Check%20this%20out%3A%20https%3A%2F%2Fsaronti.com%2Ffr%2Fpeinture-par-numeros-personnalisee%2F\" rel=\"nofollow\" class=\"icon primary button circle tooltip email\" title=\"Envoyer par mail\" aria-label=\"Envoyer par mail\" ><i class=\"icon-envelop\" ><\/i><\/a><a href=\"https:\/\/pinterest.com\/pin\/create\/button?url=https:\/\/saronti.com\/fr\/peinture-par-numeros-personnalisee\/&media&description=Peinture%20personnalis%C3%A9e%20par%20num%C3%A9ros\" onclick=\"window.open(this.href,this.title,'width=500,height=500,top=300px,left=300px'); return false;\" rel=\"noopener noreferrer nofollow\" target=\"_blank\" class=\"icon primary button circle tooltip pinterest\" title=\"Epingler sur Pinterest\" aria-label=\"Epingler sur Pinterest\" ><i class=\"icon-pinterest\" ><\/i><\/a><a href=\"https:\/\/www.linkedin.com\/shareArticle?mini=true&url=https:\/\/saronti.com\/fr\/peinture-par-numeros-personnalisee\/&title=Peinture%20personnalis%C3%A9e%20par%20num%C3%A9ros\" onclick=\"window.open(this.href,this.title,'width=500,height=500,top=300px,left=300px'); return false;\" rel=\"noopener noreferrer nofollow\" target=\"_blank\" class=\"icon primary button circle tooltip linkedin\" title=\"Partager sur LinkedIn\" aria-label=\"Partager sur LinkedIn\" ><i class=\"icon-linkedin\" ><\/i><\/a><\/div>\n\t\t<\/div>\n\t\t\t\t\n<style>\n#col-36966284 > .col-inner {\n  margin: 0px 0px -20px 0px;\n}\n<\/style>\n\t<\/div>\n\n\t\n\n\t<div id=\"col-1015312275\" class=\"col small-12 large-12\"  >\n\t\t\t\t<div class=\"col-inner\"  >\n\t\t\t\n\t\t\t\n<p>Transformez votre enfant, ami ou m\u00eame grand-p\u00e8re en une superstar! Personnalisez votre peinture par num\u00e9ros avec un visage et un nom\/l\u00e9gende de votre choix. Cr\u00e9ez vous-m\u00eame \u00e0 l&rsquo;aide de notre outil de bricolage, t\u00e9l\u00e9chargez gratuitement ou imprimez sur une affiche, un bloc-notes, une carte de voeux et plus encore. Rires garantis \ud83d\ude42<\/p>\n\t\t<\/div>\n\t\t\t\t\n<style>\n#col-1015312275 > .col-inner {\n  margin: 0px 0px -22px 0px;\n}\n<\/style>\n\t<\/div>\n\n\t\n\n\t<div id=\"col-1532468202\" class=\"col small-12 large-12\"  >\n\t\t\t\t<div class=\"col-inner\"  >\n\t\t\t\n\t\t\t\n\n  \n    <div class=\"row  equalize-box large-columns-4 medium-columns-3 small-columns-2 row-normal has-shadow row-box-shadow-2 row-box-shadow-4-hover\" >\n  \t<\/div>\n\t\t<\/div>\n\t\t\t\t\n<style>\n#col-1532468202 > .col-inner {\n  margin: 0px 0px -22px 0px;\n}\n<\/style>\n\t<\/div>\n\n\t\n<\/div>\n<div class=\"row\"  id=\"row-776374248\">\n\n\t<div id=\"col-1706810345\" class=\"col small-12 large-12\"  >\n\t\t\t\t<div class=\"col-inner\"  >\n\t\t\t\n\t\t\t\n<h3>AIDE  CONSEILS<\/h3>\n\t\t<\/div>\n\t\t\t\t\n<style>\n#col-1706810345 > .col-inner {\n  margin: 0px 0px -30px 0px;\n}\n<\/style>\n\t<\/div>\n\n\t\n\n\t<div id=\"col-2080586703\" class=\"col medium-6 small-12 large-6\"  >\n\t\t\t\t<div class=\"col-inner\"  >\n\t\t\t\n\t\t\t\n<h4>Comment personnaliser votre propre peinture par num\u00e9ros<\/h4>\n<div style=\"width: 1020px;\" class=\"wp-video\"><!--[if lt IE 9]><script>document.createElement('video');<\/script><![endif]-->\n<video class=\"wp-video-shortcode\" id=\"video-50838-1\" width=\"1020\" height=\"574\" preload=\"metadata\" controls=\"controls\"><source type=\"video\/mp4\" src=\"https:\/\/saronti.com\/wp-content\/uploads\/2020\/04\/Create-your-own-Paint-By-Numbers.mp4?_=1\" \/><a href=\"https:\/\/saronti.com\/wp-content\/uploads\/2020\/04\/Create-your-own-Paint-By-Numbers.mp4\">https:\/\/saronti.com\/wp-content\/uploads\/2020\/04\/Create-your-own-Paint-By-Numbers.mp4<\/a><\/video><\/div>\n\t\t<\/div>\n\t\t\t\t\t<\/div>\n\n\t\n\n\t<div id=\"col-1268591929\" class=\"col hide-for-medium medium-6 small-12 large-6\"  >\n\t\t\t\t<div class=\"col-inner\"  >\n\t\t\t\n\t\t\t\n<h4>Comment d\u00e9couper des t\u00eates sur vos photos num\u00e9riques<\/h4>\n<div style=\"width: 1020px;\" class=\"wp-video\"><video class=\"wp-video-shortcode\" id=\"video-50838-2\" width=\"1020\" height=\"574\" preload=\"metadata\" controls=\"controls\"><source type=\"video\/mp4\" src=\"https:\/\/saronti.com\/wp-content\/uploads\/2020\/03\/How-to-add-and-cut-out-heads-from-your-digital-photos.mp4?_=2\" \/><a href=\"https:\/\/saronti.com\/wp-content\/uploads\/2020\/03\/How-to-add-and-cut-out-heads-from-your-digital-photos.mp4\">https:\/\/saronti.com\/wp-content\/uploads\/2020\/03\/How-to-add-and-cut-out-heads-from-your-digital-photos.mp4<\/a><\/video><\/div>\n\t\t<\/div>\n\t\t\t\t\t<\/div>\n\n\t\n<\/div>\n","protected":false},"excerpt":{"rendered":"","protected":false},"author":2,"featured_media":0,"parent":0,"menu_order":0,"comment_status":"closed","ping_status":"closed","template":"","meta":{"footnotes":""},"class_list":["post-50838","page","type-page","status-publish","hentry"],"_links":{"self":[{"href":"https:\/\/saronti.com\/fr\/wp-json\/wp\/v2\/pages\/50838","targetHints":{"allow":["GET"]}}],"collection":[{"href":"https:\/\/saronti.com\/fr\/wp-json\/wp\/v2\/pages"}],"about":[{"href":"https:\/\/saronti.com\/fr\/wp-json\/wp\/v2\/types\/page"}],"author":[{"embeddable":true,"href":"https:\/\/saronti.com\/fr\/wp-json\/wp\/v2\/users\/2"}],"replies":[{"embeddable":true,"href":"https:\/\/saronti.com\/fr\/wp-json\/wp\/v2\/comments?post=50838"}],"version-history":[{"count":2,"href":"https:\/\/saronti.com\/fr\/wp-json\/wp\/v2\/pages\/50838\/revisions"}],"predecessor-version":[{"id":50842,"href":"https:\/\/saronti.com\/fr\/wp-json\/wp\/v2\/pages\/50838\/revisions\/50842"}],"wp:attachment":[{"href":"https:\/\/saronti.com\/fr\/wp-json\/wp\/v2\/media?parent=50838"}],"curies":[{"name":"wp","href":"https:\/\/api.w.org\/{rel}","templated":true}]}}