{"id":50870,"date":"2021-06-24T23:44:25","date_gmt":"2021-06-24T23:44:25","guid":{"rendered":"https:\/\/saronti.com\/enfants-hub\/"},"modified":"2021-06-24T23:45:54","modified_gmt":"2021-06-24T23:45:54","slug":"enfants-hub","status":"publish","type":"page","link":"https:\/\/saronti.com\/fr\/enfants-hub\/","title":{"rendered":"Centre d&rsquo;enfants"},"content":{"rendered":"<div class=\"row\"  id=\"row-1989685534\">\n\n\t<div id=\"col-767628774\" class=\"col hide-for-small medium-3 small-12 large-3\"  >\n\t\t\t\t<div class=\"col-inner\"  >\n\t\t\t\n\t\t\t\n<ul class=\"sidebar-wrapper ul-reset\"><aside id=\"text-10\" class=\"widget widget_text\"><span class=\"widget-title \"><span>GALERIE DE NOS JEUNES AUTEURS<\/span><\/span><div class=\"is-divider small\"><\/div>\t\t\t<div class=\"textwidget\"><p><a href=\"https:\/\/saronti.com\/fr\/galerie-de-nos-jeunes-auteurs\/\">&lt; Galerie<\/a><\/p>\n<\/div>\n\t\t<\/aside><aside id=\"search-6\" class=\"widget widget_search\"><span class=\"widget-title \"><span>Recherche<\/span><\/span><div class=\"is-divider small\"><\/div><form method=\"get\" class=\"searchform\" action=\"https:\/\/saronti.com\/fr\/\" role=\"search\">\n\t\t<div class=\"flex-row relative\">\n\t\t\t<div class=\"flex-col flex-grow\">\n\t   \t   <input type=\"search\" class=\"search-field mb-0\" name=\"s\" value=\"\" id=\"s\" placeholder=\"Recherche&hellip;\" \/>\n\t\t\t<\/div>\n\t\t\t<div class=\"flex-col\">\n\t\t\t\t<button type=\"submit\" class=\"ux-search-submit submit-button secondary button icon mb-0\" aria-label=\"Submit\">\n\t\t\t\t\t<i class=\"icon-search\" ><\/i>\t\t\t\t<\/button>\n\t\t\t<\/div>\n\t\t<\/div>\n    <div class=\"live-search-results text-left z-top\"><\/div>\n<\/form>\n<\/aside><\/ul>\n\t\t<\/div>\n\t\t\t\t\t<\/div>\n\n\t\n\n\t<div id=\"col-1901314070\" class=\"col medium-9 small-12 large-9\"  >\n\t\t\t\t<div class=\"col-inner\"  >\n\t\t\t\n\t\t\t\n<p><strong><span style=\"font-size: 120%;\">Bienvenue sur notre Kids Hub. <\/span><\/strong><\/p>\n<p><strong>C&rsquo;est un endroit pour vous tous, jeunes cr\u00e9ateurs, inventeurs et partageurs de plaisir.<\/strong> Voici o\u00f9 vous pouvez partager vos d\u00e9licieuses recettes, artisanat, exp\u00e9riences scientifiques, tours de magie, histoires, chansons et tout ce que vous faites pendant le confinement, afin que d&rsquo;autres puissent l&rsquo;essayer aussi ! <em>Ne vous inqui\u00e9tez pas les adultes &#8211; nous approuvons tous les messages donc pas de mauvaise surprise \ud83d\ude42 <\/em><\/p>\n<div class=\"row\"  id=\"row-1957118251\">\n\n\t<div id=\"col-34826411\" class=\"col small-12 large-12\"  >\n\t\t\t\t<div class=\"col-inner text-right\"  >\n\t\t\t\n\t\t\t\n<a href=\"#popmake-27023\" target=\"_self\" class=\"button primary\"  >\n    <span>T\u00e9l\u00e9charger ma vid\u00e9o<\/span>\n  <\/a>\n\n\t\t<\/div>\n\t\t\t\t\n<style>\n#col-34826411 > .col-inner {\n  margin: 0px 0px -34px 0px;\n}\n<\/style>\n\t<\/div>\n\n\t\n<\/div>\n<p style=\"text-align: right;\"><span style=\"color: #ed1c24; font-size: 90%;\"><strong>Ne h\u00e9sitez pas \u00e0<span style=\"color: #63c2a7;\"><a style=\"color: #63c2a7;\" href=\"mailto:help@saronti.com\" target=\"_blank\" rel=\"noopener noreferrer\"> E-mail<\/a><\/span> ou alors<span style=\"color: #63c2a7;\"><a style=\"color: #63c2a7;\" href=\"https:\/\/wa.me\/447957327322\/?text=Hi%20Saronti,\" target=\"_blank\" rel=\"noopener noreferrer nofollow\"> WhatsApp<\/a><\/span> nous si vous avez besoin d&rsquo;aide pour quoi que ce soit.<\/strong><\/span><\/p>\n\n  \n    <div class=\"row large-columns-2 medium-columns-1 small-columns-1\" >\n  <div class=\"col post-item\" >\n\t\t\t<div class=\"col-inner\">\n\t\t\t\t<div class=\"box box-normal box-text-bottom box-blog-post has-hover\">\n            \t\t\t\t\t<div class=\"box-image\" >\n  \t\t\t\t\t\t<div class=\"image-cover\" style=\"padding-top:56%;\">\n\t\t\t\t\t\t\t<a href=\"https:\/\/saronti.com\/fr\/creez-votre-propre-starbucks-milkshake\/\" class=\"plain\" aria-label=\"D\u00e9licieux milk-shake Starbucks\">\n\t\t\t\t\t\t\t\t<img loading=\"lazy\" decoding=\"async\" width=\"685\" height=\"400\" src=\"https:\/\/saronti.com\/wp-content\/uploads\/2020\/04\/create-your-own-starbucks-milshake-1-685x400.jpg\" class=\"attachment-medium size-medium wp-post-image\" alt=\"cr\u00e9ez-votre-propre-starbucks-milshake\" srcset=\"https:\/\/saronti.com\/wp-content\/uploads\/2020\/04\/create-your-own-starbucks-milshake-1-685x400.jpg 685w, https:\/\/saronti.com\/wp-content\/uploads\/2020\/04\/create-your-own-starbucks-milshake-1-510x298.jpg 510w, https:\/\/saronti.com\/wp-content\/uploads\/2020\/04\/create-your-own-starbucks-milshake-1-768x449.jpg 768w, https:\/\/saronti.com\/wp-content\/uploads\/2020\/04\/create-your-own-starbucks-milshake-1.jpg 897w\" sizes=\"auto, (max-width: 685px) 100vw, 685px\" \/>\t\t\t\t\t\t\t<\/a>\n  \t\t\t\t\t\t\t  \t\t\t\t\t\t\t  \t\t\t\t\t\t<\/div>\n  \t\t\t\t\t\t  \t\t\t\t\t<\/div>\n          \t\t\t\t\t<div class=\"box-text text-center\" >\n\t\t\t\t\t<div class=\"box-text-inner blog-post-inner\">\n\n\t\t\t\t\t\n\t\t\t\t\t\t\t\t\t\t<h5 class=\"post-title is-large \">\n\t\t\t\t\t\t<a href=\"https:\/\/saronti.com\/fr\/creez-votre-propre-starbucks-milkshake\/\" class=\"plain\">D\u00e9licieux milk-shake Starbucks<\/a>\n\t\t\t\t\t<\/h5>\n\t\t\t\t\t\t\t\t\t\t<div class=\"is-divider\"><\/div>\n\t\t\t\t\t\t\t\t\t\t<p class=\"from_the_blog_excerpt \"> [...]\t\t\t\t\t<\/p>\n\t\t\t\t\t                    \n\t\t\t\t\t\n\t\t\t\t\t\n\t\t\t\t\t<\/div>\n\t\t\t\t\t<\/div>\n\t\t\t\t\t\t\t\t\t\t\t\t\t\t\t\t<div class=\"badge absolute top post-date badge-square\">\n\t\t\t\t\t\t\t<div class=\"badge-inner\">\n\t\t\t\t\t\t\t\t<span class=\"post-date-day\">25<\/span><br>\n\t\t\t\t\t\t\t\t<span class=\"post-date-month is-xsmall\">Juin<\/span>\n\t\t\t\t\t\t\t<\/div>\n\t\t\t\t\t\t<\/div>\n\t\t\t\t\t\t\t\t\t<\/div>\n\t\t\t<\/div>\n\t\t<\/div><div class=\"col post-item\" >\n\t\t\t<div class=\"col-inner\">\n\t\t\t\t<div class=\"box box-normal box-text-bottom box-blog-post has-hover\">\n            \t\t\t\t\t<div class=\"box-image\" >\n  \t\t\t\t\t\t<div class=\"image-cover\" style=\"padding-top:56%;\">\n\t\t\t\t\t\t\t<a href=\"https:\/\/saronti.com\/fr\/delice-nutella\/\" class=\"plain\" aria-label=\"D\u00e9lice Nutella \u00ab\u00a0Impossible de r\u00e9sister\u00a0\u00bb\">\n\t\t\t\t\t\t\t\t<img loading=\"lazy\" decoding=\"async\" width=\"680\" height=\"363\" src=\"https:\/\/saronti.com\/wp-content\/uploads\/2020\/04\/Nutella-delight.jpg\" class=\"attachment-medium size-medium wp-post-image\" alt=\"D\u00e9lice au Nutella - Pain perdu\" srcset=\"https:\/\/saronti.com\/wp-content\/uploads\/2020\/04\/Nutella-delight.jpg 680w, https:\/\/saronti.com\/wp-content\/uploads\/2020\/04\/Nutella-delight-510x272.jpg 510w\" sizes=\"auto, (max-width: 680px) 100vw, 680px\" \/>\t\t\t\t\t\t\t<\/a>\n  \t\t\t\t\t\t\t  \t\t\t\t\t\t\t  \t\t\t\t\t\t<\/div>\n  \t\t\t\t\t\t  \t\t\t\t\t<\/div>\n          \t\t\t\t\t<div class=\"box-text text-center\" >\n\t\t\t\t\t<div class=\"box-text-inner blog-post-inner\">\n\n\t\t\t\t\t\n\t\t\t\t\t\t\t\t\t\t<h5 class=\"post-title is-large \">\n\t\t\t\t\t\t<a href=\"https:\/\/saronti.com\/fr\/delice-nutella\/\" class=\"plain\">D\u00e9lice Nutella \u00ab\u00a0Impossible de r\u00e9sister\u00a0\u00bb<\/a>\n\t\t\t\t\t<\/h5>\n\t\t\t\t\t\t\t\t\t\t<div class=\"is-divider\"><\/div>\n\t\t\t\t\t\t\t\t\t\t<p class=\"from_the_blog_excerpt \"> [...]\t\t\t\t\t<\/p>\n\t\t\t\t\t                    \n\t\t\t\t\t\n\t\t\t\t\t\n\t\t\t\t\t<\/div>\n\t\t\t\t\t<\/div>\n\t\t\t\t\t\t\t\t\t\t\t\t\t\t\t\t<div class=\"badge absolute top post-date badge-square\">\n\t\t\t\t\t\t\t<div class=\"badge-inner\">\n\t\t\t\t\t\t\t\t<span class=\"post-date-day\">25<\/span><br>\n\t\t\t\t\t\t\t\t<span class=\"post-date-month is-xsmall\">Juin<\/span>\n\t\t\t\t\t\t\t<\/div>\n\t\t\t\t\t\t<\/div>\n\t\t\t\t\t\t\t\t\t<\/div>\n\t\t\t<\/div>\n\t\t<\/div><\/div>\n\t\t<\/div>\n\t\t\t\t\t<\/div>\n\n\t\n\n\t<div id=\"col-794108698\" class=\"col show-for-small medium-3 small-12 large-3\"  >\n\t\t\t\t<div class=\"col-inner\"  >\n\t\t\t\n\t\t\t\n<ul class=\"sidebar-wrapper ul-reset\"><aside id=\"text-10\" class=\"widget widget_text\"><span class=\"widget-title \"><span>GALERIE DE NOS JEUNES AUTEURS<\/span><\/span><div class=\"is-divider small\"><\/div>\t\t\t<div class=\"textwidget\"><p><a href=\"https:\/\/saronti.com\/fr\/galerie-de-nos-jeunes-auteurs\/\">&lt; Galerie<\/a><\/p>\n<\/div>\n\t\t<\/aside><aside id=\"search-6\" class=\"widget widget_search\"><span class=\"widget-title \"><span>Recherche<\/span><\/span><div class=\"is-divider small\"><\/div><form method=\"get\" class=\"searchform\" action=\"https:\/\/saronti.com\/fr\/\" role=\"search\">\n\t\t<div class=\"flex-row relative\">\n\t\t\t<div class=\"flex-col flex-grow\">\n\t   \t   <input type=\"search\" class=\"search-field mb-0\" name=\"s\" value=\"\" id=\"s\" placeholder=\"Recherche&hellip;\" \/>\n\t\t\t<\/div>\n\t\t\t<div class=\"flex-col\">\n\t\t\t\t<button type=\"submit\" class=\"ux-search-submit submit-button secondary button icon mb-0\" aria-label=\"Submit\">\n\t\t\t\t\t<i class=\"icon-search\" ><\/i>\t\t\t\t<\/button>\n\t\t\t<\/div>\n\t\t<\/div>\n    <div class=\"live-search-results text-left z-top\"><\/div>\n<\/form>\n<\/aside><\/ul>\n\t\t<\/div>\n\t\t\t\t\t<\/div>\n\n\t\n<\/div>\n","protected":false},"excerpt":{"rendered":"","protected":false},"author":2,"featured_media":0,"parent":0,"menu_order":0,"comment_status":"closed","ping_status":"closed","template":"","meta":{"footnotes":""},"class_list":["post-50870","page","type-page","status-publish","hentry"],"_links":{"self":[{"href":"https:\/\/saronti.com\/fr\/wp-json\/wp\/v2\/pages\/50870","targetHints":{"allow":["GET"]}}],"collection":[{"href":"https:\/\/saronti.com\/fr\/wp-json\/wp\/v2\/pages"}],"about":[{"href":"https:\/\/saronti.com\/fr\/wp-json\/wp\/v2\/types\/page"}],"author":[{"embeddable":true,"href":"https:\/\/saronti.com\/fr\/wp-json\/wp\/v2\/users\/2"}],"replies":[{"embeddable":true,"href":"https:\/\/saronti.com\/fr\/wp-json\/wp\/v2\/comments?post=50870"}],"version-history":[{"count":6,"href":"https:\/\/saronti.com\/fr\/wp-json\/wp\/v2\/pages\/50870\/revisions"}],"predecessor-version":[{"id":50880,"href":"https:\/\/saronti.com\/fr\/wp-json\/wp\/v2\/pages\/50870\/revisions\/50880"}],"wp:attachment":[{"href":"https:\/\/saronti.com\/fr\/wp-json\/wp\/v2\/media?parent=50870"}],"curies":[{"name":"wp","href":"https:\/\/api.w.org\/{rel}","templated":true}]}}