{"id":50875,"date":"2021-06-24T23:44:58","date_gmt":"2021-06-24T23:44:58","guid":{"rendered":"https:\/\/saronti.com\/oops\/"},"modified":"2021-06-24T23:45:09","modified_gmt":"2021-06-24T23:45:09","slug":"oops","status":"publish","type":"page","link":"https:\/\/saronti.com\/fr\/oops\/","title":{"rendered":"Oups!"},"content":{"rendered":"\n<p>Oups, il semble que nous n&rsquo;ayons pas ce que vous cherchez. Notre Gigglescope recherche toujours de nouveaux produits, alors faites-nous savoir ce que vous aimeriez voir et nous en informerons l&rsquo;\u00e9quipe d\u00e8s que possible. Vous pouvez aussi<a href=\"https:\/\/saronti.com\/fr\/\"> parcourez nos livres et jeux personnalis\u00e9s amusants!<\/a><\/p>\n[contact-form-7 id=\u00a0\u00bb13073&Prime;]\n<div class=\"is-divider divider clearfix\" style=\"height:14px;\"><\/div>\n<h2 class=\"uppercase\" style=\"text-align: center;\">Most loved<\/h2>\n<div class=\"woocommerce columns-3 \"><div class=\"products row row-small large-columns-3 medium-columns-2 small-columns-1 has-equal-box-heights\">\n<div class=\"product-small col has-hover product type-product post-53096 status-publish first instock product_cat-service-createur has-post-thumbnail purchasable product-type-simple\">\n\t<div class=\"col-inner\">\n\t\n<div class=\"badge-container absolute left top z-1\">\n\n<\/div>\n\t<div class=\"product-small box \">\n\t\t<div class=\"box-image\">\n\t\t\t<div class=\"image-fade_in_back\">\n\t\t\t\t<a href=\"https:\/\/saronti.com\/fr\/product\/nombre-de-personnes-animaux-dans-votre-livre\/\" aria-label=\"Nombre de personnes\/animaux dans votre livre\">\n\t\t\t\t\t<img loading=\"lazy\" decoding=\"async\" width=\"510\" height=\"510\" src=\"https:\/\/saronti.com\/wp-content\/uploads\/2020\/09\/additional-faces-510x510.jpg\" class=\"attachment-woocommerce_thumbnail size-woocommerce_thumbnail\" alt=\"Nombre de personnes\/animaux dans votre livre\" srcset=\"https:\/\/saronti.com\/wp-content\/uploads\/2020\/09\/additional-faces-510x510.jpg 510w, https:\/\/saronti.com\/wp-content\/uploads\/2020\/09\/additional-faces-100x100.jpg 100w, https:\/\/saronti.com\/wp-content\/uploads\/2020\/09\/additional-faces-400x400.jpg 400w, https:\/\/saronti.com\/wp-content\/uploads\/2020\/09\/additional-faces-280x280.jpg 280w, https:\/\/saronti.com\/wp-content\/uploads\/2020\/09\/additional-faces.jpg 600w\" sizes=\"auto, (max-width: 510px) 100vw, 510px\" \/>\t\t\t\t<\/a>\n\t\t\t<\/div>\n\t\t\t<div class=\"image-tools is-small top right show-on-hover\">\n\t\t\t\t\t\t\t<\/div>\n\t\t\t<div class=\"image-tools is-small hide-for-small bottom left show-on-hover\">\n\t\t\t\t\t\t\t<\/div>\n\t\t\t<div class=\"image-tools grid-tools text-center hide-for-small bottom hover-slide-in show-on-hover\">\n\t\t\t\t  <a class=\"quick-view\" data-prod=\"53096\" href=\"#quick-view\">Aper\u00e7u<\/a>\t\t\t<\/div>\n\t\t\t\t\t<\/div>\n\n\t\t<div class=\"box-text box-text-products\">\n\t\t\t<div class=\"title-wrapper\"><p class=\"name product-title woocommerce-loop-product__title\"><a href=\"https:\/\/saronti.com\/fr\/product\/nombre-de-personnes-animaux-dans-votre-livre\/\" class=\"woocommerce-LoopProduct-link woocommerce-loop-product__link\">Nombre de personnes\/animaux dans votre livre<\/a><\/p><\/div><div class=\"price-wrapper\">\n\t<span class=\"price\"><span class=\"woocommerce-Price-amount amount\"><bdi><span class=\"woocommerce-Price-currencySymbol\">&euro;<\/span>1,80<\/bdi><\/span><\/span>\n<\/div><div class=\"add-to-cart-button\"><a href=\"\/fr\/wp-json\/wp\/v2\/pages\/50875?add-to-cart=53096\" aria-describedby=\"woocommerce_loop_add_to_cart_link_describedby_53096\" data-quantity=\"1\" class=\"primary is-small mb-0 button product_type_simple add_to_cart_button ajax_add_to_cart is-flat\" data-product_id=\"53096\" data-product_sku=\"AddPeople-1-1\" aria-label=\"Ajouter au panier\u00a0: &ldquo;Nombre de personnes\/animaux dans votre livre&rdquo;\" rel=\"nofollow\" data-success_message=\"\u00ab\u00a0Nombre de personnes\/animaux dans votre livre\u00a0\u00bb a \u00e9t\u00e9 ajout\u00e9 \u00e0 votre panier\" role=\"button\">Ajouter au panier<\/a><\/div>\t<span id=\"woocommerce_loop_add_to_cart_link_describedby_53096\" class=\"screen-reader-text\">\n\t\t\t<\/span>\n\t\t<\/div>\n\t<\/div>\n\t\t<\/div>\n<\/div><div class=\"product-small col has-hover product type-product post-52413 status-publish instock product_cat-livres-photos-de-famille-personnalises product_tag-livre-de-bord-de-mer product_tag-livre-de-famille-bord-de-mer product_tag-livre-de-famille-personnalise product_tag-livre-de-vacances-en-famille product_tag-livre-photo-bord-de-mer product_tag-livre-photo-de-famille product_tag-livre-photo-de-famille-personnalise product_tag-livre-photo-enfant product_tag-livre-photo-personnalise has-post-thumbnail purchasable product-type-variable has-default-attributes\">\n\t<div class=\"col-inner\">\n\t\n<div class=\"badge-container absolute left top z-1\">\n\n<\/div>\n\t<div class=\"product-small box \">\n\t\t<div class=\"box-image\">\n\t\t\t<div class=\"image-fade_in_back\">\n\t\t\t\t<a href=\"https:\/\/saronti.com\/fr\/product\/livre-famille-personnalise-avec-photos-journee-plage\/\" aria-label=\"Livre de famille personnalis\u00e9 avec photos, Une Journ\u00e9e \u00e0 la plage\">\n\t\t\t\t\t<img loading=\"lazy\" decoding=\"async\" width=\"510\" height=\"510\" src=\"https:\/\/saronti.com\/wp-content\/uploads\/2019\/11\/livre-de-famille-personnalise-photo-plage-mer-vacances_couverture-510x510.jpg\" class=\"attachment-woocommerce_thumbnail size-woocommerce_thumbnail\" alt=\"Livre de famille personnalis\u00e9 avec photos, Une Journ\u00e9e \u00e0 la plage\" srcset=\"https:\/\/saronti.com\/wp-content\/uploads\/2019\/11\/livre-de-famille-personnalise-photo-plage-mer-vacances_couverture-510x510.jpg 510w, https:\/\/saronti.com\/wp-content\/uploads\/2019\/11\/livre-de-famille-personnalise-photo-plage-mer-vacances_couverture-100x100.jpg 100w, https:\/\/saronti.com\/wp-content\/uploads\/2019\/11\/livre-de-famille-personnalise-photo-plage-mer-vacances_couverture-400x400.jpg 400w, https:\/\/saronti.com\/wp-content\/uploads\/2019\/11\/livre-de-famille-personnalise-photo-plage-mer-vacances_couverture-280x280.jpg 280w, https:\/\/saronti.com\/wp-content\/uploads\/2019\/11\/livre-de-famille-personnalise-photo-plage-mer-vacances_couverture.jpg 567w\" sizes=\"auto, (max-width: 510px) 100vw, 510px\" \/><img loading=\"lazy\" decoding=\"async\" width=\"510\" height=\"510\" src=\"https:\/\/saronti.com\/wp-content\/uploads\/2019\/11\/livre-de-famille-personnalise-photo-plage-mer-vacances5-510x510.jpg\" class=\"show-on-hover absolute fill hide-for-small back-image\" alt=\"\" srcset=\"https:\/\/saronti.com\/wp-content\/uploads\/2019\/11\/livre-de-famille-personnalise-photo-plage-mer-vacances5-510x510.jpg 510w, https:\/\/saronti.com\/wp-content\/uploads\/2019\/11\/livre-de-famille-personnalise-photo-plage-mer-vacances5-100x100.jpg 100w, https:\/\/saronti.com\/wp-content\/uploads\/2019\/11\/livre-de-famille-personnalise-photo-plage-mer-vacances5-280x280.jpg 280w\" sizes=\"auto, (max-width: 510px) 100vw, 510px\" \/>\t\t\t\t<\/a>\n\t\t\t<\/div>\n\t\t\t<div class=\"image-tools is-small top right show-on-hover\">\n\t\t\t\t\t\t\t<\/div>\n\t\t\t<div class=\"image-tools is-small hide-for-small bottom left show-on-hover\">\n\t\t\t\t\t\t\t<\/div>\n\t\t\t<div class=\"image-tools grid-tools text-center hide-for-small bottom hover-slide-in show-on-hover\">\n\t\t\t\t  <a class=\"quick-view\" data-prod=\"52413\" href=\"#quick-view\">Aper\u00e7u<\/a>\t\t\t<\/div>\n\t\t\t\t\t<\/div>\n\n\t\t<div class=\"box-text box-text-products\">\n\t\t\t<div class=\"title-wrapper\"><p class=\"name product-title woocommerce-loop-product__title\"><a href=\"https:\/\/saronti.com\/fr\/product\/livre-famille-personnalise-avec-photos-journee-plage\/\" class=\"woocommerce-LoopProduct-link woocommerce-loop-product__link\">Livre de famille personnalis\u00e9 avec photos, Une Journ\u00e9e \u00e0 la plage<\/a><\/p><\/div><div class=\"price-wrapper\"><div class=\"star-rating star-rating--inline\" role=\"img\" aria-label=\"Note 5.00 sur 5\"><span style=\"width:100%\">Note <strong class=\"rating\">5.00<\/strong> sur 5<\/span><\/div>\n\t<span class=\"price\">From: <span class=\"woocommerce-Price-amount amount\"><bdi><span class=\"woocommerce-Price-currencySymbol\">&euro;<\/span>0,00<\/bdi><\/span><\/span>\n<\/div><div class=\"add-to-cart-button\"><a href=\"https:\/\/saronti.com\/fr\/product\/livre-famille-personnalise-avec-photos-journee-plage\/\" aria-describedby=\"woocommerce_loop_add_to_cart_link_describedby_52413\" data-quantity=\"1\" class=\"primary is-small mb-0 button product_type_variable add_to_cart_button is-flat\" data-product_id=\"52413\" data-product_sku=\"BOOK-SEASIDE-UK\" aria-label=\"S\u00e9lectionner les options pour &ldquo;Livre de famille personnalis\u00e9 avec photos, Une Journ\u00e9e \u00e0 la plage&rdquo;\" rel=\"nofollow\">Choix des options<\/a><\/div>\t<span id=\"woocommerce_loop_add_to_cart_link_describedby_52413\" class=\"screen-reader-text\">\n\t\tCe produit a plusieurs variations. Les options peuvent \u00eatre choisies sur la page du produit\t<\/span>\n\t\t<\/div>\n\t<\/div>\n\t\t<\/div>\n<\/div><div class=\"product-small col has-hover product type-product post-52507 status-publish last instock product_cat-livres-photos-de-famille-personnalises product_tag-livre-de-famille-personnalise product_tag-livre-de-noel-personnalise-pour-enfants product_tag-livre-de-noel-pour-enfants product_tag-livre-de-noel-pour-enfants-fr product_tag-livre-photo-de-famille product_tag-livre-photo-de-famille-personnalise product_tag-livre-photo-de-noel-pour-enfants product_tag-livre-photo-personnalise has-post-thumbnail purchasable product-type-variable has-default-attributes\">\n\t<div class=\"col-inner\">\n\t\n<div class=\"badge-container absolute left top z-1\">\n\n<\/div>\n\t<div class=\"product-small box \">\n\t\t<div class=\"box-image\">\n\t\t\t<div class=\"image-fade_in_back\">\n\t\t\t\t<a href=\"https:\/\/saronti.com\/fr\/product\/livre-famille-personnalisees-avec-photos-noel-special\/\" aria-label=\"Livre de famille personnalis\u00e9 avec photos, Un No\u00ebl tr\u00e8s sp\u00e9cial\">\n\t\t\t\t\t<img loading=\"lazy\" decoding=\"async\" width=\"510\" height=\"510\" src=\"https:\/\/saronti.com\/wp-content\/uploads\/2019\/12\/livre-de-famille-personnalise-photo-noel_couverture-510x510.jpg\" class=\"attachment-woocommerce_thumbnail size-woocommerce_thumbnail\" alt=\"Livre de famille personnalis\u00e9 avec photos, Un No\u00ebl tr\u00e8s sp\u00e9cial\" srcset=\"https:\/\/saronti.com\/wp-content\/uploads\/2019\/12\/livre-de-famille-personnalise-photo-noel_couverture-510x510.jpg 510w, https:\/\/saronti.com\/wp-content\/uploads\/2019\/12\/livre-de-famille-personnalise-photo-noel_couverture-100x100.jpg 100w, https:\/\/saronti.com\/wp-content\/uploads\/2019\/12\/livre-de-famille-personnalise-photo-noel_couverture-400x400.jpg 400w, https:\/\/saronti.com\/wp-content\/uploads\/2019\/12\/livre-de-famille-personnalise-photo-noel_couverture-280x280.jpg 280w, https:\/\/saronti.com\/wp-content\/uploads\/2019\/12\/livre-de-famille-personnalise-photo-noel_couverture.jpg 567w\" sizes=\"auto, (max-width: 510px) 100vw, 510px\" \/><img loading=\"lazy\" decoding=\"async\" width=\"510\" height=\"510\" src=\"https:\/\/saronti.com\/wp-content\/uploads\/2019\/12\/livre-de-famille-personnalise-photo-noel4-510x510.jpg\" class=\"show-on-hover absolute fill hide-for-small back-image\" alt=\"\" srcset=\"https:\/\/saronti.com\/wp-content\/uploads\/2019\/12\/livre-de-famille-personnalise-photo-noel4-510x510.jpg 510w, https:\/\/saronti.com\/wp-content\/uploads\/2019\/12\/livre-de-famille-personnalise-photo-noel4-100x100.jpg 100w, https:\/\/saronti.com\/wp-content\/uploads\/2019\/12\/livre-de-famille-personnalise-photo-noel4-280x280.jpg 280w\" sizes=\"auto, (max-width: 510px) 100vw, 510px\" \/>\t\t\t\t<\/a>\n\t\t\t<\/div>\n\t\t\t<div class=\"image-tools is-small top right show-on-hover\">\n\t\t\t\t\t\t\t<\/div>\n\t\t\t<div class=\"image-tools is-small hide-for-small bottom left show-on-hover\">\n\t\t\t\t\t\t\t<\/div>\n\t\t\t<div class=\"image-tools grid-tools text-center hide-for-small bottom hover-slide-in show-on-hover\">\n\t\t\t\t  <a class=\"quick-view\" data-prod=\"52507\" href=\"#quick-view\">Aper\u00e7u<\/a>\t\t\t<\/div>\n\t\t\t\t\t<\/div>\n\n\t\t<div class=\"box-text box-text-products\">\n\t\t\t<div class=\"title-wrapper\"><p class=\"name product-title woocommerce-loop-product__title\"><a href=\"https:\/\/saronti.com\/fr\/product\/livre-famille-personnalisees-avec-photos-noel-special\/\" class=\"woocommerce-LoopProduct-link woocommerce-loop-product__link\">Livre de famille personnalis\u00e9 avec photos, Un No\u00ebl tr\u00e8s sp\u00e9cial<\/a><\/p><\/div><div class=\"price-wrapper\"><div class=\"star-rating star-rating--inline\" role=\"img\" aria-label=\"Note 5.00 sur 5\"><span style=\"width:100%\">Note <strong class=\"rating\">5.00<\/strong> sur 5<\/span><\/div>\n\t<span class=\"price\">From: <span class=\"woocommerce-Price-amount amount\"><bdi><span class=\"woocommerce-Price-currencySymbol\">&euro;<\/span>0,00<\/bdi><\/span><\/span>\n<\/div><div class=\"add-to-cart-button\"><a href=\"https:\/\/saronti.com\/fr\/product\/livre-famille-personnalisees-avec-photos-noel-special\/\" aria-describedby=\"woocommerce_loop_add_to_cart_link_describedby_52507\" data-quantity=\"1\" class=\"primary is-small mb-0 button product_type_variable add_to_cart_button is-flat\" data-product_id=\"52507\" data-product_sku=\"BOOK-XMAS-UK\" aria-label=\"S\u00e9lectionner les options pour &ldquo;Livre de famille personnalis\u00e9 avec photos, Un No\u00ebl tr\u00e8s sp\u00e9cial&rdquo;\" rel=\"nofollow\">Choix des options<\/a><\/div>\t<span id=\"woocommerce_loop_add_to_cart_link_describedby_52507\" class=\"screen-reader-text\">\n\t\tCe produit a plusieurs variations. Les options peuvent \u00eatre choisies sur la page du produit\t<\/span>\n\t\t<\/div>\n\t<\/div>\n\t\t<\/div>\n<\/div><div class=\"product-small col has-hover product type-product post-53316 status-publish first instock product_cat-options-dimpression has-post-thumbnail taxable shipping-taxable purchasable product-type-variable\">\n\t<div class=\"col-inner\">\n\t\n<div class=\"badge-container absolute left top z-1\">\n\n<\/div>\n\t<div class=\"product-small box \">\n\t\t<div class=\"box-image\">\n\t\t\t<div class=\"image-fade_in_back\">\n\t\t\t\t<a href=\"https:\/\/saronti.com\/fr\/product\/livre-famille-premium-print\/\" aria-label=\"Livre photo de famille\">\n\t\t\t\t\t<img loading=\"lazy\" decoding=\"async\" width=\"86\" height=\"86\" src=\"https:\/\/saronti.com\/wp-content\/uploads\/2020\/09\/paperback3.jpg\" class=\"attachment-woocommerce_thumbnail size-woocommerce_thumbnail\" alt=\"Livre photo de famille\" \/>\t\t\t\t<\/a>\n\t\t\t<\/div>\n\t\t\t<div class=\"image-tools is-small top right show-on-hover\">\n\t\t\t\t\t\t\t<\/div>\n\t\t\t<div class=\"image-tools is-small hide-for-small bottom left show-on-hover\">\n\t\t\t\t\t\t\t<\/div>\n\t\t\t<div class=\"image-tools grid-tools text-center hide-for-small bottom hover-slide-in show-on-hover\">\n\t\t\t\t  <a class=\"quick-view\" data-prod=\"53316\" href=\"#quick-view\">Aper\u00e7u<\/a>\t\t\t<\/div>\n\t\t\t\t\t<\/div>\n\n\t\t<div class=\"box-text box-text-products\">\n\t\t\t<div class=\"title-wrapper\"><p class=\"name product-title woocommerce-loop-product__title\"><a href=\"https:\/\/saronti.com\/fr\/product\/livre-famille-premium-print\/\" class=\"woocommerce-LoopProduct-link woocommerce-loop-product__link\">Livre photo de famille<\/a><\/p><\/div><div class=\"price-wrapper\">\n\t<span class=\"price\"><span class=\"woocommerce-Price-amount amount\"><bdi><span class=\"woocommerce-Price-currencySymbol\">&euro;<\/span>20,99<\/bdi><\/span><\/span>\n<\/div><div class=\"add-to-cart-button\"><a href=\"https:\/\/saronti.com\/fr\/product\/livre-famille-premium-print\/\" aria-describedby=\"woocommerce_loop_add_to_cart_link_describedby_53316\" data-quantity=\"1\" class=\"primary is-small mb-0 button product_type_variable add_to_cart_button is-flat\" data-product_id=\"53316\" data-product_sku=\"FamilyBookOptions\" aria-label=\"S\u00e9lectionner les options pour &ldquo;Livre photo de famille&rdquo;\" rel=\"nofollow\">Choix des options<\/a><\/div>\t<span id=\"woocommerce_loop_add_to_cart_link_describedby_53316\" class=\"screen-reader-text\">\n\t\tCe produit a plusieurs variations. Les options peuvent \u00eatre choisies sur la page du produit\t<\/span>\n\t\t<\/div>\n\t<\/div>\n\t\t<\/div>\n<\/div><div class=\"product-small col has-hover product type-product post-53214 status-publish instock product_cat-pages-ludiques has-post-thumbnail purchasable product-type-simple\">\n\t<div class=\"col-inner\">\n\t\n<div class=\"badge-container absolute left top z-1\">\n\n<\/div>\n\t<div class=\"product-small box \">\n\t\t<div class=\"box-image\">\n\t\t\t<div class=\"image-fade_in_back\">\n\t\t\t\t<a href=\"https:\/\/saronti.com\/fr\/product\/pages-ludiques\/\" aria-label=\"Pages Ludiques\">\n\t\t\t\t\t<img loading=\"lazy\" decoding=\"async\" width=\"510\" height=\"510\" src=\"https:\/\/saronti.com\/wp-content\/uploads\/2021\/10\/PL-n15-cover-LR-510x510.jpg\" class=\"attachment-woocommerce_thumbnail size-woocommerce_thumbnail\" alt=\"Pages Ludiques\" srcset=\"https:\/\/saronti.com\/wp-content\/uploads\/2021\/10\/PL-n15-cover-LR-510x510.jpg 510w, https:\/\/saronti.com\/wp-content\/uploads\/2021\/10\/PL-n15-cover-LR-280x280.jpg 280w, https:\/\/saronti.com\/wp-content\/uploads\/2021\/10\/PL-n15-cover-LR-300x300.jpg 300w, https:\/\/saronti.com\/wp-content\/uploads\/2021\/10\/PL-n15-cover-LR-400x400.jpg 400w, https:\/\/saronti.com\/wp-content\/uploads\/2021\/10\/PL-n15-cover-LR-100x100.jpg 100w\" sizes=\"auto, (max-width: 510px) 100vw, 510px\" \/><img loading=\"lazy\" decoding=\"async\" width=\"510\" height=\"510\" src=\"https:\/\/saronti.com\/wp-content\/uploads\/2021\/10\/FR_Pages-Ludiques_15_HELLOPRINT5-510x510.jpg\" class=\"show-on-hover absolute fill hide-for-small back-image\" alt=\"\" srcset=\"https:\/\/saronti.com\/wp-content\/uploads\/2021\/10\/FR_Pages-Ludiques_15_HELLOPRINT5-510x510.jpg 510w, https:\/\/saronti.com\/wp-content\/uploads\/2021\/10\/FR_Pages-Ludiques_15_HELLOPRINT5-280x280.jpg 280w, https:\/\/saronti.com\/wp-content\/uploads\/2021\/10\/FR_Pages-Ludiques_15_HELLOPRINT5-300x300.jpg 300w, https:\/\/saronti.com\/wp-content\/uploads\/2021\/10\/FR_Pages-Ludiques_15_HELLOPRINT5-400x400.jpg 400w, https:\/\/saronti.com\/wp-content\/uploads\/2021\/10\/FR_Pages-Ludiques_15_HELLOPRINT5-600x600.jpg 600w, https:\/\/saronti.com\/wp-content\/uploads\/2021\/10\/FR_Pages-Ludiques_15_HELLOPRINT5-100x100.jpg 100w\" sizes=\"auto, (max-width: 510px) 100vw, 510px\" \/>\t\t\t\t<\/a>\n\t\t\t<\/div>\n\t\t\t<div class=\"image-tools is-small top right show-on-hover\">\n\t\t\t\t\t\t\t<\/div>\n\t\t\t<div class=\"image-tools is-small hide-for-small bottom left show-on-hover\">\n\t\t\t\t\t\t\t<\/div>\n\t\t\t<div class=\"image-tools grid-tools text-center hide-for-small bottom hover-slide-in show-on-hover\">\n\t\t\t\t  <a class=\"quick-view\" data-prod=\"53214\" href=\"#quick-view\">Aper\u00e7u<\/a>\t\t\t<\/div>\n\t\t\t\t\t<\/div>\n\n\t\t<div class=\"box-text box-text-products\">\n\t\t\t<div class=\"title-wrapper\"><p class=\"name product-title woocommerce-loop-product__title\"><a href=\"https:\/\/saronti.com\/fr\/product\/pages-ludiques\/\" class=\"woocommerce-LoopProduct-link woocommerce-loop-product__link\">Pages Ludiques<\/a><\/p><\/div><div class=\"price-wrapper\">\n\t<span class=\"price\"><span class=\"woocommerce-Price-amount amount\"><bdi><span class=\"woocommerce-Price-currencySymbol\">&euro;<\/span>12,90<\/bdi><\/span><\/span>\n<\/div><div class=\"add-to-cart-button\"><a href=\"\/fr\/wp-json\/wp\/v2\/pages\/50875?add-to-cart=53214\" aria-describedby=\"woocommerce_loop_add_to_cart_link_describedby_53214\" data-quantity=\"1\" class=\"primary is-small mb-0 button product_type_simple add_to_cart_button ajax_add_to_cart is-flat\" data-product_id=\"53214\" data-product_sku=\"PagesLudiques\" aria-label=\"Ajouter au panier\u00a0: &ldquo;Pages Ludiques&rdquo;\" rel=\"nofollow\" data-success_message=\"\u00ab\u00a0Pages Ludiques\u00a0\u00bb a \u00e9t\u00e9 ajout\u00e9 \u00e0 votre panier\" data-ajax_redirect=\"https:\/\/saronti.com\/fr\/panier\/\" role=\"button\">Ajouter au panier<\/a><\/div>\t<span id=\"woocommerce_loop_add_to_cart_link_describedby_53214\" class=\"screen-reader-text\">\n\t\t\t<\/span>\n\t\t<\/div>\n\t<\/div>\n\t\t<\/div>\n<\/div><div class=\"product-small col has-hover product type-product post-53092 status-publish last instock product_cat-options-dimpression has-post-thumbnail taxable shipping-taxable purchasable product-type-simple\">\n\t<div class=\"col-inner\">\n\t\n<div class=\"badge-container absolute left top z-1\">\n\n<\/div>\n\t<div class=\"product-small box \">\n\t\t<div class=\"box-image\">\n\t\t\t<div class=\"image-fade_in_back\">\n\t\t\t\t<a href=\"https:\/\/saronti.com\/fr\/product\/changer-pour-une-couverture-rigide\/\" aria-label=\"Mettre \u00e0 niveau vers une couverture rigide\">\n\t\t\t\t\t<img loading=\"lazy\" decoding=\"async\" width=\"100\" height=\"100\" src=\"https:\/\/saronti.com\/wp-content\/uploads\/2020\/09\/Hardback.jpg\" class=\"attachment-woocommerce_thumbnail size-woocommerce_thumbnail\" alt=\"Mettre \u00e0 niveau vers une couverture rigide\" \/>\t\t\t\t<\/a>\n\t\t\t<\/div>\n\t\t\t<div class=\"image-tools is-small top right show-on-hover\">\n\t\t\t\t\t\t\t<\/div>\n\t\t\t<div class=\"image-tools is-small hide-for-small bottom left show-on-hover\">\n\t\t\t\t\t\t\t<\/div>\n\t\t\t<div class=\"image-tools grid-tools text-center hide-for-small bottom hover-slide-in show-on-hover\">\n\t\t\t\t  <a class=\"quick-view\" data-prod=\"53092\" href=\"#quick-view\">Aper\u00e7u<\/a>\t\t\t<\/div>\n\t\t\t\t\t<\/div>\n\n\t\t<div class=\"box-text box-text-products\">\n\t\t\t<div class=\"title-wrapper\"><p class=\"name product-title woocommerce-loop-product__title\"><a href=\"https:\/\/saronti.com\/fr\/product\/changer-pour-une-couverture-rigide\/\" class=\"woocommerce-LoopProduct-link woocommerce-loop-product__link\">Mettre \u00e0 niveau vers une couverture rigide<\/a><\/p><\/div><div class=\"price-wrapper\">\n\t<span class=\"price\"><span class=\"woocommerce-Price-amount amount\"><bdi><span class=\"woocommerce-Price-currencySymbol\">&euro;<\/span>5,00<\/bdi><\/span><\/span>\n<\/div><div class=\"add-to-cart-button\"><a href=\"\/fr\/wp-json\/wp\/v2\/pages\/50875?add-to-cart=53092\" aria-describedby=\"woocommerce_loop_add_to_cart_link_describedby_53092\" data-quantity=\"1\" class=\"primary is-small mb-0 button product_type_simple add_to_cart_button ajax_add_to_cart is-flat\" data-product_id=\"53092\" data-product_sku=\"upgradeHB\" aria-label=\"Ajouter au panier\u00a0: &ldquo;Mettre \u00e0 niveau vers une couverture rigide&rdquo;\" rel=\"nofollow\" data-success_message=\"\u00ab\u00a0Mettre \u00e0 niveau vers une couverture rigide\u00a0\u00bb a \u00e9t\u00e9 ajout\u00e9 \u00e0 votre panier\" data-ajax_redirect=\"https:\/\/saronti.com\/fr\/panier\/\" role=\"button\">Ajouter au panier<\/a><\/div>\t<span id=\"woocommerce_loop_add_to_cart_link_describedby_53092\" class=\"screen-reader-text\">\n\t\t\t<\/span>\n\t\t<\/div>\n\t<\/div>\n\t\t<\/div>\n<\/div><\/div><!-- row -->\n<\/div>\n","protected":false},"excerpt":{"rendered":"<p>Oups, il semble que nous n&rsquo;ayons pas ce que vous cherchez. Notre Gigglescope recherche toujours de nouveaux produits, alors faites-nous savoir ce que vous aimeriez voir et nous en informerons l&rsquo;\u00e9quipe d\u00e8s que possible. Vous pouvez aussi parcourez nos livres et jeux personnalis\u00e9s amusants!<\/p>\n","protected":false},"author":2,"featured_media":0,"parent":0,"menu_order":0,"comment_status":"closed","ping_status":"closed","template":"","meta":{"footnotes":""},"class_list":["post-50875","page","type-page","status-publish","hentry"],"_links":{"self":[{"href":"https:\/\/saronti.com\/fr\/wp-json\/wp\/v2\/pages\/50875","targetHints":{"allow":["GET"]}}],"collection":[{"href":"https:\/\/saronti.com\/fr\/wp-json\/wp\/v2\/pages"}],"about":[{"href":"https:\/\/saronti.com\/fr\/wp-json\/wp\/v2\/types\/page"}],"author":[{"embeddable":true,"href":"https:\/\/saronti.com\/fr\/wp-json\/wp\/v2\/users\/2"}],"replies":[{"embeddable":true,"href":"https:\/\/saronti.com\/fr\/wp-json\/wp\/v2\/comments?post=50875"}],"version-history":[{"count":1,"href":"https:\/\/saronti.com\/fr\/wp-json\/wp\/v2\/pages\/50875\/revisions"}],"predecessor-version":[{"id":50876,"href":"https:\/\/saronti.com\/fr\/wp-json\/wp\/v2\/pages\/50875\/revisions\/50876"}],"wp:attachment":[{"href":"https:\/\/saronti.com\/fr\/wp-json\/wp\/v2\/media?parent=50875"}],"curies":[{"name":"wp","href":"https:\/\/api.w.org\/{rel}","templated":true}]}}