{"id":52326,"date":"2021-08-18T21:31:51","date_gmt":"2021-08-18T21:31:51","guid":{"rendered":"https:\/\/saronti.com\/jeux-de-devinez-qui-je-suis-personnalises\/"},"modified":"2021-08-18T21:32:00","modified_gmt":"2021-08-18T21:32:00","slug":"jeux-de-devinez-qui-je-suis-personnalises","status":"publish","type":"page","link":"https:\/\/saronti.com\/fr\/jeux-de-devinez-qui-je-suis-personnalises\/","title":{"rendered":"Jeux de cartes GUESS QUI JE SUIS personnalis\u00e9s"},"content":{"rendered":"<div class=\"row\"  id=\"row-1719992291\">\n\n\t<div id=\"col-1964449199\" class=\"col medium-9 small-12 large-9\"  >\n\t\t\t\t<div class=\"col-inner\"  >\n\t\t\t\n\t\t\t\n<h2>Jeux de cartes GUESS QUI JE SUIS personnalis\u00e9s<\/h2>\n\t\t<\/div>\n\t\t\t\t\n<style>\n#col-1964449199 > .col-inner {\n  margin: 0px 0px -20px 0px;\n}\n<\/style>\n\t<\/div>\n\n\t\n\n\t<div id=\"col-1480040437\" class=\"col medium-3 small-12 large-3\"  >\n\t\t\t\t<div class=\"col-inner\"  >\n\t\t\t\n\t\t\t\n<div class=\"social-icons share-icons share-row relative full-width text-left\" ><a href=\"whatsapp:\/\/send?text=Jeux%20de%20cartes%20GUESS%20QUI%20JE%20SUIS%20personnalis%C3%A9s - https:\/\/saronti.com\/fr\/jeux-de-devinez-qui-je-suis-personnalises\/\" data-action=\"share\/whatsapp\/share\" class=\"icon primary button circle tooltip whatsapp show-for-medium\" title=\"Partager sur WhatsApp\" aria-label=\"Partager sur WhatsApp\" ><i class=\"icon-whatsapp\" ><\/i><\/a><a href=\"https:\/\/www.facebook.com\/sharer.php?u=https:\/\/saronti.com\/fr\/jeux-de-devinez-qui-je-suis-personnalises\/\" data-label=\"Facebook\" onclick=\"window.open(this.href,this.title,'width=500,height=500,top=300px,left=300px'); return false;\" rel=\"noopener noreferrer nofollow\" target=\"_blank\" class=\"icon primary button circle tooltip facebook\" title=\"Partager sur Facebook\" aria-label=\"Partager sur Facebook\" ><i class=\"icon-facebook\" ><\/i><\/a><a href=\"https:\/\/twitter.com\/share?url=https:\/\/saronti.com\/fr\/jeux-de-devinez-qui-je-suis-personnalises\/\" onclick=\"window.open(this.href,this.title,'width=500,height=500,top=300px,left=300px'); return false;\" rel=\"noopener noreferrer nofollow\" target=\"_blank\" class=\"icon primary button circle tooltip twitter\" title=\"Partager sur Twitter\" aria-label=\"Partager sur Twitter\" ><i class=\"icon-twitter\" ><\/i><\/a><a href=\"mailto:?subject=Jeux%20de%20cartes%20GUESS%20QUI%20JE%20SUIS%20personnalis%C3%A9s&body=Check%20this%20out%3A%20https%3A%2F%2Fsaronti.com%2Ffr%2Fjeux-de-devinez-qui-je-suis-personnalises%2F\" rel=\"nofollow\" class=\"icon primary button circle tooltip email\" title=\"Envoyer par mail\" aria-label=\"Envoyer par mail\" ><i class=\"icon-envelop\" ><\/i><\/a><a href=\"https:\/\/pinterest.com\/pin\/create\/button?url=https:\/\/saronti.com\/fr\/jeux-de-devinez-qui-je-suis-personnalises\/&media&description=Jeux%20de%20cartes%20GUESS%20QUI%20JE%20SUIS%20personnalis%C3%A9s\" onclick=\"window.open(this.href,this.title,'width=500,height=500,top=300px,left=300px'); return false;\" rel=\"noopener noreferrer nofollow\" target=\"_blank\" class=\"icon primary button circle tooltip pinterest\" title=\"Epingler sur Pinterest\" aria-label=\"Epingler sur Pinterest\" ><i class=\"icon-pinterest\" ><\/i><\/a><a href=\"https:\/\/www.linkedin.com\/shareArticle?mini=true&url=https:\/\/saronti.com\/fr\/jeux-de-devinez-qui-je-suis-personnalises\/&title=Jeux%20de%20cartes%20GUESS%20QUI%20JE%20SUIS%20personnalis%C3%A9s\" onclick=\"window.open(this.href,this.title,'width=500,height=500,top=300px,left=300px'); return false;\" rel=\"noopener noreferrer nofollow\" target=\"_blank\" class=\"icon primary button circle tooltip linkedin\" title=\"Partager sur LinkedIn\" aria-label=\"Partager sur LinkedIn\" ><i class=\"icon-linkedin\" ><\/i><\/a><\/div>\n\t\t<\/div>\n\t\t\t\t\n<style>\n#col-1480040437 > .col-inner {\n  margin: 0px 0px -20px 0px;\n}\n<\/style>\n\t<\/div>\n\n\t\n\n\t<div id=\"col-1972702862\" class=\"col small-12 large-12\"  >\n\t\t\t\t<div class=\"col-inner\"  >\n\t\t\t\n\t\t\t\n<p>C&rsquo;est amusant de cr\u00e9er votre propre jeu de cartes personnalis\u00e9 DEVINEZ QUI JE SUIS avec Saronti. Incluez les visages et les noms de jusqu&rsquo;\u00e0 20 membres de la famille, des amis et m\u00eame des animaux de compagnie. Cr\u00e9ez vous-m\u00eame \u00e0 l&rsquo;aide de notre outil de bricolage, T\u00e9l\u00e9chargez gratuitement ou Payez pour une impression de haute qualit\u00e9. Cadeau unique d&rsquo;anniversaire, de No\u00ebl ou de voyage. Rires garantis \ud83d\ude42<\/p>\n\t\t<\/div>\n\t\t\t\t\n<style>\n#col-1972702862 > .col-inner {\n  margin: 0px 0px -22px 0px;\n}\n<\/style>\n\t<\/div>\n\n\t\n\n\t<div id=\"col-1653550877\" class=\"col medium-9 small-12 large-9\"  >\n\t\t\t\t<div class=\"col-inner\"  >\n\t\t\t\n\t\t\t\n\n  \n    <div class=\"row  equalize-box large-columns-2 medium-columns- small-columns- row-normal has-shadow row-box-shadow-2 row-box-shadow-4-hover\" >\n  \t\n\t     <div class=\"col\" >\n\t\t\t\t\t\t<div class=\"col-inner\">\n\t\t\t\t\t\t\n<div class=\"badge-container absolute left top z-1\">\n\n<\/div>\n\t\t\t\t\t\t<div class=\"product-small box has-hover box-normal box-text-bottom\">\n\t\t\t\t\t\t\t<div class=\"box-image\" >\n\t\t\t\t\t\t\t\t<div class=\"\" >\n\t\t\t\t\t\t\t\t\t<a href=\"https:\/\/saronti.com\/fr\/product\/devinez-qui-je-suis-jeu-de-cartes-stars-livre-contes\/\" aria-label=\"Devinez qui je suis - Jeu de cartes - Stars de livre de contes\">\n\t\t\t\t\t\t\t\t\t\t<img loading=\"lazy\" decoding=\"async\" width=\"510\" height=\"510\" src=\"https:\/\/saronti.com\/wp-content\/uploads\/2020\/02\/GUESS-WHO-I-AM_Storybook-Stars-family-personalised-playing-card-game2-510x510.jpg\" class=\"show-on-hover absolute fill hide-for-small back-image\" alt=\"devinez qui je joue aux cartes afficher\" srcset=\"https:\/\/saronti.com\/wp-content\/uploads\/2020\/02\/GUESS-WHO-I-AM_Storybook-Stars-family-personalised-playing-card-game2-510x510.jpg 510w, https:\/\/saronti.com\/wp-content\/uploads\/2020\/02\/GUESS-WHO-I-AM_Storybook-Stars-family-personalised-playing-card-game2-100x100.jpg 100w, https:\/\/saronti.com\/wp-content\/uploads\/2020\/02\/GUESS-WHO-I-AM_Storybook-Stars-family-personalised-playing-card-game2-400x400.jpg 400w, https:\/\/saronti.com\/wp-content\/uploads\/2020\/02\/GUESS-WHO-I-AM_Storybook-Stars-family-personalised-playing-card-game2-800x800.jpg 800w, https:\/\/saronti.com\/wp-content\/uploads\/2020\/02\/GUESS-WHO-I-AM_Storybook-Stars-family-personalised-playing-card-game2-280x280.jpg 280w, https:\/\/saronti.com\/wp-content\/uploads\/2020\/02\/GUESS-WHO-I-AM_Storybook-Stars-family-personalised-playing-card-game2-768x768.jpg 768w, https:\/\/saronti.com\/wp-content\/uploads\/2020\/02\/GUESS-WHO-I-AM_Storybook-Stars-family-personalised-playing-card-game2.jpg 1080w\" sizes=\"auto, (max-width: 510px) 100vw, 510px\" \/><img loading=\"lazy\" decoding=\"async\" width=\"510\" height=\"510\" src=\"https:\/\/saronti.com\/wp-content\/uploads\/2020\/02\/GUESS-WHO-I-AM_Storybook-Stars-family-personalised-playing-card-game-1-510x510.jpg\" class=\"attachment-woocommerce_thumbnail size-woocommerce_thumbnail\" alt=\"stars du livre de contes devinez qui je suis jeu de cartes\" srcset=\"https:\/\/saronti.com\/wp-content\/uploads\/2020\/02\/GUESS-WHO-I-AM_Storybook-Stars-family-personalised-playing-card-game-1-510x510.jpg 510w, https:\/\/saronti.com\/wp-content\/uploads\/2020\/02\/GUESS-WHO-I-AM_Storybook-Stars-family-personalised-playing-card-game-1-100x100.jpg 100w, https:\/\/saronti.com\/wp-content\/uploads\/2020\/02\/GUESS-WHO-I-AM_Storybook-Stars-family-personalised-playing-card-game-1-400x400.jpg 400w, https:\/\/saronti.com\/wp-content\/uploads\/2020\/02\/GUESS-WHO-I-AM_Storybook-Stars-family-personalised-playing-card-game-1-800x800.jpg 800w, https:\/\/saronti.com\/wp-content\/uploads\/2020\/02\/GUESS-WHO-I-AM_Storybook-Stars-family-personalised-playing-card-game-1-280x280.jpg 280w, https:\/\/saronti.com\/wp-content\/uploads\/2020\/02\/GUESS-WHO-I-AM_Storybook-Stars-family-personalised-playing-card-game-1-768x768.jpg 768w, https:\/\/saronti.com\/wp-content\/uploads\/2020\/02\/GUESS-WHO-I-AM_Storybook-Stars-family-personalised-playing-card-game-1.jpg 1080w\" sizes=\"auto, (max-width: 510px) 100vw, 510px\" \/>\t\t\t\t\t\t\t\t\t<\/a>\n\t\t\t\t\t\t\t\t\t\t\t\t\t\t\t\t\t\t \t\t\t\t\t\t\t\t<\/div>\n\t\t\t\t\t\t\t\t<div class=\"image-tools top right show-on-hover\">\n\t\t\t\t\t\t\t\t\t\t\t\t\t\t\t\t\t<\/div>\n\t\t\t\t\t\t\t\t\t\t\t\t\t\t\t\t\t<div class=\"image-tools grid-tools text-center hide-for-small bottom hover-slide-in show-on-hover\">\n\t\t\t\t\t\t\t\t\t\t\t\t\t\t\t\t\t\t\t<\/div>\n\t\t\t\t\t\t\t\t\t\t\t\t\t\t\t\t\t\t\t\t\t\t\t<\/div>\n\n\t\t\t\t\t\t\t<div class=\"box-text text-center\" >\n\t\t\t\t\t\t\t\t<div class=\"title-wrapper\"><p class=\"name product-title woocommerce-loop-product__title\"><a href=\"https:\/\/saronti.com\/fr\/product\/devinez-qui-je-suis-jeu-de-cartes-stars-livre-contes\/\" class=\"woocommerce-LoopProduct-link woocommerce-loop-product__link\">Devinez qui je suis &#8211; Jeu de cartes &#8211; Stars de livre de contes<\/a><\/p><\/div><div class=\"price-wrapper\"><\/div><div class=\"add-to-cart-button\"><a href=\"https:\/\/saronti.com\/fr\/product\/devinez-qui-je-suis-jeu-de-cartes-stars-livre-contes\/\" aria-describedby=\"woocommerce_loop_add_to_cart_link_describedby_53435\" data-quantity=\"1\" class=\"primary is-small mb-0 button product_type_variable add_to_cart_button is-flat\" data-product_id=\"53435\" data-product_sku=\"guess-who-card-game\" aria-label=\"S\u00e9lectionner les options pour &ldquo;Devinez qui je suis - Jeu de cartes - Stars de livre de contes&rdquo;\" rel=\"nofollow\">Choix des options<\/a><\/div>\t<span id=\"woocommerce_loop_add_to_cart_link_describedby_53435\" class=\"screen-reader-text\">\n\t\tCe produit a plusieurs variations. Les options peuvent \u00eatre choisies sur la page du produit\t<\/span>\n\t\t\t\t\t\t\t<\/div>\n\t\t\t\t\t\t<\/div>\n\t\t\t\t\t\t<\/div>\n\t\t\t\t\t<\/div><\/div>\n\t\t<\/div>\n\t\t\t\t\t<\/div>\n\n\t\n\n\t<div id=\"col-1039531998\" class=\"col medium-3 small-12 large-3\"  >\n\t\t\t\t<div class=\"col-inner\"  >\n\t\t\t\n\t\t\t\n  <div class=\"icon-box testimonial-box icon-box-left text-left\">\n                <div class=\"icon-box-text p-last-0\">\n          <div class=\"star-rating\"><span style=\"width:100%\"><strong class=\"rating\"><\/strong><\/span><\/div>  \t\t\t\t<div class=\"testimonial-text line-height-small italic test_text first-reset last-reset is-italic\">\n            \n<p><span style=\"font-weight: 400\">J\u2019ai re\u00e7u les cartes hier. Ils sont SUPER &#8211; appr\u00e9cier les photos de maman et papa \u00e9taient incertains &#8211; mais vous avez fait un travail fabuleux et je ne peux pas commencer \u00e0 vous dire combien je suis ravi. Un million de remerciements.<\/span><\/p>\n          <\/div>\n          <div class=\"testimonial-meta pt-half\">\n             <strong class=\"testimonial-name test_name\"><\/strong>\n                          <span class=\"testimonial-company test_company\"><\/span>\n          <\/div>\n        <\/div>\n  <\/div>\n\n  \n  <div class=\"icon-box testimonial-box icon-box-left text-left\">\n                <div class=\"icon-box-text p-last-0\">\n          <div class=\"star-rating\"><span style=\"width:100%\"><strong class=\"rating\"><\/strong><\/span><\/div>  \t\t\t\t<div class=\"testimonial-text line-height-small italic test_text first-reset last-reset is-italic\">\n            \n<p><span style=\"font-weight: 400\">Grand-p\u00e8re a ador\u00e9 son anniversaire surprise pressie. Les cartes Superhero Snap nous ont tous fait rire, surtout grand-m\u00e8re \ud83d\ude42 <\/span><\/p>\n          <\/div>\n          <div class=\"testimonial-meta pt-half\">\n             <strong class=\"testimonial-name test_name\"><\/strong>\n                          <span class=\"testimonial-company test_company\"><\/span>\n          <\/div>\n        <\/div>\n  <\/div>\n\n  \n  <div class=\"icon-box testimonial-box icon-box-left text-left\">\n                <div class=\"icon-box-text p-last-0\">\n          <div class=\"star-rating\"><span style=\"width:100%\"><strong class=\"rating\"><\/strong><\/span><\/div>  \t\t\t\t<div class=\"testimonial-text line-height-small italic test_text first-reset last-reset is-italic\">\n            \n<p><span style=\"font-weight: 400\">Je viens de recevoir les cartes de jeu dans le poste aujourd\u2019hui &#8211; je les aime absolument! Je vous remercie! <\/span><\/p>\n          <\/div>\n          <div class=\"testimonial-meta pt-half\">\n             <strong class=\"testimonial-name test_name\"><\/strong>\n                          <span class=\"testimonial-company test_company\"><\/span>\n          <\/div>\n        <\/div>\n  <\/div>\n\n  \n\t\t<\/div>\n\t\t\t\t\t<\/div>\n\n\t\n<\/div>\n<div class=\"row\"  id=\"row-952431708\">\n\n\t<div id=\"col-1481435297\" class=\"col small-12 large-12\"  >\n\t\t\t\t<div class=\"col-inner\"  >\n\t\t\t\n\t\t\t\n<h3>AIDE &amp; CONSEILS<\/h3>\n\t\t<\/div>\n\t\t\t\t\n<style>\n#col-1481435297 > .col-inner {\n  margin: 0px 0px -30px 0px;\n}\n<\/style>\n\t<\/div>\n\n\t\n\n\t<div id=\"col-90773890\" class=\"col hide-for-medium medium-6 small-12 large-6\"  >\n\t\t\t\t<div class=\"col-inner\"  >\n\t\t\t\n\t\t\t\n<h4>Comment d\u00e9couper des t\u00eates sur vos photos num\u00e9riques<\/h4>\n<div style=\"width: 1020px;\" class=\"wp-video\"><!--[if lt IE 9]><script>document.createElement('video');<\/script><![endif]-->\n<video class=\"wp-video-shortcode\" id=\"video-53435-1\" width=\"1020\" height=\"574\" preload=\"metadata\" controls=\"controls\"><source type=\"video\/mp4\" src=\"https:\/\/saronti.com\/wp-content\/uploads\/2020\/03\/How-to-add-and-cut-out-heads-from-your-digital-photos.mp4?_=1\" \/><a href=\"https:\/\/saronti.com\/wp-content\/uploads\/2020\/03\/How-to-add-and-cut-out-heads-from-your-digital-photos.mp4\">https:\/\/saronti.com\/wp-content\/uploads\/2020\/03\/How-to-add-and-cut-out-heads-from-your-digital-photos.mp4<\/a><\/video><\/div>\n\t\t<\/div>\n\t\t\t\t\t<\/div>\n\n\t\n\n\t<div id=\"col-917727049\" class=\"col medium-6 small-12 large-6\"  >\n\t\t\t\t<div class=\"col-inner\"  >\n\t\t\t\n\t\t\t\n<h4>Comment personnaliser votre propre jeu de cartes<\/h4>\n<div style=\"width: 1020px;\" class=\"wp-video\"><video class=\"wp-video-shortcode\" id=\"video-53435-2\" width=\"1020\" height=\"574\" preload=\"metadata\" controls=\"controls\"><source type=\"video\/mp4\" src=\"https:\/\/saronti.com\/wp-content\/uploads\/2020\/03\/How-to-create-your-own-personalised-card-game-and-download-it-for-free.mp4?_=2\" \/><a href=\"https:\/\/saronti.com\/wp-content\/uploads\/2020\/03\/How-to-create-your-own-personalised-card-game-and-download-it-for-free.mp4\">https:\/\/saronti.com\/wp-content\/uploads\/2020\/03\/How-to-create-your-own-personalised-card-game-and-download-it-for-free.mp4<\/a><\/video><\/div>\n\t\t<\/div>\n\t\t\t\t\t<\/div>\n\n\t\n\n\t<div id=\"col-175243605\" class=\"col hide-for-medium medium-6 small-12 large-6\"  >\n\t\t\t\t<div class=\"col-inner\"  >\n\t\t\t\n\t\t\t\n<h4>Comment imprimer plusieurs cartes sur une feuille de papier A4<\/h4>\n<div style=\"width: 848px;\" class=\"wp-video\"><video class=\"wp-video-shortcode\" id=\"video-53435-3\" width=\"848\" height=\"480\" preload=\"metadata\" controls=\"controls\"><source type=\"video\/mp4\" src=\"https:\/\/saronti.com\/wp-content\/uploads\/2020\/03\/How-to-print-several-cards-on-an-A4.mp4?_=3\" \/><a href=\"https:\/\/saronti.com\/wp-content\/uploads\/2020\/03\/How-to-print-several-cards-on-an-A4.mp4\">https:\/\/saronti.com\/wp-content\/uploads\/2020\/03\/How-to-print-several-cards-on-an-A4.mp4<\/a><\/video><\/div>\n\t\t<\/div>\n\t\t\t\t\t<\/div>\n\n\t\n\n\t<div id=\"col-1496318359\" class=\"col hide-for-medium medium-6 small-12 large-6\"  >\n\t\t\t\t<div class=\"col-inner\"  >\n\t\t\t\n\t\t\t\n<h4>Comment faire une bo\u00eete pour votre jeu de cartes<\/h4>\n<div style=\"width: 1020px;\" class=\"wp-video\"><video class=\"wp-video-shortcode\" id=\"video-53435-4\" width=\"1020\" height=\"574\" preload=\"metadata\" controls=\"controls\"><source type=\"video\/mp4\" src=\"https:\/\/saronti.com\/wp-content\/uploads\/2020\/04\/How-to-make-a-Saronti-card-game-box.mp4?_=4\" \/><a href=\"https:\/\/saronti.com\/wp-content\/uploads\/2020\/04\/How-to-make-a-Saronti-card-game-box.mp4\">https:\/\/saronti.com\/wp-content\/uploads\/2020\/04\/How-to-make-a-Saronti-card-game-box.mp4<\/a><\/video><\/div>\n\t\t<\/div>\n\t\t\t\t\t<\/div>\n\n\t\n\n<style>\n#row-952431708 > .col > .col-inner {\n  padding: 0px 0px 0px 0px;\n}\n<\/style>\n<\/div>\n","protected":false},"excerpt":{"rendered":"<p>Personnalisez ce jeu de cartes avec toute votre famille. Faites de votre enfant les 20 personnages, ou ajoutez maman, papa, fr\u00e8res et s\u0153urs, grands-parents, amis et m\u00eame des animaux de compagnie. Un cadeau unique pour anniversaire, No\u00ebl, une occasion sp\u00e9ciale ou un jeu de voyage. Rires garantis \ud83d\ude42<\/p>\n","protected":false},"author":2,"featured_media":0,"parent":0,"menu_order":0,"comment_status":"closed","ping_status":"closed","template":"","meta":{"footnotes":""},"class_list":["post-52326","page","type-page","status-publish","hentry"],"_links":{"self":[{"href":"https:\/\/saronti.com\/fr\/wp-json\/wp\/v2\/pages\/52326","targetHints":{"allow":["GET"]}}],"collection":[{"href":"https:\/\/saronti.com\/fr\/wp-json\/wp\/v2\/pages"}],"about":[{"href":"https:\/\/saronti.com\/fr\/wp-json\/wp\/v2\/types\/page"}],"author":[{"embeddable":true,"href":"https:\/\/saronti.com\/fr\/wp-json\/wp\/v2\/users\/2"}],"replies":[{"embeddable":true,"href":"https:\/\/saronti.com\/fr\/wp-json\/wp\/v2\/comments?post=52326"}],"version-history":[{"count":3,"href":"https:\/\/saronti.com\/fr\/wp-json\/wp\/v2\/pages\/52326\/revisions"}],"predecessor-version":[{"id":52329,"href":"https:\/\/saronti.com\/fr\/wp-json\/wp\/v2\/pages\/52326\/revisions\/52329"}],"wp:attachment":[{"href":"https:\/\/saronti.com\/fr\/wp-json\/wp\/v2\/media?parent=52326"}],"curies":[{"name":"wp","href":"https:\/\/api.w.org\/{rel}","templated":true}]}}