{"id":53466,"date":"2021-10-14T09:09:23","date_gmt":"2021-10-14T09:09:23","guid":{"rendered":"https:\/\/saronti.com\/validation\/nombre-de-personnes-animaux-animaux-jeu-de-cartes\/"},"modified":"2021-10-14T09:09:41","modified_gmt":"2021-10-14T09:09:41","slug":"nombre-de-personnes-animaux-animaux-jeu-de-cartes","status":"publish","type":"page","link":"https:\/\/saronti.com\/fr\/nombre-de-personnes-animaux-animaux-jeu-de-cartes\/","title":{"rendered":"Nombre de personnes\/animaux \u00e0 inclure dans votre jeu de cartes"},"content":{"rendered":"<div class=\"row\"  id=\"row-960502273\">\n\n\t<div id=\"col-1986489609\" class=\"col small-12 large-12\"  >\n\t\t\t\t<div class=\"col-inner\"  >\n\t\t\t\n\t\t\t\n<h2>Veuillez maintenant s\u00e9lectionner le nombre de personnes\/animaux que vous souhaitez inclure dans votre jeu. <strong><img decoding=\"async\" class=\"emoji\" role=\"img\" draggable=\"false\" src=\"https:\/\/s.w.org\/images\/core\/emoji\/13.0.0\/svg\/1f60d.svg\" alt=\"\ud83d\ude0d\"\/><\/strong><\/h2>\n<p><b>Nous d\u00e9couperons les visages des photos que vous fournissez et vous enverrons une \u00e9preuve avant qu\u2019elle ne soit imprim\u00e9e. Vous serez redirig\u00e9 vers un formulaire apr\u00e8s le paiement pour t\u00e9l\u00e9charger vos photos et informations. <\/b><\/p>\n\t\t<\/div>\n\t\t\t\t\n<style>\n#col-1986489609 > .col-inner {\n  margin: 12px 0px -29px 0px;\n}\n<\/style>\n\t<\/div>\n\n\t\n<\/div>\n<div class=\"is-divider divider clearfix\" style=\"margin-top:0.4em;margin-bottom:0.4em;max-width:100%;height:1px;\"><\/div>\n<div class=\"wcopc\"><\/div>\n","protected":false},"excerpt":{"rendered":"","protected":false},"author":2,"featured_media":0,"parent":0,"menu_order":0,"comment_status":"closed","ping_status":"closed","template":"","meta":{"footnotes":""},"class_list":["post-53466","page","type-page","status-publish","hentry"],"_links":{"self":[{"href":"https:\/\/saronti.com\/fr\/wp-json\/wp\/v2\/pages\/53466","targetHints":{"allow":["GET"]}}],"collection":[{"href":"https:\/\/saronti.com\/fr\/wp-json\/wp\/v2\/pages"}],"about":[{"href":"https:\/\/saronti.com\/fr\/wp-json\/wp\/v2\/types\/page"}],"author":[{"embeddable":true,"href":"https:\/\/saronti.com\/fr\/wp-json\/wp\/v2\/users\/2"}],"replies":[{"embeddable":true,"href":"https:\/\/saronti.com\/fr\/wp-json\/wp\/v2\/comments?post=53466"}],"version-history":[{"count":2,"href":"https:\/\/saronti.com\/fr\/wp-json\/wp\/v2\/pages\/53466\/revisions"}],"predecessor-version":[{"id":53468,"href":"https:\/\/saronti.com\/fr\/wp-json\/wp\/v2\/pages\/53466\/revisions\/53468"}],"wp:attachment":[{"href":"https:\/\/saronti.com\/fr\/wp-json\/wp\/v2\/media?parent=53466"}],"curies":[{"name":"wp","href":"https:\/\/api.w.org\/{rel}","templated":true}]}}