{"id":53778,"date":"2021-10-20T19:52:30","date_gmt":"2021-10-20T19:52:30","guid":{"rendered":"https:\/\/saronti.com\/termes-et-conditions\/"},"modified":"2021-10-20T19:52:47","modified_gmt":"2021-10-20T19:52:47","slug":"termes-et-conditions","status":"publish","type":"page","link":"https:\/\/saronti.com\/fr\/termes-et-conditions\/","title":{"rendered":"termes et conditions"},"content":{"rendered":"\n<p>En utilisant ce site Web et\/ou en passant une commande, vous acceptez d&rsquo;\u00eatre li\u00e9 par les conditions g\u00e9n\u00e9rales \u00e9nonc\u00e9es ci-dessous. Veuillez lire attentivement avant de passer une commande.<\/p>\n\n<p> Les conditions que vous lirez forment un contrat entre l&rsquo;utilisateur du site Web et Saronti. En passant une commande, vous les acceptez. Vous souhaiterez peut-\u00eatre imprimer ou enregistrer une copie de ceux-ci. Saronti se r\u00e9serve le droit de mettre \u00e0 jour ces conditions, avec un avenant dat\u00e9. <\/p>\n\n<p> Les conditions g\u00e9n\u00e9rales de vente de Saronti s&rsquo;appliqueront \u00e0 l&rsquo;exclusion de toutes autres conditions g\u00e9n\u00e9rales, \u00e0 moins qu&rsquo;un accord ne soit \u00e9crit et sign\u00e9 par un repr\u00e9sentant de Saronti et du Client.<\/p>\n\n<p> Tous les droits, y compris les droits d&rsquo;auteur, sur ce site Web sont la propri\u00e9t\u00e9 de Saronti. Toute utilisation du site ou de son contenu, y compris la copie ou le stockage de tout ou partie, autre que pour votre usage personnel et non commercial est interdite sans l&rsquo;autorisation \u00e9crite de Saronti.<\/p>\n\n<p>Saronti ne sera pas responsable envers quiconque de toute perte ou dommage pouvant r\u00e9sulter de l&rsquo;utilisation de l&rsquo;une des informations contenues dans l&rsquo;un des documents de ce site Web. Nous avons apport\u00e9 le plus grand soin au contenu de ce site. Dans la mesure permise par la loi applicable, vous acceptez que nous ne serons pas responsables envers vous\/ou tout tiers pour tout dommage indirect ou accessoire (y compris, mais sans s&rsquo;y limiter, la perte de revenus, la perte de b\u00e9n\u00e9fices, la perte d&rsquo;\u00e9conomies anticip\u00e9es, les d\u00e9penses gaspill\u00e9es , perte de confidentialit\u00e9 et perte de donn\u00e9es) ou de tout autre dommage indirect, sp\u00e9cial ou punitif, quel qu&rsquo;il soit, r\u00e9sultant de ou li\u00e9 au site Web de Saronti.<\/p>\n\n<p>Tous les prix indiqu\u00e9s sont en livres sterling britanniques. Les prix en ligne incluent la TVA (taxe sur la valeur ajout\u00e9e) le cas \u00e9ch\u00e9ant.<\/p>\n\n<p>Saronti est en droit d&rsquo;augmenter le prix des marchandises \u00e0 tout moment avant d&rsquo;imprimer le(s) produit(s) en raison de facteurs ind\u00e9pendants de sa volont\u00e9. Une fois le(s) produit(s) envoy\u00e9(s) \u00e0 l&rsquo;impression, Saronti honorera le prix conform\u00e9ment \u00e0 l&rsquo;accord de commande avec le client.<\/p>\n\n<p>Les marchandises sont soumises \u00e0 disponibilit\u00e9. Comme il existe un d\u00e9lai entre le moment o\u00f9 la commande est pass\u00e9e et le moment o\u00f9 la commande est accept\u00e9e, la position du stock relative \u00e0 un article particulier peut changer. Si un article que vous avez command\u00e9 devient en rupture de stock avant que nous n&rsquo;acceptions la commande, nous vous en informerons dans les plus brefs d\u00e9lais. Vous ne serez pas factur\u00e9 pour les articles en rupture de stock.<\/p>\n\n<p>Tous les efforts ont \u00e9t\u00e9 faits pour afficher avec pr\u00e9cision les couleurs de nos produits sur le site Web de Saronti. Cependant, nous ne pouvons garantir que les couleurs que vous voyez refl\u00e9teront avec pr\u00e9cision le produit car cela d\u00e9pendra de l&rsquo;affichage des couleurs par votre moniteur.<\/p>\n\n<p>Les contrats de vente de biens personnalis\u00e9s avec les propres photographies du client ne peuvent \u00eatre annul\u00e9s. Les remboursements ou les \u00e9changes ne peuvent pas \u00eatre offerts. Vos droits statuaires ne sont pas affect\u00e9s.<br \/>La qualit\u00e9 des articles achet\u00e9s peut d\u00e9pendre de la qualit\u00e9 de la photographie fournie \u00e0 l&rsquo;usage du client. Voir la page FAQ pour plus de d\u00e9tails sur les soumissions de photos num\u00e9riques. Nous ne pouvons garantir que votre article sera de la m\u00eame qualit\u00e9 que celui affich\u00e9 sur le site Web. Nous ferons de notre mieux pour vous conseiller \u00e0 l&rsquo;avance d&rsquo;accepter toute commande si la qualit\u00e9 de la photo n&rsquo;est pas ad\u00e9quate pour le meilleur transfert d&rsquo;image. Si le client souhaite toujours poursuivre la commande, nous n&rsquo;accepterons alors pas le retour des marchandises car elles ne correspondent \u00e0 aucun \u00e9chantillon.<\/p>\n\n<p><strong>les erreurs<\/strong><br \/>Saronti d\u00e9cline toute responsabilit\u00e9 en cas de saisie du client ou de fautes d&rsquo;orthographe sur les commandes. <\/p>\n\n<p><strong>Remboursements<\/strong><br \/>Pour toutes les marchandises, si dans le cas peu probable o\u00f9 vous n&rsquo;\u00eates pas enti\u00e8rement satisfait de votre achat, des remboursements ou des \u00e9changes ne peuvent \u00eatre offerts que si les marchandises ont \u00e9t\u00e9 endommag\u00e9es pendant le transport ou sont d\u00e9fectueuses de quelque mani\u00e8re que ce soit. S&rsquo;il y a un probl\u00e8me avec les marchandises, veuillez nous contacter. Nous traiterons la question conform\u00e9ment \u00e0 vos droits l\u00e9gaux. S&rsquo;il s&rsquo;av\u00e9rait n\u00e9cessaire de retourner les marchandises, nous vous serions reconnaissants si elles pouvaient \u00eatre emball\u00e9es de mani\u00e8re ad\u00e9quate pour un remboursement complet du paiement (y compris les frais de port d&rsquo;origine et de retour).<br \/>Nous ne pouvons \u00eatre tenus responsables de la non-r\u00e9ception des retours qui ne peuvent pas \u00eatre suivis.<\/p>\n\n<p>Les remboursements ne seront effectu\u00e9s que sur la carte de paiement d&rsquo;origine. Tous les remboursements seront effectu\u00e9s dans les 30 jours suivant la commande.<\/p>\n\n<p>Le consommateur a un devoir de diligence pour les produits pendant la p\u00e9riode de r\u00e9tractation afin qu&rsquo;un remboursement soit effectu\u00e9.<\/p>\n\n<p><strong>Paiement<\/strong><br \/>Le client doit payer toutes les marchandises avant l&rsquo;impression et l&rsquo;exp\u00e9dition en raison de la nature personnalis\u00e9e du commerce, sauf convention contraire \u00e9crite entre Saronti et le client.<\/p>\n\n<p>En effectuant le paiement, le client est d&rsquo;accord qu&rsquo;il est le titulaire du compte et que des fonds suffisants sont d\u00e9tenus pour honorer le paiement.<\/p>\n\n<p><strong>Images <\/strong><br \/>Saronti se r\u00e9serve le droit d&rsquo;annuler et de rembourser avec effet imm\u00e9diat toutes les commandes relatives aux images que Saronti consid\u00e8re comme prot\u00e9g\u00e9es par le droit d&rsquo;auteur. Saronti se r\u00e9serve le droit d&rsquo;annuler et de rembourser toute commande portant sur des images jug\u00e9es offensantes ou pr\u00e9judiciables \u00e0 la marque Saronti. <br \/>Saronti s&rsquo;efforcera d&rsquo;apporter des modifications aux commandes demand\u00e9es dans la mesure du possible. Cependant, si cette demande est re\u00e7ue apr\u00e8s l&rsquo;envoi du produit \u00e0 l&rsquo;impression, Saronti ne sera pas responsable du co\u00fbt d&rsquo;une r\u00e9impression.<\/p>\n\n<p><strong>Livraison<\/strong><br \/>Les dates de livraison fournies ne sont qu&rsquo;approximatives et Saronti n&rsquo;est pas responsable de la r\u00e9ception en temps voulu des marchandises une fois exp\u00e9di\u00e9es au client. A ce titre, les retards de livraison ne seront pas rembours\u00e9s et le paiement sera poursuivi en raison du caract\u00e8re personnalis\u00e9 de nos produits. Nos heures de travail sont du lundi au vendredi de 9h \u00e0 17h30. Nous n&rsquo;incluons pas les week-ends ou les jours f\u00e9ri\u00e9s dans les heures de travail indiqu\u00e9es \u00e0 des fins d&rsquo;impression et d&rsquo;exp\u00e9dition, bien que nous puissions travailler en dehors de ces heures et vous contacter en cons\u00e9quence au sujet de votre commande.<\/p>\n\n<p>Les commandes non re\u00e7ues dans les 7 jours ouvrables suivant l&rsquo;exp\u00e9dition doivent \u00eatre signal\u00e9es \u00e0 Saronti par courrier \u00e9lectronique. Si vous ne nous en informez pas dans ce d\u00e9lai, Saronti n&rsquo;acceptera aucune responsabilit\u00e9 pour les articles exp\u00e9di\u00e9s et non livr\u00e9s\/re\u00e7us. Si une livraison a \u00e9chou\u00e9 par le destinataire n&rsquo;\u00e9tant pas disponible et que les marchandises sont retourn\u00e9es \u00e0 Saronti, Saronti facturera des frais de renvoi bas\u00e9s sur les tarifs postaux en vigueur. Si l&rsquo;adresse fournie est incorrecte ou incompl\u00e8te, nous d\u00e9clinons toute responsabilit\u00e9 pour les articles non re\u00e7us. Une fois que vous avez re\u00e7u votre e-mail d&rsquo;exp\u00e9dition, vous devez surveiller la livraison des marchandises et contacter rapidement Saronti.<\/p>\n\n<p>Les frais de livraison doivent \u00eatre clairement affich\u00e9s avant de finaliser l&rsquo;achat. Ils indiqueront le prix actuel pour Royal Mail et, le cas \u00e9ch\u00e9ant, Courier.<\/p>\n\n<p>Tout contrat form\u00e9 dans le cadre de ces conditions de vente sera interpr\u00e9t\u00e9 et ex\u00e9cut\u00e9 conform\u00e9ment au droit anglais dans les tribunaux d&rsquo;Angleterre et du Pays de Galles.<\/p>\n","protected":false},"excerpt":{"rendered":"<p>En utilisant ce site Web et\/ou en passant une commande, vous acceptez d&rsquo;\u00eatre li\u00e9 par les conditions g\u00e9n\u00e9rales \u00e9nonc\u00e9es ci-dessous. Veuillez lire attentivement avant de passer une commande. Les conditions que vous lirez forment un contrat entre l&rsquo;utilisateur du site Web et Saronti. En passant une commande, vous les acceptez. Vous souhaiterez peut-\u00eatre imprimer ou [&#8230;]\n","protected":false},"author":2,"featured_media":0,"parent":0,"menu_order":0,"comment_status":"closed","ping_status":"closed","template":"","meta":{"footnotes":""},"class_list":["post-53778","page","type-page","status-publish","hentry"],"_links":{"self":[{"href":"https:\/\/saronti.com\/fr\/wp-json\/wp\/v2\/pages\/53778","targetHints":{"allow":["GET"]}}],"collection":[{"href":"https:\/\/saronti.com\/fr\/wp-json\/wp\/v2\/pages"}],"about":[{"href":"https:\/\/saronti.com\/fr\/wp-json\/wp\/v2\/types\/page"}],"author":[{"embeddable":true,"href":"https:\/\/saronti.com\/fr\/wp-json\/wp\/v2\/users\/2"}],"replies":[{"embeddable":true,"href":"https:\/\/saronti.com\/fr\/wp-json\/wp\/v2\/comments?post=53778"}],"version-history":[{"count":1,"href":"https:\/\/saronti.com\/fr\/wp-json\/wp\/v2\/pages\/53778\/revisions"}],"predecessor-version":[{"id":53779,"href":"https:\/\/saronti.com\/fr\/wp-json\/wp\/v2\/pages\/53778\/revisions\/53779"}],"wp:attachment":[{"href":"https:\/\/saronti.com\/fr\/wp-json\/wp\/v2\/media?parent=53778"}],"curies":[{"name":"wp","href":"https:\/\/api.w.org\/{rel}","templated":true}]}}