{"id":53780,"date":"2021-10-20T19:53:16","date_gmt":"2021-10-20T19:53:16","guid":{"rendered":"https:\/\/saronti.com\/politique-de-confidentialite\/"},"modified":"2021-10-20T19:53:31","modified_gmt":"2021-10-20T19:53:31","slug":"politique-de-confidentialite","status":"publish","type":"page","link":"https:\/\/saronti.com\/fr\/politique-de-confidentialite\/","title":{"rendered":"Politique de confidentialit\u00e9"},"content":{"rendered":"&#13;\n<p>A Saronti (<a href=\"http:\/\/yourdesign.co.uk\/\" rel=\"nofollow noopener\" target=\"_blank\"> saronti.com<\/a> ) nous nous engageons \u00e0 pr\u00e9server la confidentialit\u00e9 de tous nos clients et visiteurs, et ce faisant, nous travaillons dans le cadre des directives de la loi sur la protection des donn\u00e9es de 1998 (et r\u00e9vis\u00e9e) et du RGPD 2018. Veuillez lire la politique suivante pour comprendre comment nous utilisons et prot\u00e9geons les informations que vous nous fournissez. <\/p>&#13;\n&#13;\n<p>Le site Web et ses pages Web sont exploit\u00e9s par Saronti Limited, une soci\u00e9t\u00e9 enregistr\u00e9e en Angleterre et au Pays de Galles. Notre si\u00e8ge social est : 37 Stanstead Road, Hoddesdon, Hertfordshire, EN11 0PP. Le num\u00e9ro d&rsquo;enregistrement de notre soci\u00e9t\u00e9 est le 11906400.<\/p>&#13;\n&#13;\n<p>L&rsquo;objectif de cette politique est de d\u00e9finir les objectifs et la mani\u00e8re dont nous pouvons collecter et utiliser les informations personnelles que nous pouvons obtenir \u00e0 votre sujet. En vous inscrivant en tant qu&rsquo;utilisateur sur ce site Web et\/ou en utilisant ce site Web en g\u00e9n\u00e9ral, vous consentez et acceptez que nous utilisions vos informations conform\u00e9ment \u00e0 cette politique. Veuillez lire attentivement la politique.<\/p>&#13;\n&#13;\n<p>Votre utilisation du Site est \u00e9galement r\u00e9gie par les conditions g\u00e9n\u00e9rales du Site. Veuillez vous assurer que vous avez lu et compris ces termes et conditions en plus de cette politique.<\/p>&#13;\n&#13;\n<p>Les informations que nous collectons aupr\u00e8s de vous afin de vous fournir le niveau de service dont vous avez besoin sont :<\/p>&#13;\n&#13;\n<ul class=\"wp-block-list\">&#13;\n<li>Votre nom<\/li>&#13;\n<li>Votre adresse<\/li>&#13;\n<li>Votre adresse de livraison demand\u00e9e<\/li>&#13;\n<li>Votre adresse email<\/li>&#13;\n<li>Votre num\u00e9ro de t\u00e9l\u00e9phone<\/li>&#13;\n<li>Vos images nous sont transmises pour votre produit<\/li>&#13;\n<li>Vos informations nous sont transmises pour votre produit<\/li>&#13;\n<\/ul>&#13;\n&#13;\n<p>Aucune information de carte de cr\u00e9dit\/d\u00e9bit n&rsquo;est conserv\u00e9e par nous car les paiements sont collect\u00e9s et crypt\u00e9s par un fournisseur de paiement tiers. Le fournisseur tiers est r\u00e9glement\u00e9 et soumis \u00e0 des crit\u00e8res stricts et \u00e0 l&rsquo;obligation de prot\u00e9ger vos donn\u00e9es personnelles. Veuillez nous envoyer un e-mail si vous avez besoin de plus d&rsquo;informations \u00e0 ce sujet.<\/p>&#13;\n&#13;\n<p>Les images peuvent \u00eatre conserv\u00e9es dans votre \u00abcercle\u00bb pour d&rsquo;autres commandes de votre part. Si vous souhaitez sp\u00e9cifiquement que les images\/donn\u00e9es personnelles soient supprim\u00e9es de notre syst\u00e8me, veuillez nous envoyer un e-mail via notre page d&rsquo;aide.<\/p>&#13;\n&#13;\n<p>Toutes les informations que nous d\u00e9tenons sont stock\u00e9es de mani\u00e8re s\u00e9curis\u00e9e. Vous avez le droit de conna\u00eetre et de demander des d\u00e9tails sur toutes les donn\u00e9es d\u00e9tenues \u00e0 votre sujet et nous vous les fournirons dans les 5 jours ouvrables suivant une demande \u00e9crite.<\/p>&#13;\n&#13;\n<p>Toutes les informations d\u00e9tenues sont fournies par vous et sont aussi pr\u00e9cises que vous les fournissez. Si vous souhaitez obtenir une copie imprim\u00e9e de toutes les informations que nous d\u00e9tenons, veuillez nous \u00e9crire \u00e0 l&rsquo;adresse enregistr\u00e9e ci-dessus. Vous avez le droit de demander quelles donn\u00e9es nous d\u00e9tenons, comment nous les contr\u00f4lons et les traitons et combien de temps nous les conservons.<\/p>&#13;\n&#13;\n<p>Lorsque vous vous inscrivez\/et\/ou utilisez le site Web, nous pouvons utiliser les informations:<\/p>&#13;\n&#13;\n<ol class=\"wp-block-list\">&#13;\n<li>\u00e0 transmettre aux entreprises et organisations dont vous achetez les produits via le site Web, dans la mesure o\u00f9 elles ont besoin de ces informations pour ex\u00e9cuter votre commande<\/li>&#13;\n<li>pour remplir notre accord avec vous et pour traiter vos achats et obtenir le paiement;<\/li>&#13;\n<li>pour vous informer des changements et d\u00e9veloppements importants du site Web<\/li>&#13;\n<li>pour analyser vos pr\u00e9f\u00e9rences d&rsquo;achat (par exemple, analyse du march\u00e9, des clients et des produits) pour nous permettre de:<\/li>&#13;\n<li>pour vous envoyer des notifications par e-mail et des mises \u00e0 jour concernant votre achat;<\/li>&#13;\n<li>pour vous offrir une exp\u00e9rience de navigation personnalis\u00e9e lors de l&rsquo;utilisation du site Web;<\/li>&#13;\n<li>pour revoir, d\u00e9velopper et am\u00e9liorer les produits que nous proposons et pour nous permettre de vous fournir, ainsi qu&rsquo;\u00e0 d&rsquo;autres clients, des informations pertinentes par le biais de notre marketing<\/li>&#13;\n<li>lorsque vous y avez consenti, pour vous envoyer des informations sur nos produits, y compris des offres sp\u00e9ciales, des remises, que nous consid\u00e9rons susceptibles de vous int\u00e9resser, par l&rsquo;une des m\u00e9thodes suivantes : e-mail, SMS (et autres messages \u00e9lectroniques), r\u00e9seaux sociaux .<\/li>&#13;\n<\/ol>&#13;\n&#13;\n<p><strong>S\u00e9curit\u00e9 &#8211;<\/strong> Toutes les informations personnelles que nous d\u00e9tenons sont strictement confidentielles et nous prenons toutes les mesures raisonnables pour en pr\u00e9server la s\u00e9curit\u00e9. Nous conserverons vos donn\u00e9es aussi longtemps que la loi l&rsquo;exige ou que vous nous demandez de les supprimer. Vous devez cependant noter que malgr\u00e9 nos mesures, Internet n&rsquo;est pas un support s\u00e9curis\u00e9 et nous ne pouvons garantir \u00e0 100% la s\u00e9curit\u00e9 des donn\u00e9es que vous divulguez en ligne. Avec cela, vous acceptez les risques de s\u00e9curit\u00e9 inh\u00e9rents \u00e0 la fourniture d&rsquo;informations en ligne, comme vous le faites quotidiennement, et vous ne nous tiendrez pas responsable de toute violation de la s\u00e9curit\u00e9, sauf si cela est d\u00fb \u00e0 une n\u00e9gligence ou \u00e0 un d\u00e9faut d\u00e9lib\u00e9r\u00e9 de ou avec Saronti.<\/p>&#13;\n&#13;\n<p><strong>adresse IP<\/strong> &#8211; Votre navigateur g\u00e9n\u00e8re automatiquement un ensemble de chiffres constituant votre adresse de protocole Internet (adresse IP. Nous enregistrons automatiquement cela pour collecter le trafic de donn\u00e9es et nous aider \u00e0 diagnostiquer en cas de besoin tout probl\u00e8me de site Web.<\/p>&#13;\n&#13;\n<p><strong>Liste de diffusion \u2013<\/strong> nous n&rsquo;achetons ni ne partageons de listes de diffusion. Nous n&rsquo;envoyons pas d&rsquo;e-mails aux personnes qui ont demand\u00e9 \u00e0 quitter notre liste, et pour les personnes inscrites aux newsletters, n&rsquo;envoyons que des offres et des informations pertinentes. Si vous pensez que vous recevez du spam de notre part, veuillez nous le transmettre imm\u00e9diatement via notre page d&rsquo;aide. Nous avons des politiques de s\u00e9curit\u00e9 internes concernant vos donn\u00e9es personnelles pour les prot\u00e9ger contre le vol ou l&rsquo;utilisation abusive des employ\u00e9s. Vous pouvez refuser de recevoir de telles communications en suivant les instructions incluses dans chaque communication.<\/p>&#13;\n&#13;\n<p><strong>Pr\u00e9vention de la criminalit\u00e9<\/strong><\/p>&#13;\n&#13;\n<p>Afin de prot\u00e9ger nos clients et nous-m\u00eames contre la fraude et le vol, nous pouvons transmettre des informations que nous obtenons \u00e0 la suite de v\u00e9rifications d&rsquo;identit\u00e9 et d&rsquo;autres informations dans nos dossiers clients, y compris la fa\u00e7on dont vous g\u00e9rez votre compte, \u00e0 d&rsquo;autres soci\u00e9t\u00e9s impliqu\u00e9es dans la fraude. pr\u00e9vention et d\u00e9tection, \u00e0 utiliser de la m\u00eame mani\u00e8re. Nous pouvons \u00e9galement divulguer des informations et des donn\u00e9es vous concernant \u00e0 la police ou \u00e0 toute autorit\u00e9 r\u00e9glementaire ou gouvernementale en r\u00e9ponse \u00e0 toute demande \u00e0 laquelle nous sommes l\u00e9galement tenus de nous conformer, y compris les demandes li\u00e9es \u00e0 l&rsquo;enqu\u00eate sur toute activit\u00e9 ill\u00e9gale pr\u00e9sum\u00e9e.<\/p>&#13;\n&#13;\n<p>Si vous souhaitez plus d&rsquo;informations ou si vous avez une question ou une pr\u00e9occupation concernant notre politique de confidentialit\u00e9, n&rsquo;h\u00e9sitez pas \u00e0 nous envoyer un e-mail \u00e0<a href=\"mailto:help@saronti.com\"> help@saranti.com<\/a><\/p>&#13;\n&#13;\n<p><strong>Liste des cookies que nous collectons<\/strong><\/p>&#13;\n&#13;\n<ol class=\"wp-block-list\">&#13;\n<li>Cookies de premi\u00e8re partie<strong> &#8211;<\/strong> Nous configurons ces cookies et nous ne pouvons y acc\u00e9der que par nous<\/li>&#13;\n<li>Cookies de session &#8211; ceux-ci ne sont stock\u00e9s que temporairement pendant une session de navigation et seront supprim\u00e9s de votre appareil lorsque le navigateur est ferm\u00e9. <\/li>&#13;\n<li>Cookies tiers &#8211; Nous pouvons utiliser un certain nombre de fournisseurs tiers qui d\u00e9finissent \u00e9galement des cookies sur notre site Web afin de fournir les services qu&rsquo;ils fournissent. Ces cookies sont appel\u00e9s cookies tiers.<\/li>&#13;\n<li>Cookies persistants &#8211; ceux-ci seront enregistr\u00e9s sur votre ordinateur pendant une p\u00e9riode d\u00e9termin\u00e9e (g\u00e9n\u00e9ralement 1 an ou plus). Ils ne seront pas supprim\u00e9s \u00e0 la fermeture du navigateur. Nous utilisons des cookies persistants pour reconna\u00eetre votre appareil pendant plus d&rsquo;une session de navigation afin que vous n&rsquo;ayez pas \u00e0 ressaisir votre mot de passe chaque fois que vous visitez notre site Web, par exemple.<\/li>&#13;\n<\/ol>&#13;\n&#13;\n<p>Panier <br \/>Ce cookie est utilis\u00e9 pour enregistrer des articles dans votre panier, et vous permet de passer des commandes<\/p>&#13;\n&#13;\n<p>Cookie de session <br \/>Ce cookie est install\u00e9 lors de votre arriv\u00e9e sur le site. Ce cookie est supprim\u00e9 lorsque vous fermez votre navigateur.<\/p>&#13;\n&#13;\n<p>Connexion aux comptes <br \/>Ce cookie contient une cha\u00eene crypt\u00e9e qui vous permet de poursuivre votre commande ou pour nous de vous identifier lors de votre prochaine visite sur le site<\/p>&#13;\n&#13;\n<p>Google Analytics<br \/>Ces cookies collectent des informations sur la fa\u00e7on dont les visiteurs utilisent notre site Web. Nous utilisons les informations pour compiler des rapports d&rsquo;activit\u00e9 du site Web et am\u00e9liorer le site Web. Les cookies collectent des informations sous une forme anonyme, y compris le nombre de visiteurs sur le site Web, d&rsquo;o\u00f9 les visiteurs ont \u00e9t\u00e9 dirig\u00e9s et les pages qu&rsquo;ils ont visit\u00e9es.<\/p>&#13;\n&#13;\n<p>Agent utilisateur<br \/>Cela nous permet d&rsquo;optimiser notre site pour maximiser l&rsquo;exp\u00e9rience client<\/p>&#13;\n&#13;\n<p>Cookie de suivi <br \/>Cela nous permet de suivre votre parcours sur le Site, afin d&rsquo;am\u00e9liorer l&rsquo;exp\u00e9rience client<\/p>&#13;\n&#13;\n<p>Cookie d&rsquo;acceptation du site <br \/>Ce cookie est utilis\u00e9 pour enregistrer si un utilisateur a accept\u00e9 l&rsquo;utilisation de cookies sur le site Web.<\/p>&#13;\n&#13;\n<p>Outil de personnalisation <br \/>Permet \u00e0 l&rsquo;utilisateur d&rsquo;enregistrer le travail et de revenir \u00e0 une date ult\u00e9rieure<\/p>&#13;\n\r\n<div class=\"wp-block-columns has-2-columns is-layout-flex wp-container-core-columns-is-layout-9d6595d7 wp-block-columns-is-layout-flex\">\r\n<div class=\"wp-block-column is-layout-flow wp-block-column-is-layout-flow\">&#13;\n<p>\u00a0<\/p>&#13;\n<\/div>\r\n\r\n\r\n\r\n<div class=\"wp-block-column is-layout-flow wp-block-column-is-layout-flow\">&#13;\n<p>\u00a0<\/p>&#13;\n<\/div>\r\n<\/div>\r\n&#13;\n<p>\u00a0<\/p>&#13;\n&#13;\n<p>Votre consentement aux cookies<\/p>&#13;\n&#13;\n<p>En acceptant cette politique, vous consentez \u00e0 l&rsquo;utilisation de cookies par nous comme d\u00e9crit dans cette politique. Si vous souhaitez en savoir plus sur les cookies, veuillez cliquer sur ce lien<a href=\"http:\/\/www.allaboutcookies.org\/\" rel=\"nofollow noopener\" target=\"_blank\"> http:\/\/www.allaboutcookies.org\/<\/a> (mais n&rsquo;oubliez pas que nous ne sommes pas responsables du consentement ou de la fonctionnalit\u00e9 des sites Web externes).<\/p>&#13;\n&#13;\n<p>\u00a0<\/p>&#13;\n","protected":false},"excerpt":{"rendered":"<p>&#13; A Saronti ( saronti.com ) nous nous engageons \u00e0 pr\u00e9server la confidentialit\u00e9 de tous nos clients et visiteurs, et ce faisant, nous travaillons dans le cadre des directives de la loi sur la protection des donn\u00e9es de 1998 (et r\u00e9vis\u00e9e) et du RGPD 2018. Veuillez lire la politique suivante pour comprendre comment nous utilisons [&#8230;]\n","protected":false},"author":2,"featured_media":0,"parent":0,"menu_order":0,"comment_status":"closed","ping_status":"closed","template":"","meta":{"footnotes":""},"class_list":["post-53780","page","type-page","status-publish","hentry"],"_links":{"self":[{"href":"https:\/\/saronti.com\/fr\/wp-json\/wp\/v2\/pages\/53780","targetHints":{"allow":["GET"]}}],"collection":[{"href":"https:\/\/saronti.com\/fr\/wp-json\/wp\/v2\/pages"}],"about":[{"href":"https:\/\/saronti.com\/fr\/wp-json\/wp\/v2\/types\/page"}],"author":[{"embeddable":true,"href":"https:\/\/saronti.com\/fr\/wp-json\/wp\/v2\/users\/2"}],"replies":[{"embeddable":true,"href":"https:\/\/saronti.com\/fr\/wp-json\/wp\/v2\/comments?post=53780"}],"version-history":[{"count":1,"href":"https:\/\/saronti.com\/fr\/wp-json\/wp\/v2\/pages\/53780\/revisions"}],"predecessor-version":[{"id":53781,"href":"https:\/\/saronti.com\/fr\/wp-json\/wp\/v2\/pages\/53780\/revisions\/53781"}],"wp:attachment":[{"href":"https:\/\/saronti.com\/fr\/wp-json\/wp\/v2\/media?parent=53780"}],"curies":[{"name":"wp","href":"https:\/\/api.w.org\/{rel}","templated":true}]}}