{"id":62258,"date":"2023-07-04T13:53:41","date_gmt":"2023-07-04T13:53:41","guid":{"rendered":"https:\/\/saronti.com\/?page_id=62258"},"modified":"2023-07-06T10:40:24","modified_gmt":"2023-07-06T10:40:24","slug":"agreage","status":"publish","type":"page","link":"https:\/\/saronti.com\/fr\/agreage\/","title":{"rendered":"Agr\u00e9age"},"content":{"rendered":"\n\n\t\t\t\t<a href=\"https:\/\/agreage.fr\/\" target=\"_blank\" rel=\"noopener nofollow\" itemprop=\"url\">\n\t\t\t\t<img loading=\"lazy\" decoding=\"async\" src=\"https:\/\/saronti.com\/wp-content\/uploads\/2023\/07\/Agreage-logo-sans-fond.png\" alt=\"Agreage-logo-sans-fond\" itemprop=\"image\" height=\"960\" width=\"960\" title=\"Agreage-logo-sans-fond\" onerror=\"this.style.display='none'\"  \/>\n\t\t\t\t<\/a>\n<h5>\n\t\ten partenariat avec Saronti, vous pr\u00e9sente :\n\t<\/h5>\n\t<h1>Pages Ludiques,<br \/>\nun livre d\u2019activit\u00e9s trimestriel unique<br \/>\npour s\u00e9niors et familles !<\/h1>\n\t\t\t\t\t\t<figure>\n\t\t\t\t\t\t\t\t\t\t\t\t\t\t\t<img decoding=\"async\" src=\"https:\/\/saronti.com\/wp-content\/uploads\/2021\/10\/FR_Pages-Ludiques_Ete23.jpg\" alt=\"\" \/>\n\t\t\t\t\t\t\t\t\t\t\t\t\t<\/figure>\n\t\t\t\t\t\t<figure>\n\t\t\t\t\t\t\t\t\t\t\t\t\t\t\t<img decoding=\"async\" src=\"https:\/\/saronti.com\/wp-content\/uploads\/2021\/10\/FR_Pages-Ludiques_Printemps23_LR.jpg\" alt=\"\" \/>\n\t\t\t\t\t\t\t\t\t\t\t\t\t<\/figure>\n\t\t\t\t\t\t<figure>\n\t\t\t\t\t\t\t\t\t\t\t\t\t\t\t<img decoding=\"async\" src=\"https:\/\/saronti.com\/wp-content\/uploads\/2021\/09\/Pages-ludiques-livre-activites-seniors-automne-21.jpg\" alt=\"\" \/>\n\t\t\t\t\t\t\t\t\t\t\t\t\t<\/figure>\n\t\t\t\t\t\t<figure>\n\t\t\t\t\t\t\t\t\t\t\t\t\t\t\t<img decoding=\"async\" src=\"https:\/\/saronti.com\/wp-content\/uploads\/2021\/09\/Pages-ludiques-livre-activites-seniors-hiver-21.jpg\" alt=\"\" \/>\n\t\t\t\t\t\t\t\t\t\t\t\t\t<\/figure>\n\t\t\t\t\t\t<figure>\n\t\t\t\t\t\t\t\t\t\t\t\t\t\t\t<img decoding=\"async\" src=\"https:\/\/saronti.com\/wp-content\/uploads\/2021\/09\/Pages-ludiques-livre-activites-seniors-printemps-22-1.jpg\" alt=\"\" \/>\n\t\t\t\t\t\t\t\t\t\t\t\t\t<\/figure>\n\t\t\t\t\t\t<figure>\n\t\t\t\t\t\t\t\t\t\t\t\t\t\t\t<img decoding=\"async\" src=\"https:\/\/saronti.com\/wp-content\/uploads\/2021\/09\/Pages-ludiques-livre-activites-seniors-ete-22.jpg\" alt=\"\" \/>\n\t\t\t\t\t\t\t\t\t\t\t\t\t<\/figure>\n\t\t\t\t\t\t<figure>\n\t\t\t\t\t\t\t\t\t\t\t\t\t\t\t<img decoding=\"async\" src=\"https:\/\/saronti.com\/wp-content\/uploads\/2021\/09\/Pages-ludiques-livre-activites-seniors-automne-22-1.jpg\" alt=\"\" \/>\n\t\t\t\t\t\t\t\t\t\t\t\t\t<\/figure>\n\t\t\t\t\t\t<figure>\n\t\t\t\t\t\t\t\t\t\t\t\t\t\t\t<img decoding=\"async\" src=\"https:\/\/saronti.com\/wp-content\/uploads\/2021\/09\/Pages-ludiques-livre-activites-seniors-ete-21.jpg\" alt=\"\" \/>\n\t\t\t\t\t\t\t\t\t\t\t\t\t<\/figure>\n\t\t\t\t\t\t<!-- pagination -->\n\t<p>52 pages en couleurs avec des photos magnifiques, et des jeux de logique et de m\u00e9moire, pour stimuler ses capacit\u00e9s cognitives tout en s\u2019amusant. A faire tout seul ou en famille, avec des amis ou aidants, ce livre est accessible \u00e0 tous avec des jeux de difficult\u00e9s vari\u00e9es.<\/p>\n\t\t\t<a href=\"https:\/\/saronti.com\/fr\/product\/pages-ludiques\/\" target=\"_blank\" rel=\"noopener\">\n\t\t\t\t\t\t\tEN SAVOIR PLUS\n\t\t\t\t\t<\/a>\n\t<p>Vu sur Le Patriote, le Progr\u00e8s et Ouest France. Approuv\u00e9 par des professionnels de la g\u00e9rontologie, sophrologues et responsables d\u2019animations Ehpad, Pages Ludiques est aussi accessible aux personnes pr\u00e9sentant des troubles cognitifs.<\/p>\n\t\t\t\t<img loading=\"lazy\" decoding=\"async\" src=\"https:\/\/saronti.com\/wp-content\/uploads\/2021\/09\/pages-ludiques-vu-sur-le-progres-le-patriote-ouest-france.jpg\" alt=\"pages-ludiques-vu-sur-le-progres-le-patriote-ouest-france\" itemprop=\"image\" height=\"50\" width=\"459\" title=\"pages-ludiques-vu-sur-le-progres-le-patriote-ouest-france\" onerror=\"this.style.display='none'\"  \/>\n\n","protected":false},"excerpt":{"rendered":"<p>en partenariat avec Saronti, vous pr\u00e9sente : Pages Ludiques, un livre d\u2019activit\u00e9s trimestriel unique pour s\u00e9niors et familles ! 52 pages en couleurs avec des photos magnifiques, et des jeux de logique et de m\u00e9moire, pour stimuler ses capacit\u00e9s cognitives tout en s\u2019amusant. A faire tout seul ou en famille, avec des amis ou aidants, [&#8230;]\n","protected":false},"author":2,"featured_media":0,"parent":0,"menu_order":0,"comment_status":"closed","ping_status":"closed","template":"","meta":{"footnotes":""},"class_list":["post-62258","page","type-page","status-publish","hentry"],"_links":{"self":[{"href":"https:\/\/saronti.com\/fr\/wp-json\/wp\/v2\/pages\/62258","targetHints":{"allow":["GET"]}}],"collection":[{"href":"https:\/\/saronti.com\/fr\/wp-json\/wp\/v2\/pages"}],"about":[{"href":"https:\/\/saronti.com\/fr\/wp-json\/wp\/v2\/types\/page"}],"author":[{"embeddable":true,"href":"https:\/\/saronti.com\/fr\/wp-json\/wp\/v2\/users\/2"}],"replies":[{"embeddable":true,"href":"https:\/\/saronti.com\/fr\/wp-json\/wp\/v2\/comments?post=62258"}],"version-history":[{"count":4,"href":"https:\/\/saronti.com\/fr\/wp-json\/wp\/v2\/pages\/62258\/revisions"}],"predecessor-version":[{"id":62272,"href":"https:\/\/saronti.com\/fr\/wp-json\/wp\/v2\/pages\/62258\/revisions\/62272"}],"wp:attachment":[{"href":"https:\/\/saronti.com\/fr\/wp-json\/wp\/v2\/media?parent=62258"}],"curies":[{"name":"wp","href":"https:\/\/api.w.org\/{rel}","templated":true}]}}