{"id":66216,"date":"2024-12-12T11:15:42","date_gmt":"2024-12-12T11:15:42","guid":{"rendered":"https:\/\/saronti.com\/?page_id=66216"},"modified":"2025-06-26T08:46:51","modified_gmt":"2025-06-26T08:46:51","slug":"kitlivre","status":"publish","type":"page","link":"https:\/\/saronti.com\/fr\/kitlivre\/","title":{"rendered":"Kit Livre"},"content":{"rendered":"\r\n<p><img loading=\"lazy\" decoding=\"async\" title=\"KitLivre-cree-ton-livre-on-limprime-2\" src=\"https:\/\/saronti.com\/wp-content\/uploads\/2024\/12\/KitLivre-cree-ton-livre-on-limprime-2.png\" alt=\"KitLivre-cree-ton-livre-on-limprime-2\" width=\"190\" height=\"114\" \/><\/p>\r\n<h2>Bravo, vous \u00eates sur le point de publier votre propre livre !<\/h2>\r\n<p>Votre <strong>Kit Livre<\/strong>\u00a0comprend :<\/p>\r\n<ul>\r\n<li>Un mod\u00e8le de livre \u00e0 t\u00e9l\u00e9charger.<\/li>\r\n<li>Votre livre imprim\u00e9 en couleur et livr\u00e9 directement chez vous (frais d&rsquo;envois inclus).<\/li>\r\n<li>L&rsquo;option d&rsquo;ajouter votre livre sur notre <a href=\"https:\/\/saronti.com\/fr\/galerie-de-nos-jeunes-auteurs\/\" target=\"_blank\" rel=\"noopener\"><strong>Galerie en ligne <\/strong><\/a>\u00a0si vous le voulez.<\/li>\r\n<\/ul>\r\n<p><strong>Choisissez votre Kit Livre ci-dessous afin d&rsquo;acc\u00e9der \u00e0 l&rsquo;espace s\u00e9curis\u00e9 pour cr\u00e9er votre livre.<\/strong><\/p>\r\n<p><a href=\"https:\/\/saronti.com\/fr\/kit-livre-enfant-ecris-une-histoire-on-imprime-ton-livre\/\" target=\"_blank\" rel=\"noopener\"> <img loading=\"lazy\" decoding=\"async\" title=\"Kit-Livre-enfant-mon-histoire-illustr\u00e9e\" src=\"https:\/\/saronti.com\/wp-content\/uploads\/2024\/12\/Kit-Livre-enfant-mon-histoire-illustree.png\" alt=\"Kit-Livre-enfant-mon-histoire-illustr\u00e9e\" width=\"228\" height=\"95\" \/> <\/a><\/p>\r\n<p><strong>BIENTOT DISPONIBLE !<\/strong><\/p>\r\n<p><img loading=\"lazy\" decoding=\"async\" title=\"Kit-Livre-ado-adulte-mon-histoire-illustr\u00e9e\" src=\"https:\/\/saronti.com\/wp-content\/uploads\/2024\/12\/Kit-Livre-ado-adulte-mon-histoire-illustree.png\" alt=\"Kit-Livre-ado-adulte-mon-histoire-illustr\u00e9e\" width=\"228\" height=\"95\" \/> <img loading=\"lazy\" decoding=\"async\" title=\"Kit-Livre-famille-notre-famille\" src=\"https:\/\/saronti.com\/wp-content\/uploads\/2024\/12\/Kit-Livre-famille-notre-famille.png\" alt=\"Kit-Livre-famille-notre-famille\" width=\"157\" height=\"95\" \/> <img loading=\"lazy\" decoding=\"async\" title=\"Kit-Livre-recettes-de-famille\" src=\"https:\/\/saronti.com\/wp-content\/uploads\/2024\/12\/Kit-Livre-recettes-de-famille.png\" alt=\"Kit-Livre-recettes-de-famille\" width=\"248\" height=\"95\" \/><\/p>\r\n<p>Si vous n&rsquo;avez pas encore votre Kit Livre et que vous voulez en commander un, ou pour toutes questions, contactez nous par e-mail \u00e0 <a href=\"mailto:help@saronti.com\">help@saronti.com<\/a>, ou sur <a href=\"https:\/\/wa.me\/447957327322\/?text=Hi%20Saronti,\" target=\"_blank\" rel=\"noopener nofollow\">WhatsApp.<\/a><\/p>\r\n<p><img loading=\"lazy\" decoding=\"async\" title=\"Write-a-story-publish-your-own-book-5\" src=\"https:\/\/saronti.com\/wp-content\/uploads\/2021\/03\/Write-a-story-publish-your-own-book-5.jpg\" alt=\"Write-a-story-publish-your-own-book-5\" width=\"599\" height=\"113\" \/><\/p>\r\n","protected":false},"excerpt":{"rendered":"<p>Bravo, vous \u00eates sur le point de publier votre propre livre ! Votre Kit Livre\u00a0comprend : Un mod\u00e8le de livre \u00e0 t\u00e9l\u00e9charger. Votre livre imprim\u00e9 en couleur et livr\u00e9 directement chez vous (frais d&rsquo;envois inclus). L&rsquo;option d&rsquo;ajouter votre livre sur notre Galerie en ligne \u00a0si vous le voulez. Choisissez votre Kit Livre ci-dessous afin d&rsquo;acc\u00e9der [&#8230;]\n","protected":false},"author":2,"featured_media":0,"parent":0,"menu_order":0,"comment_status":"closed","ping_status":"closed","template":"","meta":{"footnotes":""},"class_list":["post-66216","page","type-page","status-publish","hentry"],"_links":{"self":[{"href":"https:\/\/saronti.com\/fr\/wp-json\/wp\/v2\/pages\/66216","targetHints":{"allow":["GET"]}}],"collection":[{"href":"https:\/\/saronti.com\/fr\/wp-json\/wp\/v2\/pages"}],"about":[{"href":"https:\/\/saronti.com\/fr\/wp-json\/wp\/v2\/types\/page"}],"author":[{"embeddable":true,"href":"https:\/\/saronti.com\/fr\/wp-json\/wp\/v2\/users\/2"}],"replies":[{"embeddable":true,"href":"https:\/\/saronti.com\/fr\/wp-json\/wp\/v2\/comments?post=66216"}],"version-history":[{"count":10,"href":"https:\/\/saronti.com\/fr\/wp-json\/wp\/v2\/pages\/66216\/revisions"}],"predecessor-version":[{"id":67183,"href":"https:\/\/saronti.com\/fr\/wp-json\/wp\/v2\/pages\/66216\/revisions\/67183"}],"wp:attachment":[{"href":"https:\/\/saronti.com\/fr\/wp-json\/wp\/v2\/media?parent=66216"}],"curies":[{"name":"wp","href":"https:\/\/api.w.org\/{rel}","templated":true}]}}