{"id":66319,"date":"2024-12-13T10:32:44","date_gmt":"2024-12-13T10:32:44","guid":{"rendered":"https:\/\/saronti.com\/envoyez-votre-article-confirmation-du-formulaire\/"},"modified":"2024-12-13T10:45:38","modified_gmt":"2024-12-13T10:45:38","slug":"formulaire-livre-recu-kit-livre-enfant","status":"publish","type":"page","link":"https:\/\/saronti.com\/fr\/formulaire-livre-recu-kit-livre-enfant\/","title":{"rendered":"Formulaire livre re\u00e7u &#8211; Kit Livre enfant"},"content":{"rendered":"\n\n\t\t\t\t<img loading=\"lazy\" decoding=\"async\" src=\"https:\/\/saronti.com\/wp-content\/uploads\/2024\/12\/Kit-Livre-enfant-mon-histoire-illustree.png\" alt=\"Kit-Livre-enfant-mon-histoire-illustr\u00e9e\" itemprop=\"image\" height=\"95\" width=\"228\" title=\"Kit-Livre-enfant-mon-histoire-illustr\u00e9e\" onerror=\"this.style.display='none'\"  \/>\n\t\t\t\t<img loading=\"lazy\" decoding=\"async\" src=\"https:\/\/saronti.com\/wp-content\/uploads\/2024\/12\/creer-son-livre.jpg\" alt=\"creer-son-livre\" itemprop=\"image\" height=\"116\" width=\"731\" title=\"creer-son-livre\" onerror=\"this.style.display='none'\"  \/>\n\t<h3><strong>Merci d&rsquo;avoir envoy\u00e9 ton livre. Nous t&rsquo;enverrons une \u00e9preuve PDF avant l&rsquo;impression. <\/strong><\/h3>\n<p>Consulte notre <a href=\"https:\/\/saronti.com\/fr\/galerie-de-nos-jeunes-auteurs\/\" target=\"_blank\" rel=\"noopener\">galerie des jeunes auteurs<\/a> ci-dessous pour voir les livres que d&rsquo;autres enfants ont cr\u00e9\u00e9s. Certains enfants sont m\u00eame all\u00e9s plus loin, et ont auto-publi\u00e9 leur livre. Certains l&rsquo;ont fait pour partager leur cr\u00e9ativit\u00e9, d&rsquo;autres pour soutenir leurs associations caritatives pr\u00e9f\u00e9r\u00e9es en vendant leurs livres pour r\u00e9colter des fonds.<\/p>\n<p>Si ceci t&rsquo;interesse, contacte nous \u00e0 <a href=\"mailto:help@saronti.com\">help@saronti.com<\/a>, ou sur\u00a0<a href=\"https:\/\/wa.me\/447957327322\/?text=Hi%20Saronti,\" target=\"_blank\" rel=\"noopener nofollow\">WhatsApp.<\/a><\/p>\n<h2>\n\t\t<a href=\"https:\/\/saronti.com\/fr\/galerie-de-nos-jeunes-auteurs\/\" title=\"Galerie des jeunes auteurs\" target=\"_self\" rel=\"noopener\">\n\t\tGalerie des jeunes auteurs\n\t\t<\/a>\n\t<\/h2>\n\t<p>Consultez notre galerie des jeunes auteurs pour voir les livres que les enfants ont cr\u00e9\u00e9s avec Saronti.<\/p>\n\t\t\t<a href=\"https:\/\/saronti.com\/fr\/galerie-de-nos-jeunes-auteurs\/\" target=\"_self\" rel=\"noopener\">\n\t\t\t\t\t\t\tVOIR LA GALERIE\n\t\t\t\t\t<\/a>\n\n","protected":false},"excerpt":{"rendered":"<p>Merci d&rsquo;avoir envoy\u00e9 ton livre. Nous t&rsquo;enverrons une \u00e9preuve PDF avant l&rsquo;impression. Consulte notre galerie des jeunes auteurs ci-dessous pour voir les livres que d&rsquo;autres enfants ont cr\u00e9\u00e9s. Certains enfants sont m\u00eame all\u00e9s plus loin, et ont auto-publi\u00e9 leur livre. Certains l&rsquo;ont fait pour partager leur cr\u00e9ativit\u00e9, d&rsquo;autres pour soutenir leurs associations caritatives pr\u00e9f\u00e9r\u00e9es en [&#8230;]\n","protected":false},"author":2,"featured_media":0,"parent":0,"menu_order":0,"comment_status":"closed","ping_status":"closed","template":"","meta":{"footnotes":""},"class_list":["post-66319","page","type-page","status-publish","hentry"],"_links":{"self":[{"href":"https:\/\/saronti.com\/fr\/wp-json\/wp\/v2\/pages\/66319","targetHints":{"allow":["GET"]}}],"collection":[{"href":"https:\/\/saronti.com\/fr\/wp-json\/wp\/v2\/pages"}],"about":[{"href":"https:\/\/saronti.com\/fr\/wp-json\/wp\/v2\/types\/page"}],"author":[{"embeddable":true,"href":"https:\/\/saronti.com\/fr\/wp-json\/wp\/v2\/users\/2"}],"replies":[{"embeddable":true,"href":"https:\/\/saronti.com\/fr\/wp-json\/wp\/v2\/comments?post=66319"}],"version-history":[{"count":6,"href":"https:\/\/saronti.com\/fr\/wp-json\/wp\/v2\/pages\/66319\/revisions"}],"predecessor-version":[{"id":66326,"href":"https:\/\/saronti.com\/fr\/wp-json\/wp\/v2\/pages\/66319\/revisions\/66326"}],"wp:attachment":[{"href":"https:\/\/saronti.com\/fr\/wp-json\/wp\/v2\/media?parent=66319"}],"curies":[{"name":"wp","href":"https:\/\/api.w.org\/{rel}","templated":true}]}}