{"id":66371,"date":"2024-12-18T12:24:08","date_gmt":"2024-12-18T12:24:08","guid":{"rendered":"https:\/\/saronti.com\/?page_id=66371"},"modified":"2025-06-26T08:49:10","modified_gmt":"2025-06-26T08:49:10","slug":"kit-livre-creer-un-livre-en-ligne-faire-imprimer","status":"publish","type":"page","link":"https:\/\/saronti.com\/fr\/kit-livre-creer-un-livre-en-ligne-faire-imprimer\/","title":{"rendered":"Kit Livre &#8211; Ecrivez une histoire, cr\u00e9er un livre, on l&rsquo;imprime, on vous l&rsquo;envoie !"},"content":{"rendered":"\r\n<p><img loading=\"lazy\" decoding=\"async\" title=\"KitLivre-cree-ton-livre-on-limprime-2\" src=\"https:\/\/saronti.com\/wp-content\/uploads\/2024\/12\/KitLivre-cree-ton-livre-on-limprime-2.png\" alt=\"KitLivre-cree-ton-livre-on-limprime-2\" width=\"190\" height=\"114\" \/> <img loading=\"lazy\" decoding=\"async\" title=\"Photo of pretty adorable girl wear stylish clothes hold hold pink heart shape empty space isolated on blue color background\" src=\"https:\/\/saronti.com\/wp-content\/uploads\/2024\/11\/fille-avec-kit-cree_ton-livre_enfant-3-scaled.jpg\" alt=\"Photo of pretty adorable girl wear stylish clothes hold hold pink heart shape empty space isolated on blue color background.\" width=\"2560\" height=\"2560\" \/><\/p>\r\n<h2>Ecrivez une histoire, cr\u00e9ez votre livre en ligne.<br \/>On l&rsquo;imprime, on vous l&rsquo;envoie !<\/h2>\r\n<p>Votre <strong>Kit Livre<\/strong>\u00a0comprend :<\/p>\r\n<ul>\r\n<li>Un mod\u00e8le de livre \u00e0 t\u00e9l\u00e9charger pour vous guider dans la mise en page de votre histoire et illustrations\/photos.<\/li>\r\n<li>Votre livre imprim\u00e9 en couleur et livr\u00e9 directement chez vous (frais d&rsquo;envois du livre inclus).<\/li>\r\n<li>L&rsquo;option d&rsquo;ajouter votre livre sur notre <a href=\"https:\/\/saronti.com\/fr\/galerie-de-nos-jeunes-auteurs\/\" target=\"_blank\" rel=\"noopener\"><strong>Galerie en ligne <\/strong><\/a>\u00a0si vous le voulez.<\/li>\r\n<\/ul>\r\n<p><strong>Choisissez votre Kit Livre ci-dessous:<\/strong><\/p>\r\n<p><a href=\"https:\/\/saronti.com\/fr\/product\/kit-livre-enfant-mon-hisoire-illustree-je-cree-mon-livre\/\" target=\"_blank\" rel=\"noopener\"> <img loading=\"lazy\" decoding=\"async\" title=\"Kit-Livre-enfant-mon-histoire-illustr\u00e9e\" src=\"https:\/\/saronti.com\/wp-content\/uploads\/2024\/12\/Kit-Livre-enfant-mon-histoire-illustree.png\" alt=\"Kit-Livre-enfant-mon-histoire-illustr\u00e9e\" width=\"228\" height=\"95\" \/> <\/a><\/p>\r\n<p><strong>BIENTOT DISPONIBLE !<\/strong><\/p>\r\n<p><img loading=\"lazy\" decoding=\"async\" title=\"Kit-Livre-ado-adulte-mon-histoire-illustr\u00e9e\" src=\"https:\/\/saronti.com\/wp-content\/uploads\/2024\/12\/Kit-Livre-ado-adulte-mon-histoire-illustree.png\" alt=\"Kit-Livre-ado-adulte-mon-histoire-illustr\u00e9e\" width=\"228\" height=\"95\" \/> <img loading=\"lazy\" decoding=\"async\" title=\"Kit-Livre-famille-notre-famille\" src=\"https:\/\/saronti.com\/wp-content\/uploads\/2024\/12\/Kit-Livre-famille-notre-famille.png\" alt=\"Kit-Livre-famille-notre-famille\" width=\"157\" height=\"95\" \/> <img loading=\"lazy\" decoding=\"async\" title=\"Kit-Livre-recettes-de-famille\" src=\"https:\/\/saronti.com\/wp-content\/uploads\/2024\/12\/Kit-Livre-recettes-de-famille.png\" alt=\"Kit-Livre-recettes-de-famille\" width=\"248\" height=\"95\" \/><\/p>\r\n<h3><a title=\"D\u00e9couvrez notre Galerie des Jeunes Auteurs\" href=\"https:\/\/saronti.com\/young-authors-gallery-b\/\" target=\"_self\" rel=\"noopener\"> D\u00e9couvrez notre Galerie des Jeunes Auteurs <\/a><\/h3>\r\n<p>Explorez les livres uniques que des enfants ont cr\u00e9\u00e9s ou auto-publi\u00e9s gr\u00e2ce \u00e0 Saronti. Chaque ouvrage est une \u0153uvre d&rsquo;imagination et de cr\u00e9ativit\u00e9, imprim\u00e9e avec soin pour devenir un souvenir pr\u00e9cieux.<\/p>\r\n<p><strong>Pourquoi visiter la Galerie ?<\/strong><\/p>\r\n<p>Inspirez votre enfant avec des exemples d&rsquo;histoires originales, admirez les cr\u00e9ations d&rsquo;autres jeunes auteurs et montrez \u00e0 votre enfant que son livre pourrait aussi y figurer !\u00a0\ud83d\udcd6 <strong>Un livre personnalis\u00e9 pour enfants<\/strong> qui pourrait rejoindre la galerie des jeunes talents.<\/p>\r\n<p><a target=\"_self\" rel=\"noopener\"> Voir la Gallerie &gt; <\/a><\/p>\r\n<p>Pour toutes questions, contactez nous par e-mail \u00e0 <a href=\"mailto:help@saronti.com\">help@saronti.com<\/a>, ou sur <a href=\"https:\/\/wa.me\/447957327322\/?text=Hi%20Saronti,\" target=\"_blank\" rel=\"noopener nofollow\">WhatsApp.<\/a><\/p>\r\n<p><img loading=\"lazy\" decoding=\"async\" title=\"Write-a-story-publish-your-own-book-5\" src=\"https:\/\/saronti.com\/wp-content\/uploads\/2021\/03\/Write-a-story-publish-your-own-book-5.jpg\" alt=\"Write-a-story-publish-your-own-book-5\" width=\"599\" height=\"113\" \/><\/p>\r\n","protected":false},"excerpt":{"rendered":"<p>Ecrivez une histoire, cr\u00e9ez votre livre en ligne.On l&rsquo;imprime, on vous l&rsquo;envoie ! Votre Kit Livre\u00a0comprend : Un mod\u00e8le de livre \u00e0 t\u00e9l\u00e9charger pour vous guider dans la mise en page de votre histoire et illustrations\/photos. Votre livre imprim\u00e9 en couleur et livr\u00e9 directement chez vous (frais d&rsquo;envois du livre inclus). L&rsquo;option d&rsquo;ajouter votre livre [&#8230;]\n","protected":false},"author":2,"featured_media":0,"parent":0,"menu_order":0,"comment_status":"closed","ping_status":"closed","template":"","meta":{"footnotes":""},"class_list":["post-66371","page","type-page","status-publish","hentry"],"_links":{"self":[{"href":"https:\/\/saronti.com\/fr\/wp-json\/wp\/v2\/pages\/66371","targetHints":{"allow":["GET"]}}],"collection":[{"href":"https:\/\/saronti.com\/fr\/wp-json\/wp\/v2\/pages"}],"about":[{"href":"https:\/\/saronti.com\/fr\/wp-json\/wp\/v2\/types\/page"}],"author":[{"embeddable":true,"href":"https:\/\/saronti.com\/fr\/wp-json\/wp\/v2\/users\/2"}],"replies":[{"embeddable":true,"href":"https:\/\/saronti.com\/fr\/wp-json\/wp\/v2\/comments?post=66371"}],"version-history":[{"count":7,"href":"https:\/\/saronti.com\/fr\/wp-json\/wp\/v2\/pages\/66371\/revisions"}],"predecessor-version":[{"id":67184,"href":"https:\/\/saronti.com\/fr\/wp-json\/wp\/v2\/pages\/66371\/revisions\/67184"}],"wp:attachment":[{"href":"https:\/\/saronti.com\/fr\/wp-json\/wp\/v2\/media?parent=66371"}],"curies":[{"name":"wp","href":"https:\/\/api.w.org\/{rel}","templated":true}]}}