{"id":52302,"date":"2020-09-24T13:34:23","date_gmt":"2021-08-18T21:15:30","guid":{"rendered":"https:\/\/saronti.com\/product\/carte-de-voeux-personnalisee\/"},"modified":"2021-08-18T21:15:30","modified_gmt":"2021-08-18T21:15:30","slug":"carte-de-voeux-personnalisee","status":"publish","type":"product","link":"https:\/\/saronti.com\/fr\/product\/carte-de-voeux-personnalisee\/","title":{"rendered":"Carte de voeux avec enveloppe"},"content":{"rendered":"","protected":false},"excerpt":{"rendered":"<p>Peut-il devenir plus personnel qu&rsquo;une carte de v\u0153ux personnalis\u00e9e ? Oui il peut. Ajoutez des visages et votre propre l\u00e9gende et laissez m\u00eame les enfants la colorier ! Tous nos coloriages et illustrations peuvent \u00eatre transform\u00e9s en cartes de v\u0153ux. Cartes de No\u00ebl, Cartes d&rsquo;anniversaire, Cartes de remerciement, Invitations\u2026 Dites-nous simplement quel message vous souhaitez et nous l&rsquo;ajouterons ! Disponible en A6, A5 et A4.<\/p>\n","protected":false},"featured_media":0,"comment_status":"open","ping_status":"closed","template":"","meta":[],"product_brand":[],"product_cat":[1922],"product_tag":[],"class_list":{"0":"post-52302","1":"product","2":"type-product","3":"status-publish","5":"product_cat-options-dimpression","6":"product_shipping_class-colis-de-premier-ordre","8":"first","9":"instock","10":"taxable","11":"shipping-taxable","12":"purchasable","13":"product-type-variable"},"_links":{"self":[{"href":"https:\/\/saronti.com\/fr\/wp-json\/wp\/v2\/product\/52302","targetHints":{"allow":["GET"]}}],"collection":[{"href":"https:\/\/saronti.com\/fr\/wp-json\/wp\/v2\/product"}],"about":[{"href":"https:\/\/saronti.com\/fr\/wp-json\/wp\/v2\/types\/product"}],"replies":[{"embeddable":true,"href":"https:\/\/saronti.com\/fr\/wp-json\/wp\/v2\/comments?post=52302"}],"wp:attachment":[{"href":"https:\/\/saronti.com\/fr\/wp-json\/wp\/v2\/media?parent=52302"}],"wp:term":[{"taxonomy":"product_brand","embeddable":true,"href":"https:\/\/saronti.com\/fr\/wp-json\/wp\/v2\/product_brand?post=52302"},{"taxonomy":"product_cat","embeddable":true,"href":"https:\/\/saronti.com\/fr\/wp-json\/wp\/v2\/product_cat?post=52302"},{"taxonomy":"product_tag","embeddable":true,"href":"https:\/\/saronti.com\/fr\/wp-json\/wp\/v2\/product_tag?post=52302"}],"curies":[{"name":"wp","href":"https:\/\/api.w.org\/{rel}","templated":true}]}}