{"id":52311,"date":"2020-09-28T16:12:27","date_gmt":"2021-08-18T21:24:25","guid":{"rendered":"https:\/\/saronti.com\/product\/bloc-dessin-personnalise\/"},"modified":"2021-08-18T21:25:25","modified_gmt":"2021-08-18T21:25:25","slug":"bloc-dessin-personnalise","status":"publish","type":"product","link":"https:\/\/saronti.com\/fr\/product\/bloc-dessin-personnalise\/","title":{"rendered":"Tampons"},"content":{"rendered":"","protected":false},"excerpt":{"rendered":"<p>Soyez encore plus sommaire avec un bloc \u00e0 dessin personnalis\u00e9. Choisissez d&rsquo;imprimer la couverture avant avec un caract\u00e8re en couleur ou un \u00e0 colorier. Ajoutez le visage et le nom de l&rsquo;enfant pour un cadeau unique garanti et beaucoup de rires. Disponible en format A4 et A5.<\/p>\n","protected":false},"featured_media":0,"comment_status":"open","ping_status":"closed","template":"","meta":[],"product_brand":[],"product_cat":[1922],"product_tag":[],"class_list":{"0":"post-52311","1":"product","2":"type-product","3":"status-publish","5":"product_cat-options-dimpression","6":"product_shipping_class-colis-de-premier-ordre","8":"first","9":"instock","10":"purchasable","11":"product-type-variable"},"_links":{"self":[{"href":"https:\/\/saronti.com\/fr\/wp-json\/wp\/v2\/product\/52311","targetHints":{"allow":["GET"]}}],"collection":[{"href":"https:\/\/saronti.com\/fr\/wp-json\/wp\/v2\/product"}],"about":[{"href":"https:\/\/saronti.com\/fr\/wp-json\/wp\/v2\/types\/product"}],"replies":[{"embeddable":true,"href":"https:\/\/saronti.com\/fr\/wp-json\/wp\/v2\/comments?post=52311"}],"wp:attachment":[{"href":"https:\/\/saronti.com\/fr\/wp-json\/wp\/v2\/media?parent=52311"}],"wp:term":[{"taxonomy":"product_brand","embeddable":true,"href":"https:\/\/saronti.com\/fr\/wp-json\/wp\/v2\/product_brand?post=52311"},{"taxonomy":"product_cat","embeddable":true,"href":"https:\/\/saronti.com\/fr\/wp-json\/wp\/v2\/product_cat?post=52311"},{"taxonomy":"product_tag","embeddable":true,"href":"https:\/\/saronti.com\/fr\/wp-json\/wp\/v2\/product_tag?post=52311"}],"curies":[{"name":"wp","href":"https:\/\/api.w.org\/{rel}","templated":true}]}}