{"id":52507,"date":"2019-12-30T23:08:39","date_gmt":"2021-08-30T19:49:06","guid":{"rendered":"https:\/\/saronti.com\/product\/livre-photo-un-noel-special\/"},"modified":"2023-03-29T19:56:57","modified_gmt":"2023-03-29T19:56:57","slug":"livre-famille-personnalisees-avec-photos-noel-special","status":"publish","type":"product","link":"https:\/\/saronti.com\/fr\/product\/livre-famille-personnalisees-avec-photos-noel-special\/","title":{"rendered":"Livre de famille personnalis\u00e9 avec photos, Un No\u00ebl tr\u00e8s sp\u00e9cial"},"content":{"rendered":"<h2 class=\"blue\">Riez en famille !!<\/h2>\n<p>Un No\u00ebl tr\u00e8s sp\u00e9cial, 32 pages de rigolades et une histoire amusante \u00e9crite en rimes. Les illustrations sont personnalis\u00e9es avec les photos des membres de votre famille et les pr\u00e9noms int\u00e9gr\u00e9s \u00e0 l&rsquo;histoire : vous avez la possibilit\u00e9 de choisir entre 2 et 12+ personnages. Le livre pr\u00e9f\u00e9r\u00e9 de vos enfants devient un bon moment de rire avec le reste de la famille !<\/p>\n<ul>\n<li>De\u00a0<strong>2 \u00e0 12+ membres de votre famille <\/strong>dans un livre<\/li>\n<li>N&rsquo;oubliez pas vos animaux de compagnie !<\/li>\n<li><strong>Histoire et illustrations personnalis\u00e9es<\/strong>\u00a0avec pr\u00e9noms et photos<\/li>\n<li>Adaptable \u00e0<strong>\u00a0tous styles de famille<\/strong><\/li>\n<li>Une page est r\u00e9serv\u00e9e pour\u00a0<strong>votre d\u00e9dicace<\/strong><\/li>\n<li>Couverture souple ou rigide<\/li>\n<\/ul>\n<p>Personnalisez ce livre d&rsquo;histoires amusant et rim\u00e9 avec les visages et les noms de votre famille\/amis. Un No\u00ebl sp\u00e9cial rassemble toute la famille. Rires garantis !<\/p>\n<p>Nous adaptons nos livre de famille \u00e0 TOUS les types de famille. N\u2019h\u00e9sitez pas \u00e0 nous contacter en cas de doute!<\/p>\n<p><img loading=\"lazy\" decoding=\"async\" class=\"alignnone size-full wp-image-53487\" src=\"https:\/\/saronti.com\/wp-content\/uploads\/2019\/12\/livre_personnalise_pour_enfants.jpg\" alt=\"\" width=\"536\" height=\"352\" srcset=\"https:\/\/saronti.com\/wp-content\/uploads\/2019\/12\/livre_personnalise_pour_enfants.jpg 536w, https:\/\/saronti.com\/wp-content\/uploads\/2019\/12\/livre_personnalise_pour_enfants-510x335.jpg 510w\" sizes=\"auto, (max-width: 536px) 100vw, 536px\" \/><\/p>\n<p>&nbsp;<\/p>\n<p>&nbsp;<\/p>\n","protected":false},"excerpt":{"rendered":"<p>Cr\u00e9ez votre propre livre de famille avec une histoires amusante et rim\u00e9e. Ce livre inclue les visages et pr\u00e9noms de toute la famille, amis et m\u00eame des animaux de compagnie. Rires garantis et souvenir m\u00e9morable!<\/p>\n<p>&nbsp;<\/p>\n","protected":false},"featured_media":53704,"comment_status":"open","ping_status":"closed","template":"","meta":[],"product_brand":[],"product_cat":[1966],"product_tag":[1967,1979,1976,1978,1969,1968,1977,1970],"class_list":{"0":"post-52507","1":"product","2":"type-product","3":"status-publish","4":"has-post-thumbnail","6":"product_cat-livres-photos-de-famille-personnalises","7":"product_tag-livre-de-famille-personnalise","8":"product_tag-livre-de-noel-personnalise-pour-enfants","9":"product_tag-livre-de-noel-pour-enfants","10":"product_tag-livre-de-noel-pour-enfants-fr","11":"product_tag-livre-photo-de-famille","12":"product_tag-livre-photo-de-famille-personnalise","13":"product_tag-livre-photo-de-noel-pour-enfants","14":"product_tag-livre-photo-personnalise","16":"first","17":"instock","18":"purchasable","19":"product-type-variable","20":"has-default-attributes"},"_links":{"self":[{"href":"https:\/\/saronti.com\/fr\/wp-json\/wp\/v2\/product\/52507","targetHints":{"allow":["GET"]}}],"collection":[{"href":"https:\/\/saronti.com\/fr\/wp-json\/wp\/v2\/product"}],"about":[{"href":"https:\/\/saronti.com\/fr\/wp-json\/wp\/v2\/types\/product"}],"replies":[{"embeddable":true,"href":"https:\/\/saronti.com\/fr\/wp-json\/wp\/v2\/comments?post=52507"}],"wp:featuredmedia":[{"embeddable":true,"href":"https:\/\/saronti.com\/fr\/wp-json\/wp\/v2\/media\/53704"}],"wp:attachment":[{"href":"https:\/\/saronti.com\/fr\/wp-json\/wp\/v2\/media?parent=52507"}],"wp:term":[{"taxonomy":"product_brand","embeddable":true,"href":"https:\/\/saronti.com\/fr\/wp-json\/wp\/v2\/product_brand?post=52507"},{"taxonomy":"product_cat","embeddable":true,"href":"https:\/\/saronti.com\/fr\/wp-json\/wp\/v2\/product_cat?post=52507"},{"taxonomy":"product_tag","embeddable":true,"href":"https:\/\/saronti.com\/fr\/wp-json\/wp\/v2\/product_tag?post=52507"}],"curies":[{"name":"wp","href":"https:\/\/api.w.org\/{rel}","templated":true}]}}