{"id":53214,"date":"2021-10-04T10:11:41","date_gmt":"2021-10-04T10:11:41","guid":{"rendered":"https:\/\/saronti.com\/?post_type=product&#038;p=53214"},"modified":"2026-02-17T13:03:47","modified_gmt":"2026-02-17T13:03:47","slug":"pages-ludiques","status":"publish","type":"product","link":"https:\/\/saronti.com\/fr\/product\/pages-ludiques\/","title":{"rendered":"Pages Ludiques"},"content":{"rendered":"<p>Vu sur Le Patriote, le Progr\u00e8s et Ouest France,\u00a0<span style=\"font-weight: 400;\">Pages Ludiques est un livre d&rsquo;activit\u00e9s trimestriel pour senior \u00e0 vocation interg\u00e9n\u00e9rationnel. Accessible \u00e0 tous, avec des jeux de difficult\u00e9s vari\u00e9es et des photos magnifiques, il favorise l&rsquo;\u00e9change entre g\u00e9n\u00e9rations, encourage la connexion avec les autres et l\u2019ouverture sur l&rsquo;ext\u00e9rieur. 52 pages de jeux de logique et de m\u00e9moire, actualit\u00e9s et culture, tout en couleur, pour tester les connaissances et stimuler les capacit\u00e9s cognitives sans infantiliser. A faire tout seul, en famille ou avec des amis. A offrir ou \u00e0 s&rsquo;offrir.<\/span><\/p>\n<p><span style=\"font-weight: 400;\">Ce livre encourage \u00e0 :\u00a0<\/span><\/p>\n<ul>\n<li style=\"font-weight: 400;\" aria-level=\"1\"><span style=\"font-weight: 400;\">Tester et partager ses connaissances, faire travailler sa m\u00e9moire : quizzes, chansons ancienne \u00e0 compl\u00e9ter<\/span><\/li>\n<li style=\"font-weight: 400;\" aria-level=\"1\"><span style=\"font-weight: 400;\">Stimuler ses capacit\u00e9s cognitives : jeux de logique, de mots, de chiffres, d\u2019images, coloriage<\/span><\/li>\n<li style=\"font-weight: 400;\" aria-level=\"1\"><span style=\"font-weight: 400;\">Rester connect\u00e9 et \u00e9changer avec les autres, petits et grands :\u00a0 Des jeux de difficult\u00e9s vari\u00e9es et des pages de charades et d\u2019humour contenteront toutes les g\u00e9n\u00e9rations dans le partage d\u2019un moment ludique et de d\u00e9tente dans une atmosph\u00e8re relax\u00e9e et positive.\u00a0<\/span><\/li>\n<li style=\"font-weight: 400;\" aria-level=\"1\"><span style=\"font-weight: 400;\">Garder un lien avec le monde ext\u00e9rieur : journ\u00e9es internationales, actualit\u00e9s, un nouveau pays ou une r\u00e9gion fran\u00e7aise dans chaque num\u00e9ro, calendrier d\u00e9tachable avec dates cl\u00e9s de la saison.<\/span><\/li>\n<li style=\"font-weight: 400;\" aria-level=\"1\"><span style=\"font-weight: 400;\">Un bien-\u00eatre physique et mental : une page avec des exercices de sophrologie.<\/span><\/li>\n<\/ul>\n<p><span style=\"font-weight: 400;\">Ce livre est adapt\u00e9 aux seniors car :\u00a0<\/span><\/p>\n<ul>\n<li style=\"font-weight: 400;\" aria-level=\"1\"><span style=\"font-weight: 400;\">Les caract\u00e8res sont gros et contrast\u00e9s pour faciliter la lecture<\/span><\/li>\n<li style=\"font-weight: 400;\" aria-level=\"1\"><span style=\"font-weight: 400;\">Les pages sont \u00e9paisses et ne se d\u00e9chirent pas facilement. Le papier est de haute qualit\u00e9 et respectueux de l&rsquo;environnement\u00a0<\/span><\/li>\n<li style=\"font-weight: 400;\" aria-level=\"1\"><span style=\"font-weight: 400;\">Les jeux sont de difficult\u00e9s vari\u00e9s et les r\u00e9ponses faciles \u00e0 trouver<\/span><\/li>\n<li style=\"font-weight: 400;\" aria-level=\"1\"><span style=\"font-weight: 400;\">N\u2019infantilise pas gr\u00e2ce \u00e0 une mise en page appropri\u00e9 avec des belles photos et pas d\u2019illustrations enfantines<\/span><\/li>\n<li style=\"font-weight: 400;\" aria-level=\"1\"><span style=\"font-weight: 400;\">52 pages agraf\u00e9es pour un livre facile \u00e0 ouvrir \u00e0 plat.<\/span><\/li>\n<\/ul>\n<p><span style=\"font-weight: 400;\">Approuv\u00e9 par des professionnels de la g\u00e9rontologie en animation, psychomotricit\u00e9 et aide \u00e0 domicile.<\/span>, Pages Ludiques est aussi accessible <span style=\"color: #333333; font-size: 14.4px;\">aux personnes avec troubles cognitifs.<\/span><\/p>\n","protected":false},"excerpt":{"rendered":"<p><span style=\"font-weight: 400;\">52 pages en couleurs avec des photos magnifiques et des jeux de logique et de m\u00e9moire, pour tester ses connaissances et stimuler ses capacit\u00e9s cognitives tout en s\u2019amusant. A chaque saison, un nouveau livre !<\/span><\/p>\n<p>Quiz, jeux de mots, jeux de chiffres, jeux d&rsquo;images, <span style=\"font-weight: 400;\">po\u00e8mes, <\/span>chansons, humour, actualit\u00e9s, bien-\u00eatre, coloriages et un calendrier de saison d\u00e9tachable avec des dates cl\u00e9s et une selection de journ\u00e9es internationales.<\/p>\n","protected":false},"featured_media":66823,"comment_status":"open","ping_status":"closed","template":"","meta":[],"product_brand":[],"product_cat":[2011],"product_tag":[],"class_list":{"0":"post-53214","1":"product","2":"type-product","3":"status-publish","4":"has-post-thumbnail","6":"product_cat-pages-ludiques","7":"product_shipping_class-pages-ludiques-fr","9":"first","10":"instock","11":"purchasable","12":"product-type-simple"},"_links":{"self":[{"href":"https:\/\/saronti.com\/fr\/wp-json\/wp\/v2\/product\/53214","targetHints":{"allow":["GET"]}}],"collection":[{"href":"https:\/\/saronti.com\/fr\/wp-json\/wp\/v2\/product"}],"about":[{"href":"https:\/\/saronti.com\/fr\/wp-json\/wp\/v2\/types\/product"}],"replies":[{"embeddable":true,"href":"https:\/\/saronti.com\/fr\/wp-json\/wp\/v2\/comments?post=53214"}],"wp:featuredmedia":[{"embeddable":true,"href":"https:\/\/saronti.com\/fr\/wp-json\/wp\/v2\/media\/66823"}],"wp:attachment":[{"href":"https:\/\/saronti.com\/fr\/wp-json\/wp\/v2\/media?parent=53214"}],"wp:term":[{"taxonomy":"product_brand","embeddable":true,"href":"https:\/\/saronti.com\/fr\/wp-json\/wp\/v2\/product_brand?post=53214"},{"taxonomy":"product_cat","embeddable":true,"href":"https:\/\/saronti.com\/fr\/wp-json\/wp\/v2\/product_cat?post=53214"},{"taxonomy":"product_tag","embeddable":true,"href":"https:\/\/saronti.com\/fr\/wp-json\/wp\/v2\/product_tag?post=53214"}],"curies":[{"name":"wp","href":"https:\/\/api.w.org\/{rel}","templated":true}]}}