{"id":53367,"date":"2019-10-20T08:22:16","date_gmt":"2021-10-13T23:03:33","guid":{"rendered":"https:\/\/saronti.com\/product\/54-pack-card-game-sporting-famille\/"},"modified":"2021-10-15T14:49:03","modified_gmt":"2021-10-15T14:49:03","slug":"jeu-de-54-cartes-famille-sportive","status":"publish","type":"product","link":"https:\/\/saronti.com\/fr\/product\/jeu-de-54-cartes-famille-sportive\/","title":{"rendered":"Jeu de 54 cartes Famille Sportive"},"content":{"rendered":"","protected":false},"excerpt":{"rendered":"<p>Personnalisez ce jeu de cartes avec toute votre famille. Faites de votre enfant les 13 personnages, ou ajoutez maman, papa, fr\u00e8res et s\u0153urs, grands-parents, amis et m\u00eame des animaux de compagnie. Un cadeau unique pour anniversaire, No\u00ebl, une occasion sp\u00e9ciale ou un jeu de voyage. Rires garantis \ud83d\ude42<\/p>\n","protected":false},"featured_media":53371,"comment_status":"closed","ping_status":"closed","template":"","meta":[],"product_brand":[],"product_cat":[2034,1960],"product_tag":[1956,1955,1952,1951,1953,1950,1954,1957],"class_list":{"0":"post-53367","1":"product","2":"type-product","3":"status-publish","4":"has-post-thumbnail","6":"product_cat-jeux-de-cartes-a-jouer-personnalises","7":"product_cat-paquet-de-54-cartes-a-jouer-personnalisees","8":"product_tag-cartes-photo","9":"product_tag-cartes-photo-pour-enfants","10":"product_tag-jeu-de-cartes-personnalise-pour-enfants","11":"product_tag-jeu-de-cartes-photo","12":"product_tag-jeu-de-cartes-photo-pour-enfants","13":"product_tag-jeux-de-cartes-personnalises","14":"product_tag-jeux-de-cartes-pour-enfants","15":"product_tag-paquet-de-cartes-personnalise","16":"product_shipping_class-ivoire","18":"first","19":"instock","20":"taxable","21":"shipping-taxable","22":"purchasable","23":"product-type-variable","24":"has-default-attributes"},"_links":{"self":[{"href":"https:\/\/saronti.com\/fr\/wp-json\/wp\/v2\/product\/53367","targetHints":{"allow":["GET"]}}],"collection":[{"href":"https:\/\/saronti.com\/fr\/wp-json\/wp\/v2\/product"}],"about":[{"href":"https:\/\/saronti.com\/fr\/wp-json\/wp\/v2\/types\/product"}],"replies":[{"embeddable":true,"href":"https:\/\/saronti.com\/fr\/wp-json\/wp\/v2\/comments?post=53367"}],"wp:featuredmedia":[{"embeddable":true,"href":"https:\/\/saronti.com\/fr\/wp-json\/wp\/v2\/media\/53371"}],"wp:attachment":[{"href":"https:\/\/saronti.com\/fr\/wp-json\/wp\/v2\/media?parent=53367"}],"wp:term":[{"taxonomy":"product_brand","embeddable":true,"href":"https:\/\/saronti.com\/fr\/wp-json\/wp\/v2\/product_brand?post=53367"},{"taxonomy":"product_cat","embeddable":true,"href":"https:\/\/saronti.com\/fr\/wp-json\/wp\/v2\/product_cat?post=53367"},{"taxonomy":"product_tag","embeddable":true,"href":"https:\/\/saronti.com\/fr\/wp-json\/wp\/v2\/product_tag?post=53367"}],"curies":[{"name":"wp","href":"https:\/\/api.w.org\/{rel}","templated":true}]}}