{"id":53385,"date":"2019-05-08T19:15:11","date_gmt":"2021-10-13T23:12:05","guid":{"rendered":"https:\/\/saronti.com\/product\/snap-card-game-superheroes-famille\/"},"modified":"2021-10-15T14:34:25","modified_gmt":"2021-10-15T14:34:25","slug":"jeu-de-cartes-snap-famille-super-heros","status":"publish","type":"product","link":"https:\/\/saronti.com\/fr\/product\/jeu-de-cartes-snap-famille-super-heros\/","title":{"rendered":"Jeu de cartes Snap Famille de Super-h\u00e9ros"},"content":{"rendered":"","protected":false},"excerpt":{"rendered":"<p>Personnalisez ce jeu de cartes avec toute votre famille. Faites de votre enfant les 9 personnages ou ajoutez maman, papa, fr\u00e8res et s\u0153urs, grands-parents, amis et m\u00eame des animaux domestiques. Un cadeau unique pour anniversaire, No\u00ebl, une occasion sp\u00e9ciale ou un jeu de voyage. Rires garantis \ud83d\ude42<\/p>\n","protected":false},"featured_media":27384,"comment_status":"closed","ping_status":"closed","template":"","meta":[],"product_brand":[],"product_cat":[2039,2034],"product_tag":[2038,2040,1952,2043,1951,1953,2044,2042,2041,1950],"class_list":{"0":"post-53385","1":"product","2":"type-product","3":"status-publish","4":"has-post-thumbnail","6":"product_cat-jeu-de-cartes-snap-personnalise","7":"product_cat-jeux-de-cartes-a-jouer-personnalises","8":"product_tag-cadeau-photo-de-famille","9":"product_tag-jeu-de-cartes-familial-personnalise","10":"product_tag-jeu-de-cartes-personnalise-pour-enfants","11":"product_tag-jeu-de-cartes-photo-fr","12":"product_tag-jeu-de-cartes-photo","13":"product_tag-jeu-de-cartes-photo-pour-enfants","14":"product_tag-jeu-de-cartes-snap-personnalise","15":"product_tag-jeu-de-cartes-snap-pour-enfants","16":"product_tag-jeu-de-photos-instantanees","17":"product_tag-jeux-de-cartes-personnalises","18":"product_shipping_class-ivoire","20":"first","21":"instock","22":"purchasable","23":"product-type-variable","24":"has-default-attributes"},"_links":{"self":[{"href":"https:\/\/saronti.com\/fr\/wp-json\/wp\/v2\/product\/53385","targetHints":{"allow":["GET"]}}],"collection":[{"href":"https:\/\/saronti.com\/fr\/wp-json\/wp\/v2\/product"}],"about":[{"href":"https:\/\/saronti.com\/fr\/wp-json\/wp\/v2\/types\/product"}],"replies":[{"embeddable":true,"href":"https:\/\/saronti.com\/fr\/wp-json\/wp\/v2\/comments?post=53385"}],"wp:featuredmedia":[{"embeddable":true,"href":"https:\/\/saronti.com\/fr\/wp-json\/wp\/v2\/media\/27384"}],"wp:attachment":[{"href":"https:\/\/saronti.com\/fr\/wp-json\/wp\/v2\/media?parent=53385"}],"wp:term":[{"taxonomy":"product_brand","embeddable":true,"href":"https:\/\/saronti.com\/fr\/wp-json\/wp\/v2\/product_brand?post=53385"},{"taxonomy":"product_cat","embeddable":true,"href":"https:\/\/saronti.com\/fr\/wp-json\/wp\/v2\/product_cat?post=53385"},{"taxonomy":"product_tag","embeddable":true,"href":"https:\/\/saronti.com\/fr\/wp-json\/wp\/v2\/product_tag?post=53385"}],"curies":[{"name":"wp","href":"https:\/\/api.w.org\/{rel}","templated":true}]}}