{"id":53401,"date":"2020-02-14T10:16:30","date_gmt":"2021-10-13T23:24:28","guid":{"rendered":"https:\/\/saronti.com\/product\/jeu-de-cartes-memoire-histoires-stars\/"},"modified":"2021-10-15T14:50:39","modified_gmt":"2021-10-15T14:50:39","slug":"jeu-de-cartes-memory-stars-de-livres-de-contes","status":"publish","type":"product","link":"https:\/\/saronti.com\/fr\/product\/jeu-de-cartes-memory-stars-de-livres-de-contes\/","title":{"rendered":"Jeu de cartes MEMORY -Stars de livre de contes"},"content":{"rendered":"<p>&nbsp;<\/p>\n<p>&nbsp;<\/p>\n<p>&nbsp;<\/p>\n<p>&nbsp;<\/p>\n<p>&nbsp;<\/p>\n","protected":false},"excerpt":{"rendered":"<p>Personnalisez ce jeu de cartes avec toute votre famille. Faites de votre enfant les 9 personnages, ou ajoutez maman, papa, fr\u00e8res et s\u0153urs, grands-parents, amis et m\u00eame des animaux de compagnie. Un cadeau unique pour anniversaire, No\u00ebl, une occasion sp\u00e9ciale ou un jeu de voyage. Rires garantis \ud83d\ude42<\/p>\n","protected":false},"featured_media":53405,"comment_status":"closed","ping_status":"closed","template":"","meta":[],"product_brand":[],"product_cat":[2045,2034],"product_tag":[2038,1962,1963,2040,2046,2047,1952,1951,2048,1953,1950,1961],"class_list":{"0":"post-53401","1":"product","2":"type-product","3":"status-publish","4":"has-post-thumbnail","6":"product_cat-jeu-de-cartes-memoire-personnalise","7":"product_cat-jeux-de-cartes-a-jouer-personnalises","8":"product_tag-cadeau-photo-de-famille","9":"product_tag-comptine","10":"product_tag-conte-de-fees","11":"product_tag-jeu-de-cartes-familial-personnalise","12":"product_tag-jeu-de-cartes-par-paires","13":"product_tag-jeu-de-cartes-personnalise-paires","14":"product_tag-jeu-de-cartes-personnalise-pour-enfants","15":"product_tag-jeu-de-cartes-photo","16":"product_tag-jeu-de-cartes-photo-paires","17":"product_tag-jeu-de-cartes-photo-pour-enfants","18":"product_tag-jeux-de-cartes-personnalises","19":"product_tag-journee-mondiale-du-livre","20":"product_shipping_class-ivoire","22":"first","23":"instock","24":"taxable","25":"shipping-taxable","26":"purchasable","27":"product-type-variable","28":"has-default-attributes"},"_links":{"self":[{"href":"https:\/\/saronti.com\/fr\/wp-json\/wp\/v2\/product\/53401","targetHints":{"allow":["GET"]}}],"collection":[{"href":"https:\/\/saronti.com\/fr\/wp-json\/wp\/v2\/product"}],"about":[{"href":"https:\/\/saronti.com\/fr\/wp-json\/wp\/v2\/types\/product"}],"replies":[{"embeddable":true,"href":"https:\/\/saronti.com\/fr\/wp-json\/wp\/v2\/comments?post=53401"}],"wp:featuredmedia":[{"embeddable":true,"href":"https:\/\/saronti.com\/fr\/wp-json\/wp\/v2\/media\/53405"}],"wp:attachment":[{"href":"https:\/\/saronti.com\/fr\/wp-json\/wp\/v2\/media?parent=53401"}],"wp:term":[{"taxonomy":"product_brand","embeddable":true,"href":"https:\/\/saronti.com\/fr\/wp-json\/wp\/v2\/product_brand?post=53401"},{"taxonomy":"product_cat","embeddable":true,"href":"https:\/\/saronti.com\/fr\/wp-json\/wp\/v2\/product_cat?post=53401"},{"taxonomy":"product_tag","embeddable":true,"href":"https:\/\/saronti.com\/fr\/wp-json\/wp\/v2\/product_tag?post=53401"}],"curies":[{"name":"wp","href":"https:\/\/api.w.org\/{rel}","templated":true}]}}