{"id":53407,"date":"2019-05-08T21:37:35","date_gmt":"2021-10-13T23:26:36","guid":{"rendered":"https:\/\/saronti.com\/product\/jeu-de-carte-memoire-action-famille\/"},"modified":"2021-10-15T14:51:45","modified_gmt":"2021-10-15T14:51:45","slug":"jeu-de-cartes-memory-famille-aventure","status":"publish","type":"product","link":"https:\/\/saronti.com\/fr\/product\/jeu-de-cartes-memory-famille-aventure\/","title":{"rendered":"Jeu de cartes MEMORY Famille Aventure"},"content":{"rendered":"","protected":false},"excerpt":{"rendered":"<p>Personnalisez ce jeu de cartes avec toute votre famille. Faites de votre enfant les 9 personnages, ou ajoutez maman, papa, fr\u00e8res et s\u0153urs, grands-parents, amis et m\u00eame des animaux de compagnie. Un cadeau unique pour anniversaire, No\u00ebl, une occasion sp\u00e9ciale ou un jeu de voyage. Rires garantis \ud83d\ude42<\/p>\n","protected":false},"featured_media":53411,"comment_status":"closed","ping_status":"closed","template":"","meta":[],"product_brand":[],"product_cat":[2045,2034],"product_tag":[2038,2049,2040,1952,1951,1953,1950],"class_list":{"0":"post-53407","1":"product","2":"type-product","3":"status-publish","4":"has-post-thumbnail","6":"product_cat-jeu-de-cartes-memoire-personnalise","7":"product_cat-jeux-de-cartes-a-jouer-personnalises","8":"product_tag-cadeau-photo-de-famille","9":"product_tag-jeu-de-carte-memoire","10":"product_tag-jeu-de-cartes-familial-personnalise","11":"product_tag-jeu-de-cartes-personnalise-pour-enfants","12":"product_tag-jeu-de-cartes-photo","13":"product_tag-jeu-de-cartes-photo-pour-enfants","14":"product_tag-jeux-de-cartes-personnalises","15":"product_shipping_class-ivoire","17":"first","18":"instock","19":"taxable","20":"shipping-taxable","21":"purchasable","22":"product-type-variable","23":"has-default-attributes"},"_links":{"self":[{"href":"https:\/\/saronti.com\/fr\/wp-json\/wp\/v2\/product\/53407","targetHints":{"allow":["GET"]}}],"collection":[{"href":"https:\/\/saronti.com\/fr\/wp-json\/wp\/v2\/product"}],"about":[{"href":"https:\/\/saronti.com\/fr\/wp-json\/wp\/v2\/types\/product"}],"replies":[{"embeddable":true,"href":"https:\/\/saronti.com\/fr\/wp-json\/wp\/v2\/comments?post=53407"}],"wp:featuredmedia":[{"embeddable":true,"href":"https:\/\/saronti.com\/fr\/wp-json\/wp\/v2\/media\/53411"}],"wp:attachment":[{"href":"https:\/\/saronti.com\/fr\/wp-json\/wp\/v2\/media?parent=53407"}],"wp:term":[{"taxonomy":"product_brand","embeddable":true,"href":"https:\/\/saronti.com\/fr\/wp-json\/wp\/v2\/product_brand?post=53407"},{"taxonomy":"product_cat","embeddable":true,"href":"https:\/\/saronti.com\/fr\/wp-json\/wp\/v2\/product_cat?post=53407"},{"taxonomy":"product_tag","embeddable":true,"href":"https:\/\/saronti.com\/fr\/wp-json\/wp\/v2\/product_tag?post=53407"}],"curies":[{"name":"wp","href":"https:\/\/api.w.org\/{rel}","templated":true}]}}