{"id":53425,"date":"2019-05-08T21:10:36","date_gmt":"2021-10-13T23:32:27","guid":{"rendered":"https:\/\/saronti.com\/product\/jeu-de-cartes-memoire-famille-fantastique-magique\/"},"modified":"2021-10-15T14:54:45","modified_gmt":"2021-10-15T14:54:45","slug":"jeu-de-cartes-memory-famille-magique","status":"publish","type":"product","link":"https:\/\/saronti.com\/fr\/product\/jeu-de-cartes-memory-famille-magique\/","title":{"rendered":"Jeu de cartes m\u00e9moire Magical Fantasy Family"},"content":{"rendered":"<p>Personnalisez ce pack de cartes Memory Magical Fantasy Family avec entre 1 et 9 faces. Faites de votre enfant les 9 personnages ou ajoutez maman, papa, fr\u00e8res et s\u0153urs, grands-parents et m\u00eame des animaux domestiques. Avec des coupures de 9, cela peut signifier que certains visages seront plac\u00e9s sur plus d\u2019un caract\u00e8re. T\u00e9l\u00e9chargez gratuitement, recevez une image num\u00e9rique ou payez pour le service de conception. Cadeau unique pour un anniversaire, No\u00ebl, une occasion sp\u00e9ciale ou un cadeau de voyage.<\/p>\n<p>Cet ensemble unique de cartes Memory Playing comprend :<\/p>\n<ul>\n<li>dans un choix de couleur de peau<\/li>\n<li>taille 6,5 cm x 9 cm<\/li>\n<li>Carte couch\u00e9e haute brillance 305 g\/m\u00b2<\/li>\n<\/ul>\n<p>Rires garantis \ud83d\ude42<\/p>\n<p>\u00a0<\/p>\n<p>\u00a0<\/p>\n<p>\u00a0<\/p>\n<p>\u00a0<\/p>\n<p>\u00a0<\/p>\n<p>\u00a0<\/p>\n","protected":false},"excerpt":{"rendered":"<p>Cr\u00e9ez votre propre jeu de m\u00e9moire Magical Fantasy Family. Incluez jusqu&rsquo;\u00e0 9 membres de la famille, des amis et m\u00eame des animaux de compagnie dans ce jeu de cartes m\u00e9moire. Avec un choix de couleur de peau, vous pouvez t\u00e9l\u00e9charger gratuitement, recevoir une image num\u00e9rique ou payer pour le service de conception. Cadeau unique d&rsquo;anniversaire, de No\u00ebl ou de voyage. Rires garantis !<\/p>\n<p>&nbsp;<\/p>\n","protected":false},"featured_media":0,"comment_status":"closed","ping_status":"closed","template":"","meta":[],"product_brand":[],"product_cat":[2045,2034],"product_tag":[2038,2049,2040,1952,1951,1953,1950],"class_list":{"0":"post-53425","1":"product","2":"type-product","3":"status-publish","5":"product_cat-jeu-de-cartes-memoire-personnalise","6":"product_cat-jeux-de-cartes-a-jouer-personnalises","7":"product_tag-cadeau-photo-de-famille","8":"product_tag-jeu-de-carte-memoire","9":"product_tag-jeu-de-cartes-familial-personnalise","10":"product_tag-jeu-de-cartes-personnalise-pour-enfants","11":"product_tag-jeu-de-cartes-photo","12":"product_tag-jeu-de-cartes-photo-pour-enfants","13":"product_tag-jeux-de-cartes-personnalises","14":"product_shipping_class-ivoire","16":"first","17":"instock","18":"taxable","19":"shipping-taxable","20":"purchasable","21":"product-type-variable","22":"has-default-attributes"},"_links":{"self":[{"href":"https:\/\/saronti.com\/fr\/wp-json\/wp\/v2\/product\/53425","targetHints":{"allow":["GET"]}}],"collection":[{"href":"https:\/\/saronti.com\/fr\/wp-json\/wp\/v2\/product"}],"about":[{"href":"https:\/\/saronti.com\/fr\/wp-json\/wp\/v2\/types\/product"}],"replies":[{"embeddable":true,"href":"https:\/\/saronti.com\/fr\/wp-json\/wp\/v2\/comments?post=53425"}],"wp:attachment":[{"href":"https:\/\/saronti.com\/fr\/wp-json\/wp\/v2\/media?parent=53425"}],"wp:term":[{"taxonomy":"product_brand","embeddable":true,"href":"https:\/\/saronti.com\/fr\/wp-json\/wp\/v2\/product_brand?post=53425"},{"taxonomy":"product_cat","embeddable":true,"href":"https:\/\/saronti.com\/fr\/wp-json\/wp\/v2\/product_cat?post=53425"},{"taxonomy":"product_tag","embeddable":true,"href":"https:\/\/saronti.com\/fr\/wp-json\/wp\/v2\/product_tag?post=53425"}],"curies":[{"name":"wp","href":"https:\/\/api.w.org\/{rel}","templated":true}]}}