{"id":53435,"date":"2020-02-14T10:58:23","date_gmt":"2021-10-13T23:34:56","guid":{"rendered":"https:\/\/saronti.com\/product\/devinez-qui-je-suis-jeu-de-cartes-histoires-stars\/"},"modified":"2021-10-15T14:38:10","modified_gmt":"2021-10-15T14:38:10","slug":"devinez-qui-je-suis-jeu-de-cartes-stars-livre-contes","status":"publish","type":"product","link":"https:\/\/saronti.com\/fr\/product\/devinez-qui-je-suis-jeu-de-cartes-stars-livre-contes\/","title":{"rendered":"Devinez qui je suis &#8211; Jeu de cartes &#8211; Stars de livre de contes"},"content":{"rendered":"<p>&nbsp;<\/p>\n<p>&nbsp;<\/p>\n<p>&nbsp;<\/p>\n<p>&nbsp;<\/p>\n<p>&nbsp;<\/p>\n","protected":false},"excerpt":{"rendered":"<p>Personnalisez ce jeu de cartes avec toute votre famille. Faites de votre enfant les 20 personnages, ou ajoutez maman, papa, fr\u00e8res et s\u0153urs, grands-parents, amis et m\u00eame des animaux de compagnie. Un cadeau unique pour anniversaire, No\u00ebl, une occasion sp\u00e9ciale ou un jeu de voyage. Rires garantis \ud83d\ude42<\/p>\n","protected":false},"featured_media":27383,"comment_status":"closed","ping_status":"closed","template":"","meta":[],"product_brand":[],"product_cat":[2051,2034],"product_tag":[1956,1955,1962,1963,2052,1952,1951,1953,1950,1954,1961,1957],"class_list":{"0":"post-53435","1":"product","2":"type-product","3":"status-publish","4":"has-post-thumbnail","6":"product_cat-jeu-de-cartes-devinez-qui-je-suis-personnalise","7":"product_cat-jeux-de-cartes-a-jouer-personnalises","8":"product_tag-cartes-photo","9":"product_tag-cartes-photo-pour-enfants","10":"product_tag-comptine","11":"product_tag-conte-de-fees","12":"product_tag-devinez-qui-je-suis","13":"product_tag-jeu-de-cartes-personnalise-pour-enfants","14":"product_tag-jeu-de-cartes-photo","15":"product_tag-jeu-de-cartes-photo-pour-enfants","16":"product_tag-jeux-de-cartes-personnalises","17":"product_tag-jeux-de-cartes-pour-enfants","18":"product_tag-journee-mondiale-du-livre","19":"product_tag-paquet-de-cartes-personnalise","20":"product_shipping_class-ivoire","22":"first","23":"instock","24":"taxable","25":"shipping-taxable","26":"purchasable","27":"product-type-variable","28":"has-default-attributes"},"_links":{"self":[{"href":"https:\/\/saronti.com\/fr\/wp-json\/wp\/v2\/product\/53435","targetHints":{"allow":["GET"]}}],"collection":[{"href":"https:\/\/saronti.com\/fr\/wp-json\/wp\/v2\/product"}],"about":[{"href":"https:\/\/saronti.com\/fr\/wp-json\/wp\/v2\/types\/product"}],"replies":[{"embeddable":true,"href":"https:\/\/saronti.com\/fr\/wp-json\/wp\/v2\/comments?post=53435"}],"wp:featuredmedia":[{"embeddable":true,"href":"https:\/\/saronti.com\/fr\/wp-json\/wp\/v2\/media\/27383"}],"wp:attachment":[{"href":"https:\/\/saronti.com\/fr\/wp-json\/wp\/v2\/media?parent=53435"}],"wp:term":[{"taxonomy":"product_brand","embeddable":true,"href":"https:\/\/saronti.com\/fr\/wp-json\/wp\/v2\/product_brand?post=53435"},{"taxonomy":"product_cat","embeddable":true,"href":"https:\/\/saronti.com\/fr\/wp-json\/wp\/v2\/product_cat?post=53435"},{"taxonomy":"product_tag","embeddable":true,"href":"https:\/\/saronti.com\/fr\/wp-json\/wp\/v2\/product_tag?post=53435"}],"curies":[{"name":"wp","href":"https:\/\/api.w.org\/{rel}","templated":true}]}}