{"id":53553,"date":"2020-07-31T17:04:14","date_gmt":"2021-10-14T23:19:21","guid":{"rendered":"https:\/\/saronti.com\/product\/livre-de-coloriage-personnalise-pour-les-garcons\/"},"modified":"2021-11-30T14:24:12","modified_gmt":"2021-11-30T14:24:12","slug":"livre-de-coloriage-coloriage-personnalise-pour-garcon","status":"publish","type":"product","link":"https:\/\/saronti.com\/fr\/product\/livre-de-coloriage-coloriage-personnalise-pour-garcon\/","title":{"rendered":"Livre de coloriage personnalis\u00e9 pour les gar\u00e7ons"},"content":{"rendered":"<div>Ajoutez un visage et un nom \u00e0 ce livre de coloriage personnalis\u00e9 pour gar\u00e7ons. 24 pages de Sports, Superheroes et Storybook Stars, que vous pouvez choisir de cr\u00e9er vous-m\u00eame, recevoir une image num\u00e9rique \u00e0 imprimer \u00e0 la maison, ou Payer pour le service de conception et laissez-nous le faire pour vous. Fait un grand cadeau pour quelqu&rsquo;un de sp\u00e9cial.<\/div>\n<div>\n<div>\n<div dir=\"ltr\" data-smartmail=\"gmail_signature\">\n<div dir=\"ltr\">\n<div>\n<div dir=\"ltr\">\n<div>\n<div dir=\"ltr\">\n<div dir=\"ltr\">\n<div dir=\"ltr\">\n<div dir=\"ltr\">\n<div dir=\"ltr\">\n<div dir=\"ltr\">Rires garantis !<\/div>\n<\/div>\n<\/div>\n<\/div>\n<\/div>\n<\/div>\n<\/div>\n<\/div>\n<\/div>\n<\/div>\n<\/div>\n<\/div>\n<\/div>\n","protected":false},"excerpt":{"rendered":"<p>Transformez votre enfant, ami ou m\u00eame grand-p\u00e8re dans ces 24 coloriages illustr\u00e9s, avec un visage et un nom\/l\u00e9gende de votre choix. T\u00e9l\u00e9chargez gratuitement, recevez une image num\u00e9rique ou payez pour le service de conception.Giggles garantis \ud83d\ude42<\/p>\n<p>&nbsp;<\/p>\n","protected":false},"featured_media":37406,"comment_status":"open","ping_status":"closed","template":"","meta":[],"product_brand":[],"product_cat":[2061],"product_tag":[2064,2062,2063,2059],"class_list":{"0":"post-53553","1":"product","2":"type-product","3":"status-publish","4":"has-post-thumbnail","6":"product_cat-livre-de-coloriage-personnalise","7":"product_tag-activite-pour-enfants","8":"product_tag-coloriage","9":"product_tag-coloriage-pour-enfants","10":"product_tag-livre-de-coloriage","12":"first","13":"instock","14":"taxable","15":"shipping-taxable","16":"purchasable","17":"product-type-variable","18":"has-default-attributes"},"_links":{"self":[{"href":"https:\/\/saronti.com\/fr\/wp-json\/wp\/v2\/product\/53553","targetHints":{"allow":["GET"]}}],"collection":[{"href":"https:\/\/saronti.com\/fr\/wp-json\/wp\/v2\/product"}],"about":[{"href":"https:\/\/saronti.com\/fr\/wp-json\/wp\/v2\/types\/product"}],"replies":[{"embeddable":true,"href":"https:\/\/saronti.com\/fr\/wp-json\/wp\/v2\/comments?post=53553"}],"wp:featuredmedia":[{"embeddable":true,"href":"https:\/\/saronti.com\/fr\/wp-json\/wp\/v2\/media\/37406"}],"wp:attachment":[{"href":"https:\/\/saronti.com\/fr\/wp-json\/wp\/v2\/media?parent=53553"}],"wp:term":[{"taxonomy":"product_brand","embeddable":true,"href":"https:\/\/saronti.com\/fr\/wp-json\/wp\/v2\/product_brand?post=53553"},{"taxonomy":"product_cat","embeddable":true,"href":"https:\/\/saronti.com\/fr\/wp-json\/wp\/v2\/product_cat?post=53553"},{"taxonomy":"product_tag","embeddable":true,"href":"https:\/\/saronti.com\/fr\/wp-json\/wp\/v2\/product_tag?post=53553"}],"curies":[{"name":"wp","href":"https:\/\/api.w.org\/{rel}","templated":true}]}}