{"id":65833,"date":"2024-11-29T13:56:58","date_gmt":"2024-11-29T13:56:58","guid":{"rendered":"https:\/\/saronti.com\/?post_type=product&#038;p=65833"},"modified":"2025-10-16T12:53:16","modified_gmt":"2025-10-16T12:53:16","slug":"kit-livre-enfant-mon-hisoire-illustree-je-cree-mon-livre","status":"publish","type":"product","link":"https:\/\/saronti.com\/fr\/product\/kit-livre-enfant-mon-hisoire-illustree-je-cree-mon-livre\/","title":{"rendered":"Kit Livre Enfant : Mon histoire illustr\u00e9e &#8211; Je cr\u00e9e mon livre"},"content":{"rendered":"<h4><strong>Le Kit Livre Enfant : Mon histoire illustr\u00e9e, c\u2019est quoi ?<\/strong><\/h4>\n<ul>\n<li>Un <strong>mod\u00e8le MS Word<\/strong> <strong>ou Google Slide<\/strong> facile \u00e0 utiliser, pour cr\u00e9er Son livre \u00e9tape par \u00e9tape.<\/li>\n<li>L\u2019impression professionnelle de son livre avec des finitions soign\u00e9es.<\/li>\n<li><strong>Personnalisation<\/strong> totale : texte et illustrations, \u00e0 vous de jouer !<\/li>\n<li><strong>Les frais d\u2019envoi du livre inclus<\/strong> dans le kit, rien \u00e0 ajouter, tout est compris.<\/li>\n<li>Option pour partager le livre dans notre <strong>galerie en ligne<\/strong> : une belle mani\u00e8re de partager son \u0153uvre avec d&rsquo;autres.<\/li>\n<\/ul>\n<hr \/>\n<h4><strong>Cr\u00e9ez un cadeau unique pour votre enfant<\/strong><\/h4>\n<ul>\n<li>\ud83d\udcda\u00a0<strong>Un livre rien que pour eux<\/strong> : Leurs histoires et dessins deviennent un magnifique livre.<\/li>\n<li>\u2728 <strong>Cr\u00e9atif et amusant<\/strong> : Un projet qui allie \u00e9criture, dessin et imagination.<\/li>\n<li>\ud83d\udca1 <strong>Une activit\u00e9 cr\u00e9ative pour toute la famille<\/strong> : Contribuez ensemble \u00e0 sa r\u00e9alisation.<\/li>\n<li>\u2764\ufe0f <strong>Un souvenir unique pour enfant<\/strong> : Offrez un cadeau qu\u2019ils garderont toute leur vie.<\/li>\n<\/ul>\n<hr \/>\n<h4><strong>Comment \u00e7a marche ?<\/strong><\/h4>\n<ol>\n<li><strong>T\u00e9l\u00e9chargez le mod\u00e8le de livre<\/strong> : un fichier Word qui vous guide pour organiser textes et dessins.<\/li>\n<li><strong>Personnalisez votre livre<\/strong> : Ajoutez vos contenus directement dans le fichier.<\/li>\n<li><strong>Envoyez-nous votre fichier compl\u00e9t\u00e9<\/strong> : Nous imprimons votre livre et l&rsquo;envoi par courrier est inclus.<\/li>\n<\/ol>\n<p>\ud83d\udc49 Vous avez des questions sur le kit ? Nous sommes l\u00e0 pour vous accompagner \u00e0 chaque \u00e9tape.<\/p>\n<hr \/>\n<h4><strong>Pourquoi choisir notre Kit Livre Enfant ?<\/strong><\/h4>\n<p>Nous sommes une entreprise locale qui met tout son c\u0153ur dans la r\u00e9alisation de vos projets.<\/p>\n<ul>\n<li>\ud83d\udcda <strong>Impression de qualit\u00e9.<\/strong><\/li>\n<li>\ud83e\udd1d <strong>Accompagnement personnalis\u00e9 \u00e0 chaque \u00e9tape.<\/strong><\/li>\n<li>\ud83c\udf0d <strong>Production responsable.<\/strong><\/li>\n<li>\ud83d\uddbc\ufe0f <strong>Partage dans notre galerie en ligne (optionnel).<\/strong><\/li>\n<\/ul>\n<hr \/>\n<h4><strong>D\u00e9tails techniques du Kit Livre Enfant :<\/strong><\/h4>\n<ul>\n<li><strong>Formats :<\/strong> Carr\u00e9 20x20m, A5 ou A4.<\/li>\n<li><strong>Couverture :<\/strong> Souple ou Rigide.<\/li>\n<li><strong>Options :<\/strong> Impression couleur, photo qualit\u00e9.<\/li>\n<\/ul>\n<hr \/>\n<p>&nbsp;<\/p>\n","protected":false},"excerpt":{"rendered":"<p><strong>Cr\u00e9ez un livre unique, imprim\u00e9 et livr\u00e9 chez vous ! !<\/strong><\/p>\n<p>Un cadeau personnalis\u00e9 unique, fait par vous, imprim\u00e9 par nous. Avec notre <strong>Kit Livre Enfant<\/strong>, transformez les histoires ou dessins de votre enfant en un <strong>livre personnalis\u00e9<\/strong>. Simple, accessible, et parfait pour garder un souvenir inoubliable.<\/p>\n","protected":false},"featured_media":65843,"comment_status":"open","ping_status":"closed","template":"","meta":[],"product_brand":[],"product_cat":[1920],"product_tag":[],"class_list":{"0":"post-65833","1":"product","2":"type-product","3":"status-publish","4":"has-post-thumbnail","6":"product_cat-kits-livres","8":"first","9":"instock","10":"taxable","11":"shipping-taxable","12":"purchasable","13":"product-type-variable"},"_links":{"self":[{"href":"https:\/\/saronti.com\/fr\/wp-json\/wp\/v2\/product\/65833","targetHints":{"allow":["GET"]}}],"collection":[{"href":"https:\/\/saronti.com\/fr\/wp-json\/wp\/v2\/product"}],"about":[{"href":"https:\/\/saronti.com\/fr\/wp-json\/wp\/v2\/types\/product"}],"replies":[{"embeddable":true,"href":"https:\/\/saronti.com\/fr\/wp-json\/wp\/v2\/comments?post=65833"}],"wp:featuredmedia":[{"embeddable":true,"href":"https:\/\/saronti.com\/fr\/wp-json\/wp\/v2\/media\/65843"}],"wp:attachment":[{"href":"https:\/\/saronti.com\/fr\/wp-json\/wp\/v2\/media?parent=65833"}],"wp:term":[{"taxonomy":"product_brand","embeddable":true,"href":"https:\/\/saronti.com\/fr\/wp-json\/wp\/v2\/product_brand?post=65833"},{"taxonomy":"product_cat","embeddable":true,"href":"https:\/\/saronti.com\/fr\/wp-json\/wp\/v2\/product_cat?post=65833"},{"taxonomy":"product_tag","embeddable":true,"href":"https:\/\/saronti.com\/fr\/wp-json\/wp\/v2\/product_tag?post=65833"}],"curies":[{"name":"wp","href":"https:\/\/api.w.org\/{rel}","templated":true}]}}